{"id":1184,"date":"2023-06-07T14:54:06","date_gmt":"2023-06-07T12:54:06","guid":{"rendered":"https:\/\/szalaparti-eger.edu.hu\/teszt\/?page_id=1184"},"modified":"2026-03-25T08:11:21","modified_gmt":"2026-03-25T07:11:21","slug":"orokos-okoiskola","status":"publish","type":"page","link":"https:\/\/szalaparti-eger.hu\/en\/orokos-okoiskola\/","title":{"rendered":"\u00d6r\u00f6k\u00f6s \u00d6koiskola"},"content":{"rendered":"<div data-elementor-type=\"wp-page\" data-elementor-id=\"1184\" class=\"elementor elementor-1184\" data-elementor-post-type=\"page\">\n\t\t\t\t<div class=\"elementor-element elementor-element-bcf0648 e-flex e-con-boxed e-con e-parent\" data-id=\"bcf0648\" data-element_type=\"container\" data-e-type=\"container\">\n\t\t\t\t\t<div class=\"e-con-inner\">\n\t\t\t\t<div class=\"elementor-element elementor-element-537e662 elementor-widget elementor-widget-text-editor\" data-id=\"537e662\" data-element_type=\"widget\" data-e-type=\"widget\" data-widget_type=\"text-editor.default\">\n\t\t\t\t<div class=\"elementor-widget-container\">\n\t\t\t\t\t\t\t\t\t<h2 class=\"rvps1\" style=\"text-align: center;\"><span class=\"rvts57\">\u00d6r\u00f6k\u00f6s \u00d6koiskola<\/span><\/h2><p>Az Egri Szalaparti EGYMI \u00e9s Koll\u00e9gium 2011-ben \u00e9rdemelte ki az \u00d6koiskola c\u00edmet,<\/p><p>\u00d6r\u00f6k\u00f6s \u00d6koiskol\u00e1v\u00e1 2016-ban v\u00e1lt. Komplex k\u00f6rnyezeti oktat\u00f3-nevel\u0151 programot m\u0171k\u00f6dtet. A c\u00edmek elnyer\u00e9se el\u0151tt is mindig jellemz\u0151 volt a term\u00e9szetk\u00f6zeli oktat\u00e1s &#8211; nevel\u00e9s a v\u00e1ros perem\u00e9n elhelyezked\u0151 sz\u00e9khely\u00fcnk\u00f6n. Alap\u00edt\u00e1sa \u00f3ta sokat sz\u00ednesedett az \u00e9vfolyamok sz\u00e1m\u00e1val, tanul\u00f3k l\u00e9tsz\u00e1m\u00e1val \u00e9s nevel\u00e9si saj\u00e1toss\u00e1gaival, de az alapelvek mindig megmaradtak. \u00c9lhet\u0151, j\u00f3 p\u00e9ld\u00e1t bemutat\u00f3 k\u00f6rnyezeti nevel\u00e9s a fontos minden koroszt\u00e1ly sz\u00e1m\u00e1ra, a speci\u00e1lis ig\u00e9nyeknek \u00e9s m\u00f3dszereknek megfelel\u0151en. Ak\u00e1r a k\u00f6t\u00f6tt, ak\u00e1r a koll\u00e9giumi foglalkoz\u00e1sokon, ak\u00e1r neves napokon \u00e9s k\u00fcl\u00f6nleges alkalmakon, a tanul\u00f3k akt\u00edvan tev\u00e9kenykednek a k\u00f6rnyezettel kapcsolatos t\u00e9mak\u00f6r\u00f6kben.<\/p>\t\t\t\t\t\t\t\t<\/div>\n\t\t\t\t<\/div>\n\t\t\t\t\t<\/div>\n\t\t\t\t<\/div>\n\t\t<div class=\"elementor-element elementor-element-5a3d9e10 e-flex e-con-boxed e-con e-parent\" data-id=\"5a3d9e10\" data-element_type=\"container\" data-e-type=\"container\">\n\t\t\t\t\t<div class=\"e-con-inner\">\n\t\t\t\t<div class=\"elementor-element elementor-element-5751d3b3 elementor-widget elementor-widget-text-editor\" data-id=\"5751d3b3\" data-element_type=\"widget\" data-e-type=\"widget\" data-widget_type=\"text-editor.default\">\n\t\t\t\t<div class=\"elementor-widget-container\">\n\t\t\t\t\t\t\t\t\t<p class=\"rvps1\"><span class=\"rvts57\">\u00a0<\/span><\/p><h2 class=\"rvps1\" style=\"text-align: center;\"><span class=\"rvts57\">A Z\u00f6ld Sz\u00edv K\u00f6rnyezetv\u00e9d\u0151 csapat<\/span><\/h2><p class=\"rvps3\"><span class=\"rvts56\"><img fetchpriority=\"high\" decoding=\"async\" class=\"size-medium wp-image-2946 alignleft\" src=\"https:\/\/szalaparti-eger.hu\/wp-content\/uploads\/2023\/11\/20230519_083810-300x225.jpg\" alt=\"\" width=\"300\" height=\"225\" srcset=\"https:\/\/szalaparti-eger.hu\/wp-content\/uploads\/2023\/11\/20230519_083810-300x225.jpg 300w, https:\/\/szalaparti-eger.hu\/wp-content\/uploads\/2023\/11\/20230519_083810-768x576.jpg 768w, https:\/\/szalaparti-eger.hu\/wp-content\/uploads\/2023\/11\/20230519_083810-1024x768.jpg 1024w, https:\/\/szalaparti-eger.hu\/wp-content\/uploads\/2023\/11\/20230519_083810-1536x1152.jpg 1536w, https:\/\/szalaparti-eger.hu\/wp-content\/uploads\/2023\/11\/20230519_083810-2048x1536.jpg 2048w\" sizes=\"(max-width: 300px) 100vw, 300px\" \/><\/span><\/p><p>A t\u00f6bb, mint egy \u00e9vtizedes m\u00falttal rendelkez\u0151 Z\u00f6ld Sz\u00edv K\u00f6rnyezetv\u00e9d\u0151 Csapat c\u00e9lja, hogy minden tanul\u00f3 a maga m\u00f3dj\u00e1n, a k\u00e9pess\u00e9geihez m\u00e9rten, a k\u00f6z\u00f6ss\u00e9g erej\u00e9vel megt\u00e1mogatva r\u00e9szt vehessen a term\u00e9szet \u00e9rt\u00e9keinek, sz\u00e9ps\u00e9geinek felfedez\u00e9s\u00e9ben, a k\u00f6rnyezet\u00fcnk v\u00e9delm\u00e9ben, int\u00e9zm\u00e9nyi javaink \u00e1llapot\u00e1nak fenntart\u00e1s\u00e1ban.<\/p><p>D\u00e9lel\u0151tt a tan\u00f3r\u00e1kba \u00e1gyazottan v\u00e1ltozatos form\u00e1ban a mindennapokban \u00e9s a jeles d\u00e1tumokhoz k\u00f6t\u0151d\u0151en is akt\u00edvan m\u0171k\u00f6dik a csapat szeml\u00e9lete, minden dolgoz\u00f3 \u00e9s tanul\u00f3 lelkes, egy\u00fcttm\u0171k\u00f6d\u0151 munk\u00e1ja sor\u00e1n.<\/p><p>D\u00e9lut\u00e1nonk\u00e9nt a koll\u00e9giumi nevel\u0151tan\u00e1rok \u00e1ltal tartott foglalkoz\u00e1sok c\u00e9ljai k\u00f6z\u00f6tt is gyakran szerepel, hogy a tan\u00f3rai munk\u00e1t \u00e9lm\u00e9nyszer\u0171bb programokkal kieg\u00e9sz\u00edtve hozz\u00e1j\u00e1ruljon a k\u00f6rnyezeti nevel\u00e9s hat\u00e9konyabb\u00e1 t\u00e9tel\u00e9hez. Ebben az id\u0151ben sportj\u00e1t\u00e9kokat, gy\u0171jt\u0151munk\u00e1t, versenyeket, j\u00e1t\u00e9kos feladatokat, kir\u00e1ndul\u00e1sokat, k\u00f6rnyezet- \u00e9s v\u00e1rosismereti s\u00e9t\u00e1t, tisztas\u00e1gi akci\u00f3kat szervez\u00fcnk azzal a c\u00e9llal, hogy int\u00e9zm\u00e9ny\u00fcnk di\u00e1kjai a feln\u0151tt \u00e9letre megfelel\u0151 ismeretekkel, szeml\u00e9lettel \u00e9s pozit\u00edv hozz\u00e1\u00e1ll\u00e1ssal rendelkezzenek k\u00f6rnyezet\u00fck \u00e9s eg\u00e9szs\u00e9g\u00fck meg\u00f3v\u00e1sa \u00e9rdek\u00e9ben.<\/p><p>A tan\u00e9v v\u00e9g\u00e9hez k\u00f6zeledve az elv\u00e9gzett munk\u00e1t is jutalmazva els\u0151 oszt\u00e1lyos tanul\u00f3inkat a \u201eZ\u00f6ld nyakkend\u0151\u201d avat\u00e1si \u00fcnneps\u00e9gen fogadjuk a csapat tagjai k\u00f6z\u00e9, er\u0151s\u00edtve ezzel az \u00f6sszetartoz\u00e1s \u00e9rz\u00e9s\u00e9t, illetve biztatva a gyerekeket arra, hogy legyenek ig\u00e9nyesek k\u00f6rnyezet\u00fckre, \u00f3vj\u00e1k \u00e9rt\u00e9keinket, igyekezzenek kultur\u00e1lt, term\u00e9szetet szeret\u0151 gyerekek m\u00f3dj\u00e1ra \u00e9lni.<\/p><p>Int\u00e9zm\u00e9ny\u00fcnkben m\u0171k\u00f6dik K\u00f6rnyezetv\u00e9delem, Sport \u00e9s Eg\u00e9szs\u00e9gnevel\u00e9s munkak\u00f6z\u00f6ss\u00e9g, mely el\u0151seg\u00edti a Z\u00f6ld Sz\u00edv K\u00f6rnyezetv\u00e9d\u0151 Csapat munk\u00e1j\u00e1t, tud\u00e1smegoszt\u00e1st tart, s k\u00f6z\u00f6sen dolgozza ki a programokat, haszn\u00e1lja ki az ig\u00e9nyeknek megfelel\u0151 lehet\u0151s\u00e9geket.<\/p><h4>\u00a0<\/h4>\t\t\t\t\t\t\t\t<\/div>\n\t\t\t\t<\/div>\n\t\t\t\t\t<\/div>\n\t\t\t\t<\/div>\n\t\t<div class=\"elementor-element elementor-element-3457dd4 e-flex e-con-boxed e-con e-parent\" data-id=\"3457dd4\" data-element_type=\"container\" data-e-type=\"container\">\n\t\t\t\t\t<div class=\"e-con-inner\">\n\t\t\t\t<div class=\"elementor-element elementor-element-9159058 elementor-widget elementor-widget-text-editor\" data-id=\"9159058\" data-element_type=\"widget\" data-e-type=\"widget\" data-widget_type=\"text-editor.default\">\n\t\t\t\t<div class=\"elementor-widget-container\">\n\t\t\t\t\t\t\t\t\t<p class=\"rvps1\"><span class=\"rvts57\">\u00a0<\/span><\/p><p><strong>2025\/2026 programok, jeles napok<\/strong><\/p><p>Egererd\u0151 Zrt. Ny\u00edlt nap, programok a Szmrecs\u00e1nyi Lajos \u00c9rsekkertben\u00a0\u00a0\u00a0\u00a0 2025.09.05.<\/p><p>Gy\u00fcm\u00f6lcsnap (f\u0151k\u00e9nt az \u00f3vod\u00e1ban, K\u00e9szs\u00e9gfejleszt\u0151 Iskol\u00e1ban)\u00a0\u00a0\u00a0 2025. szeptember<\/p><p>Hullad\u00e9kgy\u0171jt\u00e9si vil\u00e1gnap<\/p><p>Szem\u00e9tszed\u00e9si \u00e9s takar\u00edt\u00e1si vil\u00e1gnap, \u00f6r\u00f6kbe fogadott ter\u00fcletek birtokba v\u00e9tele\u00a0\u00a0\u00a0<\/p><p>2025.09.23. 2025. szeptember<\/p><p>A Magyar Di\u00e1ksport napja\u00a0\u00a0\u00a0\u00a0 2025.09.26.<\/p><p>\u00c1llatv\u00e9delmi T\u00e9mah\u00e9t\u00a0\u00a0\u00a0\u00a0\u00a0\u00a0\u00a0\u00a0\u00a0\u00a0\u00a0 2025.09.29. \u2013 2025.10.12.<\/p><p>A Lelki Eg\u00e9szs\u00e9g vil\u00e1gnapja\u00a0 2025.10.10.<\/p><p>A K\u00e9zmos\u00e1s vil\u00e1gnapja\u00a0\u00a0\u00a0\u00a0\u00a0\u00a0\u00a0\u00a0\u00a0 2025.10.15.<\/p><p>F\u00fcstmentes vil\u00e1gnap\u00a0\u00a0 2025.11.20.<\/p><p>AIDS elleni el\u0151ad\u00e1s\u00a0\u00a0 2025.12.01.<\/p><p>Mikul\u00e1s sportverseny December els\u0151 hete<\/p><p>Z\u00f6ld Mikul\u00e1s, Z\u00f6ld Kar\u00e1csony, programok a takar\u00e9koss\u00e1g, az \u00fajrahasznos\u00edt\u00e1s jegy\u00e9ben\u00a0 2025. december<\/p><p>P\u00e1lyaorient\u00e1ci\u00f3s nap, M\u00e9h\u00e9sz el\u0151ad\u00e1sa\u00a0\u00a0\u00a0\u00a0\u00a0\u00a0\u00a0 2026.01.10.<\/p><p>T\u00e9li gondoskod\u00e1s az \u00e1llatokr\u00f3l (mad\u00e1retet\u00e9s)\u00a0\u00a0\u00a0\u00a0\u00a0\u00a0\u00a0\u00a0\u00a0\u00a0 2026. janu\u00e1r<\/p><p>Cserepes n\u00f6v\u00e9nyek \u00e1pol\u00e1sa, \u00e1t\u00fcltet\u00e9se\u00a0\u00a0\u00a0\u00a0\u00a0\u00a0\u00a0\u00a0\u00a0 2026. febru\u00e1r<\/p><p>Energiatakar\u00e9koss\u00e1gi vil\u00e1gnap\u00a0\u00a0\u00a0\u00a0\u00a0\u00a0\u00a0\u00a0\u00a0 2026.03.06.<\/p><p>A boldogs\u00e1g vil\u00e1gnapja\u00a0\u00a0\u00a0\u00a0\u00a0\u00a0\u00a0\u00a0\u00a0 2026.03.21. 2026.03.19.<\/p><p>V\u00edz vil\u00e1gnapja\u00a0\u00a0\u00a0\u00a0\u00a0\u00a0\u00a0\u00a0\u00a0\u00a0\u00a0\u00a0 2026.03.23.<\/p><p>Vadvil\u00e1g napja, projekth\u00e9t\u00a0\u00a0\u00a0\u00a0 2026.03.03.<\/p><p>2026.03.02. -2026.03.05.<\/p><p>Fenntarthat\u00f3s\u00e1gi t\u00e9mah\u00e9t\u00a0\u00a0\u00a0\u00a0\u00a0\u00a0 2026.04.20-24.<\/p><p>Hullad\u00e9kos j\u00e1tsz\u00f3h\u00e1z \u2013 j\u00e1t\u00e9kok k\u00e9sz\u00edt\u00e9se hullad\u00e9kb\u00f3l, majd versenyz\u00e9s \u00e9s j\u00e1t\u00e9k a k\u00e9sz\u00edtett term\u00e9kekkel\u00a0\u00a0\u00a0\u00a0\u00a0\u00a0\u00a0\u00a0\u00a0\u00a0\u00a0 2026.04.23.<\/p><p>\u201eEllazulok\u201d-projekt, &#8211; Relax\u00e1ci\u00f3, gyermekj\u00f3ga, -Boldogs\u00e1g s\u00fcti-\u00fczi-s\u00fcti\u00a0\u00a0 2026. m\u00e1jus<\/p><p>Madarak \u00e9s f\u00e1k napja 2026.05.10. 2026.05.11.<\/p><p>A m\u00e9hek vil\u00e1gnapja\u00a0\u00a0\u00a0 2026.05.20.<\/p><p>\u201eZ\u00f6ld nyakkend\u0151\u201d avat\u00e1s\u00a0\u00a0\u00a0\u00a0\u00a0\u00a0 2026.05.21.<\/p><p>A Kih\u00edv\u00e1s napja \u00a0\u00a0\u00a0\u00a0\u00a0\u00a0\u00a0\u00a0 2026.05.28.<\/p><p>K\u00f6rnyezetv\u00e9delmi vil\u00e1gnap\u00a0\u00a0 2025.06.05<\/p>\t\t\t\t\t\t\t\t<\/div>\n\t\t\t\t<\/div>\n\t\t\t\t\t<\/div>\n\t\t\t\t<\/div>\n\t\t<div class=\"elementor-element elementor-element-526d870 e-flex e-con-boxed e-con e-parent\" data-id=\"526d870\" data-element_type=\"container\" data-e-type=\"container\">\n\t\t\t\t\t<div class=\"e-con-inner\">\n\t\t\t\t\t<\/div>\n\t\t\t\t<\/div>\n\t\t<div class=\"elementor-element elementor-element-b6a0607 e-flex e-con-boxed e-con e-parent\" data-id=\"b6a0607\" data-element_type=\"container\" data-e-type=\"container\">\n\t\t\t\t\t<div class=\"e-con-inner\">\n\t\t\t\t<div class=\"elementor-element elementor-element-306d83c elementor-widget elementor-widget-heading\" data-id=\"306d83c\" data-element_type=\"widget\" data-e-type=\"widget\" data-widget_type=\"heading.default\">\n\t\t\t\t<div class=\"elementor-widget-container\">\n\t\t\t\t\t<h2 class=\"elementor-heading-title elementor-size-default\">Arch\u00edvum<\/h2>\t\t\t\t<\/div>\n\t\t\t\t<\/div>\n\t\t\t\t<div class=\"elementor-element elementor-element-6357953 e-n-tabs-mobile elementor-widget elementor-widget-n-tabs\" data-id=\"6357953\" data-element_type=\"widget\" data-e-type=\"widget\" data-settings=\"{&quot;horizontal_scroll&quot;:&quot;disable&quot;}\" data-widget_type=\"nested-tabs.default\">\n\t\t\t\t<div class=\"elementor-widget-container\">\n\t\t\t\t\t\t\t<div class=\"e-n-tabs\" data-widget-number=\"104167763\" aria-label=\"Tabs. Open items with Enter or Space, close with Escape and navigate using the Arrow keys.\">\n\t\t\t<div class=\"e-n-tabs-heading\" role=\"tablist\">\n\t\t\t\t\t<button id=\"e-n-tab-title-1041677631\" data-tab-title-id=\"e-n-tab-title-1041677631\" class=\"e-n-tab-title\" aria-selected=\"true\" data-tab-index=\"1\" role=\"tab\" tabindex=\"0\" aria-controls=\"e-n-tab-content-1041677631\" style=\"--n-tabs-title-order: 1;\">\n\t\t\t\t\t\t<span class=\"e-n-tab-title-text\">\n\t\t\t\t2023\/2024\t\t\t<\/span>\n\t\t<\/button>\n\t\t\t\t<button id=\"e-n-tab-title-1041677632\" data-tab-title-id=\"e-n-tab-title-1041677632\" class=\"e-n-tab-title\" aria-selected=\"false\" data-tab-index=\"2\" role=\"tab\" tabindex=\"-1\" aria-controls=\"e-n-tab-content-1041677632\" style=\"--n-tabs-title-order: 2;\">\n\t\t\t\t\t\t<span class=\"e-n-tab-title-text\">\n\t\t\t\t2024\/2025\t\t\t<\/span>\n\t\t<\/button>\n\t\t\t\t\t<\/div>\n\t\t\t<div class=\"e-n-tabs-content\">\n\t\t\t\t<div id=\"e-n-tab-content-1041677631\" role=\"tabpanel\" aria-labelledby=\"e-n-tab-title-1041677631\" data-tab-index=\"1\" style=\"--n-tabs-title-order: 1;\" class=\"e-active elementor-element elementor-element-ccf00bc e-con-full e-flex e-con e-child\" data-id=\"ccf00bc\" data-element_type=\"container\" data-e-type=\"container\">\n\t\t<div class=\"elementor-element elementor-element-483b63f e-flex e-con-boxed e-con e-child\" data-id=\"483b63f\" data-element_type=\"container\" data-e-type=\"container\">\n\t\t\t\t\t<div class=\"e-con-inner\">\n\t\t\t\t<div class=\"elementor-element elementor-element-baa4661 elementor-widget elementor-widget-text-editor\" data-id=\"baa4661\" data-element_type=\"widget\" data-e-type=\"widget\" data-widget_type=\"text-editor.default\">\n\t\t\t\t<div class=\"elementor-widget-container\">\n\t\t\t\t\t\t\t\t\t<p>Ovis udvar rendez\u00e9se, j\u00e1t\u00e9kok rendbe t\u00e9tele 2023.09.05.<\/p><p>Gy\u00fcm\u00f6lcsnap (f\u0151k\u00e9nt az \u00f3vod\u00e1ban)\u00a0 2023.09.21.<\/p><p>A Magyar Di\u00e1ksport napja\u00a0\u00a0\u00a0\u00a0 2023.09.29.<\/p><p>\u00c1llatv\u00e9delmi T\u00e9mah\u00e9t\u00a0\u00a0\u00a0\u00a0\u00a0\u00a0\u00a0\u00a0\u00a0\u00a0\u00a0 2023.10.02-2023.10.15<\/p><p>A Lelki Eg\u00e9szs\u00e9g vil\u00e1gnapja\u00a0 2023.10.09.<\/p><p>A K\u00e9zmos\u00e1s vil\u00e1gnapja\u00a0\u00a0\u00a0\u00a0\u00a0\u00a0\u00a0\u00a0\u00a0 2023.10.15.<\/p><p>F\u00fcstmentes vil\u00e1gnap\u00a0\u00a0 2023.11.16.<\/p><p>AIDS elleni el\u0151ad\u00e1s\u00a0\u00a0 2023.12.12<\/p><p>Z\u00f6ld Mikul\u00e1s, Z\u00f6ld Kar\u00e1csony, programok a takar\u00e9koss\u00e1g jegy\u00e9ben\u00a0\u00a0\u00a0\u00a0\u00a0\u00a0\u00a0\u00a0 2023. 11-12. h\u00f3<\/p><p>T\u00e9li gondoskod\u00e1s az \u00e1llatokr\u00f3l (mad\u00e1retet\u00e9s)\u00a0\u00a0\u00a0\u00a0\u00a0\u00a0\u00a0\u00a0\u00a0\u00a0 2024. 01. h\u00f3<\/p><p>Cserepes n\u00f6v\u00e9nyek \u00e1pol\u00e1sa, \u00e1t\u00fcltet\u00e9se\u00a0\u00a0\u00a0\u00a0\u00a0\u00a0\u00a0\u00a0\u00a0 2024.02.08.<\/p><p>Hullad\u00e9kos j\u00e1tsz\u00f3h\u00e1z \u2013 j\u00e1t\u00e9kok k\u00e9sz\u00edt\u00e9se hullad\u00e9kb\u00f3l, majd versenyz\u00e9s \u00e9s j\u00e1t\u00e9k a k\u00e9sz\u00edtett term\u00e9kekkel\u00a0\u00a0\u00a0\u00a0\u00a0\u00a0\u00a0\u00a0\u00a0\u00a0\u00a0 2024.02.22.<\/p><p>Energiatakar\u00e9koss\u00e1gi vil\u00e1gnap\u00a0\u00a0\u00a0\u00a0\u00a0\u00a0\u00a0\u00a0\u00a0 2024.03.06.<\/p><p>V\u00edz vil\u00e1gnapja \u00a0\u00a0\u00a0\u00a0\u00a0\u00a0\u00a0\u00a0\u00a0\u00a0\u00a0 2024.03.21.<\/p><p>Els\u0151seg\u00e9lyny\u00fajt\u00e1si ismeretek \u00a0\u00a0\u00a0\u00a0\u00a0\u00a0\u00a0\u00a0\u00a0\u00a0\u00a0 2024.04.11.<\/p><p>A F\u00f6ld napja a Fenntarthat\u00f3s\u00e1gi h\u00e9t keret\u00e9ben, Z\u00f6ld Nyakkend\u0151 avat\u00e1s\u00a0\u00a0\u00a0 2024.04.22.<\/p><p>A T\u00e1nc vil\u00e1gnapja\u00a0\u00a0\u00a0\u00a0\u00a0 2024.04.29.<\/p><p>Madarak \u00e9s f\u00e1k napja 2024.05.09.<\/p><p>A Kih\u00edv\u00e1s napja \u00a0\u00a0\u00a0\u00a0\u00a0\u00a0\u00a0\u00a0 2024.05.29.<\/p><p>K\u00f6rnyezetv\u00e9delmi vil\u00e1gnap\u00a0\u00a0 2024.06.05<\/p><p>Iskola k\u00f6rnyezet\u00e9nek rendbet\u00e9tele a k\u00f6zelg\u0151 ballag\u00e1s, tan\u00e9v v\u00e9ge alkalm\u00e1b\u00f3l\u00a0\u00a0\u00a0\u00a0\u00a0\u00a0 2024.06.13.<\/p>\t\t\t\t\t\t\t\t<\/div>\n\t\t\t\t<\/div>\n\t\t\t\t\t<\/div>\n\t\t\t\t<\/div>\n\t\t\t\t<\/div>\n\t\t<div id=\"e-n-tab-content-1041677632\" role=\"tabpanel\" aria-labelledby=\"e-n-tab-title-1041677632\" data-tab-index=\"2\" style=\"--n-tabs-title-order: 2;\" class=\"elementor-element elementor-element-f4ce551 e-con-full e-flex e-con e-child\" data-id=\"f4ce551\" data-element_type=\"container\" data-e-type=\"container\">\n\t\t<div class=\"elementor-element elementor-element-188a8c7 e-flex e-con-boxed e-con e-child\" data-id=\"188a8c7\" data-element_type=\"container\" data-e-type=\"container\">\n\t\t\t\t\t<div class=\"e-con-inner\">\n\t\t\t\t<div class=\"elementor-element elementor-element-fdaa949 elementor-widget elementor-widget-text-editor\" data-id=\"fdaa949\" data-element_type=\"widget\" data-e-type=\"widget\" data-widget_type=\"text-editor.default\">\n\t\t\t\t<div class=\"elementor-widget-container\">\n\t\t\t\t\t\t\t\t\t<p>Els\u0151seg\u00e9lyny\u00fajt\u00e1s napja, ismeretek \u00e1tad\u00e1sa\u00a0 2024.09.10.<\/p><p>Gy\u00fcm\u00f6lcsnap (f\u0151k\u00e9nt az \u00f3vod\u00e1ban, K\u00e9szs\u00e9gfejleszt\u0151 Iskol\u00e1ban)\u00a0\u00a0\u00a0 2024. szeptember<\/p><p>Hullad\u00e9kgy\u0171jt\u00e9si vil\u00e1gnap, Szem\u00e9tszed\u00e9si \u00e9s takar\u00edt\u00e1si vil\u00e1gnap, \u00f6r\u00f6kbe fogadott ter\u00fcletek birtokba v\u00e9tele\u00a0\u00a0\u00a0\u00a0\u00a0\u00a0\u00a0\u00a0\u00a0\u00a0\u00a0 2024.09.18.<\/p><p>A Magyar Di\u00e1ksport napja \u00a0\u00a0\u00a0 2024.09.25.<\/p><p>\u00c1llatv\u00e9delmi T\u00e9mah\u00e9t\u00a0\u00a0\u00a0\u00a0\u00a0\u00a0\u00a0\u00a0\u00a0\u00a0\u00a0 2024.09.30.-2024.10.13.<\/p><p>A Lelki Eg\u00e9szs\u00e9g vil\u00e1gnapja\u00a0 2024.10.10.<\/p><p>A K\u00e9zmos\u00e1s vil\u00e1gnapja\u00a0\u00a0\u00a0\u00a0\u00a0\u00a0\u00a0\u00a0\u00a0 2024.10.15.<\/p><p>F\u00fcstmentes vil\u00e1gnap\u00a0\u00a0 2024.11.21.<\/p><p>AIDS elleni el\u0151ad\u00e1s\u00a0\u00a0 2024.12.02.<\/p><p>Mikul\u00e1s sportverseny December els\u0151 hete, Z\u00f6ld Mikul\u00e1s, Z\u00f6ld Kar\u00e1csony, programok a takar\u00e9koss\u00e1g, az \u00fajrahasznos\u00edt\u00e1s jegy\u00e9ben\u00a0\u00a0\u00a0\u00a0\u00a0\u00a0\u00a0 2024. 11-12. h\u00f3<\/p><p>T\u00e9li gondoskod\u00e1s az \u00e1llatokr\u00f3l (mad\u00e1retet\u00e9s)\u00a0\u00a0\u00a0\u00a0\u00a0\u00a0\u00a0\u00a0\u00a0\u00a0 2025. 01. h\u00f3<\/p><p>Cserepes n\u00f6v\u00e9nyek \u00e1pol\u00e1sa, \u00e1t\u00fcltet\u00e9se\u00a0\u00a0\u00a0\u00a0\u00a0\u00a0\u00a0\u00a0\u00a0 2025.02.06.<\/p><p>Hullad\u00e9kos j\u00e1tsz\u00f3h\u00e1z \u2013 j\u00e1t\u00e9kok k\u00e9sz\u00edt\u00e9se hullad\u00e9kb\u00f3l, majd versenyz\u00e9s \u00e9s j\u00e1t\u00e9k a k\u00e9sz\u00edtett term\u00e9kekkel\u00a0\u00a0\u00a0\u00a0\u00a0\u00a0\u00a0\u00a0\u00a0\u00a0\u00a0 2024.02.22.<\/p><p>Energiatakar\u00e9koss\u00e1gi vil\u00e1gnap\u00a0\u00a0\u00a0\u00a0\u00a0\u00a0\u00a0\u00a0\u00a0 2025.03.06.<\/p><p>A boldogs\u00e1g vil\u00e1gnapja\u00a0\u00a0\u00a0\u00a0\u00a0\u00a0\u00a0\u00a0\u00a0 2025.03.20.<\/p><p>V\u00edz vil\u00e1gnapja 2025.03.24.<\/p><p>Fenntarthat\u00f3s\u00e1gi t\u00e9mah\u00e9t, \u201eZ\u00f6ld Nyakkend\u0151\u201d avat\u00e1s\u00a0\u00a0\u00a0\u00a0\u00a0\u00a0\u00a0\u00a0\u00a0\u00a0 2025.04.07-11.<\/p><p>Madarak \u00e9s f\u00e1k napja 2025.05.08.<\/p><p>A m\u00e9hek vil\u00e1gnapja\u00a0\u00a0\u00a0 2025.05.20.<\/p><p>A Kih\u00edv\u00e1s napja \u00a0\u00a0\u00a0\u00a0\u00a0\u00a0\u00a0\u00a0 2025.05.28.<\/p><p>K\u00f6rnyezetv\u00e9delmi vil\u00e1gnap\u00a0\u00a0 2025.06.05<\/p>\t\t\t\t\t\t\t\t<\/div>\n\t\t\t\t<\/div>\n\t\t\t\t\t<\/div>\n\t\t\t\t<\/div>\n\t\t\t\t<\/div>\n\t\t\t\t\t<\/div>\n\t\t<\/div>\n\t\t\t\t\t\t<\/div>\n\t\t\t\t<\/div>\n\t\t\t\t\t<\/div>\n\t\t\t\t<\/div>\n\t\t<div class=\"elementor-element elementor-element-2dfdb0d e-flex e-con-boxed e-con e-parent\" data-id=\"2dfdb0d\" data-element_type=\"container\" data-e-type=\"container\">\n\t\t\t\t\t<div class=\"e-con-inner\">\n\t\t\t\t<div class=\"elementor-element elementor-element-f04a792 elementor-widget elementor-widget-text-editor\" data-id=\"f04a792\" data-element_type=\"widget\" data-e-type=\"widget\" data-widget_type=\"text-editor.default\">\n\t\t\t\t<div class=\"elementor-widget-container\">\n\t\t\t\t\t\t\t\t\t<h4>A k\u00f6rnyezetv\u00e9d\u0151 csapat legfrissebb h\u00edrei<\/h4>\t\t\t\t\t\t\t\t<\/div>\n\t\t\t\t<\/div>\n\t\t\t\t\t<\/div>\n\t\t\t\t<\/div>\n\t\t\t\t<\/div>","protected":false},"excerpt":{"rendered":"<p>\u00d6r\u00f6k\u00f6s \u00d6koiskola Az Egri Szalaparti EGYMI \u00e9s Koll\u00e9gium 2011-ben \u00e9rdemelte ki az \u00d6koiskola c\u00edmet, \u00d6r\u00f6k\u00f6s \u00d6koiskol\u00e1v\u00e1 2016-ban v\u00e1lt. Komplex k\u00f6rnyezeti oktat\u00f3-nevel\u0151 programot m\u0171k\u00f6dtet. A c\u00edmek elnyer\u00e9se el\u0151tt is mindig jellemz\u0151 volt a term\u00e9szetk\u00f6zeli oktat\u00e1s &#8211; nevel\u00e9s a v\u00e1ros perem\u00e9n elhelyezked\u0151 sz\u00e9khely\u00fcnk\u00f6n. Alap\u00edt\u00e1sa \u00f3ta sokat sz\u00ednesedett az \u00e9vfolyamok sz\u00e1m\u00e1val, tanul\u00f3k l\u00e9tsz\u00e1m\u00e1val \u00e9s nevel\u00e9si saj\u00e1toss\u00e1gaival, de az [&hellip;]<\/p>\n","protected":false},"author":2,"featured_media":0,"parent":0,"menu_order":0,"comment_status":"closed","ping_status":"closed","template":"elementor_header_footer","meta":{"ngg_post_thumbnail":0,"footnotes":""},"class_list":["post-1184","page","type-page","status-publish","hentry"],"_links":{"self":[{"href":"https:\/\/szalaparti-eger.hu\/en\/wp-json\/wp\/v2\/pages\/1184","targetHints":{"allow":["GET"]}}],"collection":[{"href":"https:\/\/szalaparti-eger.hu\/en\/wp-json\/wp\/v2\/pages"}],"about":[{"href":"https:\/\/szalaparti-eger.hu\/en\/wp-json\/wp\/v2\/types\/page"}],"author":[{"embeddable":true,"href":"https:\/\/szalaparti-eger.hu\/en\/wp-json\/wp\/v2\/users\/2"}],"replies":[{"embeddable":true,"href":"https:\/\/szalaparti-eger.hu\/en\/wp-json\/wp\/v2\/comments?post=1184"}],"version-history":[{"count":14,"href":"https:\/\/szalaparti-eger.hu\/en\/wp-json\/wp\/v2\/pages\/1184\/revisions"}],"predecessor-version":[{"id":8288,"href":"https:\/\/szalaparti-eger.hu\/en\/wp-json\/wp\/v2\/pages\/1184\/revisions\/8288"}],"wp:attachment":[{"href":"https:\/\/szalaparti-eger.hu\/en\/wp-json\/wp\/v2\/media?parent=1184"}],"curies":[{"name":"wp","href":"https:\/\/api.w.org\/{rel}","templated":true}]}}