{"id":1187,"date":"2023-06-07T19:35:17","date_gmt":"2023-06-07T17:35:17","guid":{"rendered":"https:\/\/szalaparti-eger.edu.hu\/teszt\/?page_id=1187"},"modified":"2025-04-10T15:30:07","modified_gmt":"2025-04-10T13:30:07","slug":"dolgozok","status":"publish","type":"page","link":"https:\/\/szalaparti-eger.hu\/en\/dolgozok\/","title":{"rendered":"Dolgoz\u00f3k"},"content":{"rendered":"<p style=\"text-align: center;\"><a href=\"#pedagogus\">Pedag\u00f3gusok <\/a><a href=\"#pedagogus\"><img fetchpriority=\"high\" decoding=\"async\" class=\"aligncenter wp-image-1214 size-full\" src=\"https:\/\/szalaparti-eger.edu.hu\/teszt\/wp-content\/uploads\/2023\/06\/tanar-1.png\" alt=\"\" width=\"217\" height=\"232\"><\/a><\/p>\n<p>&nbsp;<\/p>\n<p style=\"text-align: center;\"><a href=\"#NOKS\">NOKS(nevel\u0151-oktat\u00f3 munk\u00e1t k\u00f6zvetlen\u00fcl seg\u00edt\u0151) <\/a><a href=\"#NOKS\"><img decoding=\"async\" class=\"aligncenter wp-image-1212 size-full\" src=\"https:\/\/szalaparti-eger.edu.hu\/teszt\/wp-content\/uploads\/2023\/06\/asszisztens.jpg\" alt=\"\" width=\"225\" height=\"225\"><\/a><\/p>\n<p>&nbsp;<\/p>\n<p style=\"text-align: center;\"><a href=\"#egyeb\">Egy\u00e9b munkak\u00f6rben dolgoz\u00f3k <img decoding=\"async\" class=\"size-full wp-image-1285 aligncenter\" src=\"https:\/\/szalaparti-eger.edu.hu\/teszt\/wp-content\/uploads\/2023\/06\/tools.png\" alt=\"\" width=\"225\" height=\"225\"> <img loading=\"lazy\" decoding=\"async\" class=\"size-medium wp-image-1286 aligncenter\" src=\"https:\/\/szalaparti-eger.edu.hu\/teszt\/wp-content\/uploads\/2023\/06\/office.jpg\" alt=\"\" width=\"222\" height=\"227\"><\/a><\/p>\n<p>&nbsp;<\/p>\n<p><a id=\"pedagogus\" name=\"#pedagogus\"><\/a><em><strong>Pedag\u00f3gusok<\/strong><\/em><\/p>\n<table width=\"699\">\n<tbody>\n<tr>\n<td width=\"299\">Asztalos Szilvia<\/td>\n<td width=\"359\">gy\u00f3gypedag\u00f3gus<\/td>\n<\/tr>\n<tr>\n<td width=\"299\"><strong>Bakondin\u00e9 Csepelyi Zsuzsanna Krisztina<\/strong><\/td>\n<td width=\"359\"><strong>gy\u00f3gypedag\u00f3gus \/int\u00e9zm\u00e9nyegys\u00e9g-vezet\u0151<\/strong><\/td>\n<\/tr>\n<tr>\n<td width=\"299\">Barta Roland<\/td>\n<td width=\"359\">szakoktat\u00f3<\/td>\n<\/tr>\n<tr>\n<td width=\"299\">Barta Zolt\u00e1nn\u00e9<\/td>\n<td width=\"359\">gy\u00f3gypedag\u00f3gus<\/td>\n<\/tr>\n<tr>\n<td width=\"299\">Barta-Horti \u00c9va<\/td>\n<td width=\"359\">\u00e1ltal\u00e1nos iskolai tan\u00e1r<\/td>\n<\/tr>\n<tr>\n<td width=\"299\"><strong>Boross Zsuzs\u00e1nna Erzs\u00e9bet<\/strong><\/td>\n<td width=\"359\"><strong>gy\u00f3gypedag\u00f3gus\/ mb. int\u00e9zm\u00e9nyegys\u00e9g\u00ad-vezet\u0151<\/strong><\/td>\n<\/tr>\n<tr>\n<td width=\"299\">Burovinczn\u00e9 Barcsik Bogl\u00e1rka<\/td>\n<td width=\"359\">gy\u00f3gypedag\u00f3gus<\/td>\n<\/tr>\n<tr>\n<td width=\"299\">Cs\u00e1k K\u00edra<\/td>\n<td width=\"359\">gy\u00f3gypedag\u00f3gus<\/td>\n<\/tr>\n<tr>\n<td width=\"299\">Cs\u00e9p\u00e1nyi Anna<\/td>\n<td width=\"359\">gy\u00f3gypedag\u00f3gus<\/td>\n<\/tr>\n<tr>\n<td width=\"299\"><strong>Darvas Attila<\/strong><\/td>\n<td width=\"359\"><strong>gy\u00f3gypedag\u00f3gus\/ mb. int\u00e9zm\u00e9nyegys\u00e9g\u00ad-vezet\u0151<\/strong><\/td>\n<\/tr>\n<tr>\n<td width=\"299\">De\u00e1k Edina<\/td>\n<td width=\"359\">\u00e1ltal\u00e1nos iskolai tan\u00e1r<\/td>\n<\/tr>\n<tr>\n<td width=\"299\">Derecskein\u00e9 Szab\u00f3 Nikoletta<\/td>\n<td width=\"359\">gy\u00f3gypedag\u00f3gus<\/td>\n<\/tr>\n<tr>\n<td width=\"299\">Diczk\u00f3 Szilvia<\/td>\n<td width=\"359\">gy\u00f3gypedag\u00f3gus<\/td>\n<\/tr>\n<tr>\n<td width=\"299\">Dr Poczok Mikl\u00f3s P\u00e9tern\u00e9<\/td>\n<td width=\"359\">gy\u00f3gypedag\u00f3gus<\/td>\n<\/tr>\n<tr>\n<td width=\"299\">Farnady G\u00e1bor Zsolt<\/td>\n<td width=\"359\">gy\u00f3gypedag\u00f3gus<\/td>\n<\/tr>\n<tr>\n<td width=\"299\">Fitala T\u00fcnde<\/td>\n<td width=\"359\">gy\u00f3gypedag\u00f3gus<\/td>\n<\/tr>\n<tr>\n<td width=\"299\">F\u0171rn\u00e9 D\u00e1vid Krisztina<\/td>\n<td width=\"359\">gy\u00f3gypedag\u00f3gus<\/td>\n<\/tr>\n<tr>\n<td width=\"299\">Frid\u00e9l Veronika<\/td>\n<td width=\"359\">\u00e1ltal\u00e1nos iskolai tan\u00e1r<\/td>\n<\/tr>\n<tr>\n<td width=\"299\">Gr\u00f3f Judit<\/td>\n<td width=\"359\">gy\u00f3gypedag\u00f3gus<\/td>\n<\/tr>\n<tr>\n<td width=\"299\">Gst\u00e4ttnern\u00e9 T\u00f3th Veronika<\/td>\n<td width=\"359\">gy\u00f3gypedag\u00f3gus<\/td>\n<\/tr>\n<tr>\n<td width=\"299\">Gyarmati Gy\u00f6rgyn\u00e9<\/td>\n<td width=\"359\">gy\u00f3gypedag\u00f3gus<\/td>\n<\/tr>\n<tr>\n<td width=\"299\">Hadi Henriett<\/td>\n<td width=\"359\">gy\u00f3gypedag\u00f3gus<\/td>\n<\/tr>\n<tr>\n<td width=\"299\">Hajdu Margit<\/td>\n<td width=\"359\">gy\u00f3gypedag\u00f3gus<\/td>\n<\/tr>\n<tr>\n<td width=\"299\">Harmati Andrea<\/td>\n<td width=\"359\">tan\u00edt\u00f3<\/td>\n<\/tr>\n<tr>\n<td width=\"299\">Hornyeczki \u00c1d\u00e1m<\/td>\n<td width=\"359\">szakoktat\u00f3<\/td>\n<\/tr>\n<tr>\n<td width=\"299\"><strong>Hornyeczki L\u00e1szl\u00f3n\u00e9<\/strong><\/td>\n<td width=\"359\"><strong>gy\u00f3gypedag\u00f3gus\/f\u0151igazgat\u00f3<\/strong><\/td>\n<\/tr>\n<tr>\n<td width=\"299\">Jakab Andrea<\/td>\n<td width=\"359\">gy\u00f3gypedag\u00f3gus<\/td>\n<\/tr>\n<tr>\n<td width=\"299\">Juh\u00e1sz \u00c9va<\/td>\n<td width=\"359\">\u00e1ltal\u00e1nos iskolai tan\u00e1r<\/td>\n<\/tr>\n<tr>\n<td width=\"299\">K\u00e1jel \u00c1rp\u00e1dn\u00e9 Mok\u00f3 Csilla<\/td>\n<td width=\"359\">gy\u00f3gypedag\u00f3gus<\/td>\n<\/tr>\n<tr>\n<td width=\"299\">Kany\u00e1ri J\u00f3zsefn\u00e9<\/td>\n<td width=\"359\">gy\u00f3gypedag\u00f3gus<\/td>\n<\/tr>\n<tr>\n<td width=\"299\">Kiser Panna<\/td>\n<td width=\"359\">gy\u00f3gypedag\u00f3gus<\/td>\n<\/tr>\n<tr>\n<td width=\"299\">Kism\u00e1rtonn\u00e9 Kov\u00e1cs Katalin<\/td>\n<td width=\"359\">gy\u00f3gypedag\u00f3gus<\/td>\n<\/tr>\n<tr>\n<td width=\"299\">Kiss Eszter<\/td>\n<td width=\"359\">gy\u00f3gypedag\u00f3gus<\/td>\n<\/tr>\n<tr>\n<td width=\"299\">Kissn\u00e9 Czitor Enik\u0151 Andrea<\/td>\n<td width=\"359\">gy\u00f3gypedag\u00f3gus<\/td>\n<\/tr>\n<tr>\n<td width=\"299\">Koncz Edina<\/td>\n<td width=\"359\">gy\u00f3gypedag\u00f3gus<\/td>\n<\/tr>\n<tr>\n<td width=\"299\">K\u00f3sn\u00e9 Mur\u00e1nyi Val\u00e9ria<\/td>\n<td width=\"359\">\u00f3vodapedag\u00f3gus<\/td>\n<\/tr>\n<tr>\n<td width=\"299\">M\u00e1rkus Beatrix M\u00e1ria<\/td>\n<td width=\"359\">gy\u00f3gypedag\u00f3gus<\/td>\n<\/tr>\n<tr>\n<td width=\"299\">M\u00e1trai P\u00e9ter<\/td>\n<td width=\"359\">gy\u00f3gypedag\u00f3gus<\/td>\n<\/tr>\n<tr>\n<td width=\"299\">Moln\u00e1rn\u00e9 Dobrovitz Bogl\u00e1rka<\/td>\n<td width=\"359\">gy\u00f3gypedag\u00f3gus<\/td>\n<\/tr>\n<tr>\n<td width=\"299\">Nagy Krisztina<\/td>\n<td width=\"359\">szakoktat\u00f3<\/td>\n<\/tr>\n<tr>\n<td width=\"299\">Nagy R\u00e9ka Dorottya<\/td>\n<td width=\"359\">gy\u00f3gypedag\u00f3gus<\/td>\n<\/tr>\n<tr>\n<td width=\"299\">Papp Ildik\u00f3<\/td>\n<td width=\"359\">\u00e1ltal\u00e1nos iskolai tan\u00e1r<\/td>\n<\/tr>\n<tr>\n<td width=\"299\">P\u00f3nya Anett<\/td>\n<td width=\"359\">gy\u00f3gypedag\u00f3gus<\/td>\n<\/tr>\n<tr>\n<td width=\"299\">Radics Petra<\/td>\n<td width=\"359\">gy\u00f3gypedag\u00f3gus<\/td>\n<\/tr>\n<tr>\n<td width=\"299\">S\u00e1nta J\u00f3zsefn\u00e9<\/td>\n<td width=\"359\">konduktor<\/td>\n<\/tr>\n<tr>\n<td width=\"299\">Sike M\u00e1ria Kincs\u0151<\/td>\n<td width=\"359\">gy\u00f3gypedag\u00f3gus<\/td>\n<\/tr>\n<tr>\n<td width=\"299\">Sipos Beatrix<\/td>\n<td width=\"359\">gy\u00f3gypedag\u00f3gus<\/td>\n<\/tr>\n<tr>\n<td width=\"299\">Solt\u00e9szn\u00e9 R\u0151thi Andrea<\/td>\n<td width=\"359\">gy\u00f3gypedag\u00f3gus<\/td>\n<\/tr>\n<tr>\n<td width=\"299\">Somogyi N\u00f3ra<\/td>\n<td width=\"359\">gy\u00f3gypedag\u00f3gus<\/td>\n<\/tr>\n<tr>\n<td width=\"299\">Szab\u00f3 \u00c9va<\/td>\n<td width=\"359\">gy\u00f3gypedag\u00f3gus<\/td>\n<\/tr>\n<tr>\n<td width=\"299\">Szab\u00f3 L\u00e1szl\u00f3n\u00e9<\/td>\n<td width=\"359\">gy\u00f3gypedag\u00f3gus<\/td>\n<\/tr>\n<tr>\n<td width=\"299\">Szab\u00f3n\u00e9 Seb\u0151k Adrien<\/td>\n<td width=\"359\">gy\u00f3gypedag\u00f3gus<\/td>\n<\/tr>\n<tr>\n<td width=\"299\">Szak\u00e1l-R\u00e9ti Evelin<\/td>\n<td width=\"359\">gy\u00f3gypedag\u00f3gus<\/td>\n<\/tr>\n<tr>\n<td width=\"299\">Sz\u00e9kely-P\u00f3csik Szilvia<\/td>\n<td width=\"359\">gy\u00f3gypedag\u00f3gus<\/td>\n<\/tr>\n<tr>\n<td width=\"299\"><strong>Tak\u00e1csn\u00e9 Laz\u00f3k Melinda<\/strong><\/td>\n<td width=\"359\"><strong>gy\u00f3gypedag\u00f3gus \/mb. int\u00e9zm\u00e9nyegys\u00e9g-\u00advezet\u0151<\/strong><\/td>\n<\/tr>\n<tr>\n<td width=\"299\">Tasn\u00e1di S\u00e1ra Zsuzsanna<\/td>\n<td width=\"359\">gy\u00f3gypedag\u00f3gus<\/td>\n<\/tr>\n<tr>\n<td width=\"299\">Tihanyi D\u00f3ra<\/td>\n<td width=\"359\">gy\u00f3gypedag\u00f3gus<\/td>\n<\/tr>\n<tr>\n<td width=\"299\">Tuza-Baksa Dorina<\/td>\n<td width=\"359\">gy\u00f3gypedag\u00f3gus<\/td>\n<\/tr>\n<tr>\n<td width=\"299\">Tres\u00f3n\u00e9 Veres Eszter<\/td>\n<td width=\"359\">gy\u00f3gypedag\u00f3gus<\/td>\n<\/tr>\n<tr>\n<td width=\"299\">V\u00e1rallyay Veronika<\/td>\n<td width=\"359\">gy\u00f3gypedag\u00f3gus<\/td>\n<\/tr>\n<tr>\n<td width=\"299\"><strong>Varr\u00f3n\u00e9 Borzs\u00e1k Anna<\/strong><\/td>\n<td width=\"359\"><strong>gy\u00f3gypedag\u00f3gus \/mb. int\u00e9zm\u00e9nyegys\u00e9g-vezet\u0151 <\/strong><\/td>\n<\/tr>\n<tr>\n<td width=\"299\">V\u00e1s\u00e1rhelyin\u00e9 V\u00edgh Edit<\/td>\n<td width=\"359\">gy\u00f3gypedag\u00f3gus<\/td>\n<\/tr>\n<tr>\n<td width=\"299\">Visnyovszky Barbara<\/td>\n<td width=\"359\">gy\u00f3gypedag\u00f3gus<\/td>\n<\/tr>\n<tr>\n<td width=\"299\">Zim\u00e1nyn\u00e9 Feh\u00e9r Lilla<\/td>\n<td width=\"359\">\u00f3vodapedag\u00f3gus<\/td>\n<\/tr>\n<tr>\n<td width=\"299\">Zvar\u00e1n\u00e9 T\u00f3th Erzs\u00e9bet<\/td>\n<td width=\"359\">gy\u00f3gypedag\u00f3gus<\/td>\n<\/tr>\n<tr>\n<td width=\"299\">Zsigmond L\u00e1szl\u00f3<\/td>\n<td width=\"359\">\u00e1ltal\u00e1nos iskolai tan\u00e1r<\/td>\n<\/tr>\n<\/tbody>\n<\/table>\n<table width=\"699\">\n<tbody>\n<tr>\n<td width=\"299\">Berg Krisztina \/<\/td>\n<td width=\"359\">koll\u00e9giumi nevel\u0151tan\u00e1r<\/td>\n<\/tr>\n<tr>\n<td width=\"299\">Czura J\u00f3zsef<\/td>\n<td width=\"359\">koll\u00e9giumi nevel\u0151tan\u00e1r<\/td>\n<\/tr>\n<tr>\n<td width=\"299\">D\u00e1vid-Somos Kriszti\u00e1n<\/td>\n<td width=\"359\">koll\u00e9giumi nevel\u0151tan\u00e1r<\/td>\n<\/tr>\n<tr>\n<td width=\"299\">Gyulay G\u00e1bor<\/td>\n<td width=\"359\">koll\u00e9giumi nevel\u0151tan\u00e1r<\/td>\n<\/tr>\n<tr>\n<td width=\"299\">Gyulayn\u00e9 Gavl\u00f3 Gabriella<\/td>\n<td width=\"359\">koll\u00e9giumi nevel\u0151tan\u00e1r<\/td>\n<\/tr>\n<tr>\n<td width=\"299\"><strong>Kir\u00e1ly Csaba Attil\u00e1n\u00e9<\/strong><\/td>\n<td width=\"359\"><strong>koll\u00e9giumi nevel\u0151tan\u00e1r<\/strong><\/p>\n<p><strong>int\u00e9zm\u00e9nyegys\u00e9g-vezet\u0151<\/strong><\/td>\n<\/tr>\n<tr>\n<td width=\"299\">Kozma Judit Andrea<\/td>\n<td width=\"359\">koll\u00e9giumi nevel\u0151tan\u00e1r<\/td>\n<\/tr>\n<tr>\n<td width=\"299\">Orosz L\u00e1szl\u00f3<\/td>\n<td width=\"359\">koll\u00e9giumi nevel\u0151tan\u00e1r<\/td>\n<\/tr>\n<tr>\n<td width=\"299\">Sz\u00e9kely J\u00f3zsef<\/td>\n<td width=\"359\">koll\u00e9giumi nevel\u0151tan\u00e1r<\/td>\n<\/tr>\n<tr>\n<td width=\"299\">Varga S\u00e1ra Emese<\/td>\n<td width=\"359\">koll\u00e9giumi nevel\u0151tan\u00e1r<\/td>\n<\/tr>\n<\/tbody>\n<\/table>\n<p><a id=\"NOKS\" name=\"#NOKS\"><\/a><em><strong>NOKS<\/strong><\/em><\/p>\n<table width=\"699\">\n<tbody>\n<tr>\n<td width=\"293\">Bakk Zsuzsanna Krisztina<\/td>\n<td width=\"359\">gy\u00f3gypedag\u00f3giai asszisztens<\/td>\n<\/tr>\n<tr>\n<td width=\"293\">Bartusn\u00e9 B\u00e1r\u00e1ny Anita<\/td>\n<td width=\"359\">gy\u00f3gypedag\u00f3giai asszisztens<\/td>\n<\/tr>\n<tr>\n<td width=\"293\">Bod\u00f3 Andr\u00e1s Zsolt<\/td>\n<td width=\"359\">gy\u00f3gypedag\u00f3giai asszisztens<\/td>\n<\/tr>\n<tr>\n<td width=\"293\">Bodzs\u00e1r J\u00f3zsefn\u00e9<\/td>\n<td width=\"359\">gy\u00f3gypedag\u00f3giai asszisztens<\/td>\n<\/tr>\n<tr>\n<td width=\"293\">Bogd\u00e1n Erzs\u00e9bet Elvira<\/td>\n<td width=\"359\">gy\u00f3gypedag\u00f3giai asszisztens<\/td>\n<\/tr>\n<tr>\n<td width=\"293\">Dani Franciska Gy\u00f6ngyi<\/td>\n<td width=\"359\">gy\u00f3gypedag\u00f3giai asszisztens<\/td>\n<\/tr>\n<tr>\n<td width=\"293\">Dank\u00f3 Zolt\u00e1n<\/td>\n<td width=\"359\">rendszergazda<\/td>\n<\/tr>\n<tr>\n<td width=\"293\">D\u00e1vid Roland Istv\u00e1n<\/td>\n<td width=\"359\">gy\u00f3gypedag\u00f3giai asszisztens<\/td>\n<\/tr>\n<tr>\n<td width=\"293\">Egedn\u00e9 Tarczali Adrienn<\/td>\n<td width=\"359\">gy\u00f3gypedag\u00f3giai asszisztens<\/td>\n<\/tr>\n<tr>\n<td width=\"293\">Farnady Anik\u00f3<\/td>\n<td width=\"359\">\u00e1pol\u00f3<\/td>\n<\/tr>\n<tr>\n<td width=\"293\">F\u00f3nagyn\u00e9 Kormos Anita<\/td>\n<td width=\"359\">gy\u00f3gypedag\u00f3giai asszisztens<\/td>\n<\/tr>\n<tr>\n<td width=\"293\">Galusk\u00e1n\u00e9 Ritecz Ildik\u00f3<\/td>\n<td width=\"359\">gy\u00f3gypedag\u00f3giai asszisztens<\/td>\n<\/tr>\n<tr>\n<td width=\"293\">G\u00e1sp\u00e1rn\u00e9 Pogonyi Zsuzsa<\/td>\n<td width=\"359\">gy\u00f3gypedag\u00f3giai asszisztens<\/td>\n<\/tr>\n<tr>\n<td width=\"293\">H\u00f3cza Hanna<\/td>\n<td width=\"359\">gy\u00f3gytorn\u00e1sz<\/td>\n<\/tr>\n<tr>\n<td width=\"293\">Horv\u00e1th Ibolya<\/td>\n<td width=\"359\">dajka<\/td>\n<\/tr>\n<tr>\n<td width=\"293\">J\u00e1szber\u00e9nyi-Vir\u00e1g Zsuzsanna<\/td>\n<td width=\"359\">gy\u00f3gypedag\u00f3giai asszisztens<\/td>\n<\/tr>\n<tr>\n<td width=\"293\">J\u00f3zs\u00e1n\u00e9 Szecsk\u00f3 \u00c1gnes Judit<\/td>\n<td width=\"359\">gy\u00f3gypedag\u00f3giai asszisztens<\/td>\n<\/tr>\n<tr>\n<td width=\"293\">Kalanovics Lilla Katalin<\/td>\n<td width=\"359\">gy\u00f3gypedag\u00f3giai asszisztens<\/td>\n<\/tr>\n<tr>\n<td width=\"293\">Kelemen D\u00f3ra<\/td>\n<td width=\"359\">gy\u00f3gypedag\u00f3giai asszisztens<\/td>\n<\/tr>\n<tr>\n<td width=\"293\">Kicska Nikoletta Anita<\/td>\n<td width=\"359\">gy\u00f3gypedag\u00f3giai asszisztens<\/td>\n<\/tr>\n<tr>\n<td width=\"293\">Kov\u00e1cs M\u00e1rta<\/td>\n<td width=\"359\">gy\u00f3gypedag\u00f3giai asszisztens<\/td>\n<\/tr>\n<tr>\n<td width=\"293\">Lad\u00e1nyin\u00e9 St\u00e9p\u00e1n Bogl\u00e1rka<\/td>\n<td width=\"359\">gy\u00f3gypedag\u00f3giai asszisztens<\/td>\n<\/tr>\n<tr>\n<td width=\"293\">Lakatos Katalin<\/td>\n<td width=\"359\">gy\u00f3gypedag\u00f3giai asszisztens<\/td>\n<\/tr>\n<tr>\n<td width=\"293\">L\u00e1ngn\u00e9 \u00c1rvai \u00c1gnes<\/td>\n<td width=\"359\">gy\u00f3gypedag\u00f3giai asszisztens<\/td>\n<\/tr>\n<tr>\n<td width=\"293\">L\u00e9port Lajos L\u00e1szl\u00f3<\/td>\n<td width=\"359\">gy\u00f3gypedag\u00f3giai asszisztens<\/td>\n<\/tr>\n<tr>\n<td width=\"293\">Magyarovicsn\u00e9 Hark\u00e1ly Zita<\/td>\n<td width=\"359\">gy\u00f3gypedag\u00f3giai asszisztens<\/td>\n<\/tr>\n<tr>\n<td width=\"293\">Markeszn\u00e9 Farkas Magdolna<\/td>\n<td width=\"359\">dajka<\/td>\n<\/tr>\n<tr>\n<td width=\"293\">Marsin\u00e9 Lakatos Rita M\u00e1ria<\/td>\n<td width=\"359\">gy\u00f3gypedag\u00f3giai asszisztens<\/td>\n<\/tr>\n<tr>\n<td width=\"293\">Mih\u00e1ly Gabriella R\u00e9ka<\/td>\n<td width=\"359\">\u00e1pol\u00f3<\/td>\n<\/tr>\n<tr>\n<td width=\"293\">Nov\u00e1kn\u00e9 Kiss Ren\u00e1ta<\/td>\n<td width=\"359\">gy\u00f3gypedag\u00f3giai asszisztens<\/td>\n<\/tr>\n<tr>\n<td width=\"293\">Ol\u00e1h Anita Katalin<\/td>\n<td width=\"359\">gy\u00f3gypedag\u00f3giai asszisztens<\/td>\n<\/tr>\n<tr>\n<td width=\"293\">Orb\u00e1n-N\u00e1dudvari Szilvia<\/td>\n<td width=\"359\">pedag\u00f3giai asszisztens<\/td>\n<\/tr>\n<tr>\n<td width=\"293\">Osgy\u00e1ni Csilla Alexandra<\/td>\n<td width=\"359\">gy\u00f3gypedag\u00f3giai asszisztens<\/td>\n<\/tr>\n<tr>\n<td width=\"293\">P\u00e1szthoryn\u00e9 Kov\u00e1cs Katalin<\/td>\n<td width=\"359\">gy\u00f3gypedag\u00f3giai asszisztens<\/td>\n<\/tr>\n<tr>\n<td width=\"293\">P\u00e9kn\u00e9 Boros Anita<\/td>\n<td width=\"359\">gy\u00f3gypedag\u00f3giai asszisztens<\/td>\n<\/tr>\n<tr>\n<td width=\"293\">P\u00e9ter Petronella<\/td>\n<td width=\"359\">gy\u00f3gypedag\u00f3giai asszisztens<\/td>\n<\/tr>\n<tr>\n<td width=\"293\">P\u00f3csik Lajosn\u00e9<\/td>\n<td width=\"359\">iskolatitk\u00e1r<\/td>\n<\/tr>\n<tr>\n<td width=\"293\">R\u00e1cz Andrea<\/td>\n<td width=\"359\">gy\u00f3gypedag\u00f3giai asszisztens<\/td>\n<\/tr>\n<tr>\n<td width=\"293\">R\u00e1sa-Kozma Hanna Val\u00e9ria<\/td>\n<td width=\"359\">gy\u00f3gypedag\u00f3giai asszisztens<\/td>\n<\/tr>\n<tr>\n<td width=\"293\">Riczk\u00f3 Herta<\/td>\n<td width=\"359\">gy\u00f3gypedag\u00f3giai asszisztens<\/td>\n<\/tr>\n<tr>\n<td width=\"293\">Rost\u00e1sn\u00e9 Sz\u00e9kely Judit<\/td>\n<td width=\"359\">dajka<\/td>\n<\/tr>\n<tr>\n<td width=\"293\">Sallai G\u00e1born\u00e9<\/td>\n<td width=\"359\">gy\u00f3gypedag\u00f3giai asszisztens<\/td>\n<\/tr>\n<tr>\n<td width=\"293\">S\u00e1rk\u00f6zin\u00e9 Hal\u00e1sz Klaudia Vivien<\/td>\n<td width=\"359\">gy\u00f3gypedag\u00f3giai asszisztens<\/td>\n<\/tr>\n<tr>\n<td width=\"293\">Szab\u00f3 \u00c1gnes<\/td>\n<td width=\"359\">dajka<\/td>\n<\/tr>\n<tr>\n<td width=\"293\">Sz\u00e9n Szimonetta<\/td>\n<td width=\"359\">\u00e1pol\u00f3<\/td>\n<\/tr>\n<tr>\n<td width=\"293\">Sz\u0171csn\u00e9 Keimer Katalin<\/td>\n<td width=\"359\">gy\u00f3gypedag\u00f3giai asszisztens<\/td>\n<\/tr>\n<tr>\n<td width=\"293\">Tari Anita<\/td>\n<td width=\"359\">gy\u00f3gypedag\u00f3giai asszisztens<\/td>\n<\/tr>\n<tr>\n<td width=\"293\">T\u00f3th Csab\u00e1n\u00e9<\/td>\n<td width=\"359\">dajka<\/td>\n<\/tr>\n<tr>\n<td width=\"293\">T\u00f3th Evelin<\/td>\n<td width=\"359\">gy\u00f3gypedag\u00f3giai asszisztens<\/td>\n<\/tr>\n<tr>\n<td width=\"293\">Vitain\u00e9 Zombori Nik\u00e9<\/td>\n<td width=\"359\">gy\u00f3gypedag\u00f3giai asszisztens<\/td>\n<\/tr>\n<tr>\n<td width=\"293\">Zseb\u00e9n\u00e9 Tokay \u00c9va<\/td>\n<td width=\"359\">dajka<\/td>\n<\/tr>\n<\/tbody>\n<\/table>\n<p>&nbsp;<\/p>\n<p><a id=\"egyeb\" name=\"#egyeb\"><\/a><em><strong>Egy\u00e9b munkak\u00f6rben dolgoz\u00f3k<\/strong><\/em><\/p>\n<table width=\"699\">\n<tbody>\n<tr>\n<td width=\"284\">Csics\u00f3 Antal<\/td>\n<td width=\"359\">port\u00e1s-karbantart\u00f3<\/td>\n<\/tr>\n<tr>\n<td width=\"284\">Danyin\u00e9 Blayer Anik\u00f3 0,5 f\u0151<\/td>\n<td width=\"359\">gazdas\u00e1gi \u00fcgyint\u00e9z\u0151<\/td>\n<\/tr>\n<tr>\n<td width=\"284\">G\u00e1sp\u00e1r Ilona<\/td>\n<td width=\"359\">takar\u00edt\u00f3<\/td>\n<\/tr>\n<tr>\n<td width=\"284\">Han\u00e1k Judit Eszter<\/td>\n<td width=\"359\">gazdas\u00e1gi \u00fcgyint\u00e9z\u0151<\/td>\n<\/tr>\n<tr>\n<td width=\"284\">Hornyeczki L\u00e1szl\u00f3<\/td>\n<td width=\"359\">port\u00e1s-karbantart\u00f3<\/td>\n<\/tr>\n<tr>\n<td width=\"284\">Horv\u00e1th Andrea<\/td>\n<td width=\"359\">takar\u00edt\u00f3<\/td>\n<\/tr>\n<tr>\n<td width=\"284\">Kiss B\u00e9la<\/td>\n<td width=\"359\">port\u00e1s-karbantart\u00f3<\/td>\n<\/tr>\n<tr>\n<td width=\"284\">Kolomp\u00e1r Val\u00e9ria<\/td>\n<td width=\"359\">takar\u00edt\u00f3<\/td>\n<\/tr>\n<tr>\n<td width=\"284\">K\u00f3r\u00f3di P\u00e9ter 0,5 f\u0151<\/td>\n<td width=\"359\">takar\u00edt\u00f3<\/td>\n<\/tr>\n<tr>\n<td width=\"284\">Kuzbeltn\u00e9 Moln\u00e1r Anita<\/td>\n<td width=\"359\">takar\u00edt\u00f3<\/td>\n<\/tr>\n<tr>\n<td width=\"284\">Lakatos L\u00e1szl\u00f3 Zsolt<\/td>\n<td width=\"359\">karbantart\u00f3<\/td>\n<\/tr>\n<tr>\n<td width=\"284\">L\u00e1z\u00e1r Ilona<\/td>\n<td width=\"359\">takar\u00edt\u00f3<\/td>\n<\/tr>\n<tr>\n<td width=\"284\">Nagy L\u00e1szl\u00f3<\/td>\n<td width=\"359\">gondnok-gk.vezet\u0151<\/td>\n<\/tr>\n<tr>\n<td width=\"284\">S\u00f3s Ildik\u00f3<\/td>\n<td width=\"359\">gazdas\u00e1gi munkat\u00e1rs<\/td>\n<\/tr>\n<tr>\n<td width=\"284\">Szak\u00e1cs Zsuzsanna<\/td>\n<td width=\"359\">takar\u00edt\u00f3<\/td>\n<\/tr>\n<tr>\n<td width=\"284\">Veres Attila<\/td>\n<td width=\"359\">port\u00e1s-karbantart\u00f3<\/td>\n<\/tr>\n<tr>\n<td width=\"284\">Zoboly\u00e1k Iv\u00e1n Csab\u00e1n\u00e9<\/td>\n<td width=\"359\">takar\u00edt\u00f3<\/td>\n<\/tr>\n<\/tbody>\n<\/table>","protected":false},"excerpt":{"rendered":"<p>Pedag\u00f3gusok &nbsp; NOKS(nevel\u0151-oktat\u00f3 munk\u00e1t k\u00f6zvetlen\u00fcl seg\u00edt\u0151) &nbsp; Egy\u00e9b munkak\u00f6rben dolgoz\u00f3k &nbsp; Pedag\u00f3gusok Asztalos Szilvia gy\u00f3gypedag\u00f3gus Bakondin\u00e9 Csepelyi Zsuzsanna Krisztina gy\u00f3gypedag\u00f3gus \/int\u00e9zm\u00e9nyegys\u00e9g-vezet\u0151 Barta Roland szakoktat\u00f3 Barta Zolt\u00e1nn\u00e9 gy\u00f3gypedag\u00f3gus Barta-Horti \u00c9va \u00e1ltal\u00e1nos iskolai tan\u00e1r Boross Zsuzs\u00e1nna Erzs\u00e9bet gy\u00f3gypedag\u00f3gus\/ mb. int\u00e9zm\u00e9nyegys\u00e9g\u00ad-vezet\u0151 Burovinczn\u00e9 Barcsik Bogl\u00e1rka gy\u00f3gypedag\u00f3gus Cs\u00e1k K\u00edra gy\u00f3gypedag\u00f3gus Cs\u00e9p\u00e1nyi Anna gy\u00f3gypedag\u00f3gus Darvas Attila gy\u00f3gypedag\u00f3gus\/ mb. int\u00e9zm\u00e9nyegys\u00e9g\u00ad-vezet\u0151 De\u00e1k Edina [&hellip;]<\/p>\n","protected":false},"author":2,"featured_media":0,"parent":0,"menu_order":0,"comment_status":"closed","ping_status":"closed","template":"elementor_header_footer","meta":{"ngg_post_thumbnail":0,"footnotes":""},"class_list":["post-1187","page","type-page","status-publish","hentry"],"_links":{"self":[{"href":"https:\/\/szalaparti-eger.hu\/en\/wp-json\/wp\/v2\/pages\/1187","targetHints":{"allow":["GET"]}}],"collection":[{"href":"https:\/\/szalaparti-eger.hu\/en\/wp-json\/wp\/v2\/pages"}],"about":[{"href":"https:\/\/szalaparti-eger.hu\/en\/wp-json\/wp\/v2\/types\/page"}],"author":[{"embeddable":true,"href":"https:\/\/szalaparti-eger.hu\/en\/wp-json\/wp\/v2\/users\/2"}],"replies":[{"embeddable":true,"href":"https:\/\/szalaparti-eger.hu\/en\/wp-json\/wp\/v2\/comments?post=1187"}],"version-history":[{"count":4,"href":"https:\/\/szalaparti-eger.hu\/en\/wp-json\/wp\/v2\/pages\/1187\/revisions"}],"predecessor-version":[{"id":4668,"href":"https:\/\/szalaparti-eger.hu\/en\/wp-json\/wp\/v2\/pages\/1187\/revisions\/4668"}],"wp:attachment":[{"href":"https:\/\/szalaparti-eger.hu\/en\/wp-json\/wp\/v2\/media?parent=1187"}],"curies":[{"name":"wp","href":"https:\/\/api.w.org\/{rel}","templated":true}]}}