{"id":237,"date":"2022-06-22T12:52:30","date_gmt":"2022-06-22T12:52:30","guid":{"rendered":"http:\/\/localhost:8000\/?page_id=18"},"modified":"2025-04-08T08:43:56","modified_gmt":"2025-04-08T06:43:56","slug":"kapcsolat","status":"publish","type":"page","link":"https:\/\/szalaparti-eger.hu\/en\/kapcsolat\/","title":{"rendered":"Kapcsolat"},"content":{"rendered":"<div data-elementor-type=\"wp-page\" data-elementor-id=\"237\" class=\"elementor elementor-237\" data-elementor-post-type=\"page\">\n\t\t\t\t\t\t<section class=\"elementor-section elementor-top-section elementor-element elementor-element-6f6607f elementor-section-boxed elementor-section-height-default elementor-section-height-default\" data-id=\"6f6607f\" data-element_type=\"section\" data-e-type=\"section\">\n\t\t\t\t\t\t<div class=\"elementor-container elementor-column-gap-default\">\n\t\t\t\t\t<div class=\"elementor-column elementor-col-100 elementor-top-column elementor-element elementor-element-7409b99\" data-id=\"7409b99\" data-element_type=\"column\" data-e-type=\"column\">\n\t\t\t<div class=\"elementor-widget-wrap elementor-element-populated\">\n\t\t\t\t\t\t<div class=\"elementor-element elementor-element-cd800f2 elementor-widget elementor-widget-heading\" data-id=\"cd800f2\" data-element_type=\"widget\" data-e-type=\"widget\" data-widget_type=\"heading.default\">\n\t\t\t\t<div class=\"elementor-widget-container\">\n\t\t\t\t\t<h2 class=\"elementor-heading-title elementor-size-default\">Egri Szalaparti EGYMI \u00e9s Koll\u00e9gium <br>\n\nOM azonos\u00edt\u00f3: 038521<\/h2>\t\t\t\t<\/div>\n\t\t\t\t<\/div>\n\t\t\t\t\t<\/div>\n\t\t<\/div>\n\t\t\t\t\t<\/div>\n\t\t<\/section>\n\t\t<div class=\"elementor-element elementor-element-60b2df8 e-flex e-con-boxed e-con e-parent\" data-id=\"60b2df8\" data-element_type=\"container\" data-e-type=\"container\">\n\t\t\t\t\t<div class=\"e-con-inner\">\n\t\t<div class=\"elementor-element elementor-element-576bf47 e-con-full e-flex e-con e-child\" data-id=\"576bf47\" data-element_type=\"container\" data-e-type=\"container\">\n\t\t\t\t<div class=\"elementor-element elementor-element-e15ac03 elementor-widget elementor-widget-text-editor\" data-id=\"e15ac03\" data-element_type=\"widget\" data-e-type=\"widget\" data-widget_type=\"text-editor.default\">\n\t\t\t\t<div class=\"elementor-widget-container\">\n\t\t\t\t\t\t\t\t\t<p><strong>Fenntart\u00f3:<\/strong>\u00a0Egri Tanker\u00fcleti K\u00f6zpont<\/p><p>Fenntart\u00f3 c\u00edme: 3300 Eger, Bem t\u00e1bornok utca 3.<\/p><p>Telefonsz\u00e1m: 36\/795-230<\/p><p>E-mail: eger@kk.gov.hu<\/p><p>Honlap: http:\/\/kk.gov.hu\/eger<\/p><p>K\u00e9pvisel\u0151: Ballag\u00f3 Zolt\u00e1n igazgat\u00f3<\/p><p>Telefonsz\u00e1ma: 30\/626-6280<\/p><p>E-mail: zoltan.ballago@kk.gov.hu<\/p>\t\t\t\t\t\t\t\t<\/div>\n\t\t\t\t<\/div>\n\t\t\t\t<\/div>\n\t\t<div class=\"elementor-element elementor-element-9c50cd5 e-con-full e-flex e-con e-child\" data-id=\"9c50cd5\" data-element_type=\"container\" data-e-type=\"container\">\n\t\t\t\t<div class=\"elementor-element elementor-element-729337f elementor-widget elementor-widget-text-editor\" data-id=\"729337f\" data-element_type=\"widget\" data-e-type=\"widget\" data-widget_type=\"text-editor.default\">\n\t\t\t\t<div class=\"elementor-widget-container\">\n\t\t\t\t\t\t\t\t\t<p><strong>F\u0151igazgat\u00f3:<\/strong>\u00a0Hornyeczki L\u00e1szl\u00f3n\u00e9<\/p><p>Int\u00e9zm\u00e9ny c\u00edme: 3300 Eger, Szalapart u. 81.<\/p><p>Telefonsz\u00e1m: 36\/411-933<\/p><p>Mobil: +36 30 783 7936<\/p><p>E-mail: intvez.szalapart@gmail.com<\/p><p>Honlap: szalaparti-eger.hu<\/p>\t\t\t\t\t\t\t\t<\/div>\n\t\t\t\t<\/div>\n\t\t\t\t<\/div>\n\t\t\t\t\t<\/div>\n\t\t\t\t<\/div>\n\t\t\t\t<section class=\"elementor-section elementor-top-section elementor-element elementor-element-5a2053d elementor-section-boxed elementor-section-height-default elementor-section-height-default\" data-id=\"5a2053d\" data-element_type=\"section\" data-e-type=\"section\">\n\t\t\t\t\t\t<div class=\"elementor-container elementor-column-gap-default\">\n\t\t\t\t\t<div class=\"elementor-column elementor-col-100 elementor-top-column elementor-element elementor-element-382cfac\" data-id=\"382cfac\" data-element_type=\"column\" data-e-type=\"column\">\n\t\t\t<div class=\"elementor-widget-wrap elementor-element-populated\">\n\t\t\t\t\t\t<div class=\"elementor-element elementor-element-3a4c3a1 elementor-align-center elementor-widget elementor-widget-button\" data-id=\"3a4c3a1\" data-element_type=\"widget\" data-e-type=\"widget\" data-widget_type=\"button.default\">\n\t\t\t\t<div class=\"elementor-widget-container\">\n\t\t\t\t\t\t\t\t\t<div class=\"elementor-button-wrapper\">\n\t\t\t\t\t<a class=\"elementor-button elementor-button-link elementor-size-sm\" href=\"https:\/\/szalaparti-eger.hu\/en\/intezmenyegysegek\/\">\n\t\t\t\t\t\t<span class=\"elementor-button-content-wrapper\">\n\t\t\t\t\t\t\t\t\t<span class=\"elementor-button-text\">Az egyes int\u00e9zm\u00e9nyegys\u00e9g-vezet\u0151k el\u00e9rhet\u0151s\u00e9geit ide kattintva tal\u00e1lhatja meg<\/span>\n\t\t\t\t\t<\/span>\n\t\t\t\t\t<\/a>\n\t\t\t\t<\/div>\n\t\t\t\t\t\t\t\t<\/div>\n\t\t\t\t<\/div>\n\t\t\t\t\t<\/div>\n\t\t<\/div>\n\t\t\t\t\t<\/div>\n\t\t<\/section>\n\t\t<div class=\"elementor-element elementor-element-9d2c545 e-flex e-con-boxed e-con e-parent\" data-id=\"9d2c545\" data-element_type=\"container\" data-e-type=\"container\">\n\t\t\t\t\t<div class=\"e-con-inner\">\n\t\t\t\t<div class=\"elementor-element elementor-element-9dc5828 elementor-widget elementor-widget-spacer\" data-id=\"9dc5828\" data-element_type=\"widget\" data-e-type=\"widget\" data-widget_type=\"spacer.default\">\n\t\t\t\t<div class=\"elementor-widget-container\">\n\t\t\t\t\t\t\t<div class=\"elementor-spacer\">\n\t\t\t<div class=\"elementor-spacer-inner\"><\/div>\n\t\t<\/div>\n\t\t\t\t\t\t<\/div>\n\t\t\t\t<\/div>\n\t\t\t\t\t<\/div>\n\t\t\t\t<\/div>\n\t\t<div class=\"elementor-element elementor-element-dd76325 e-flex e-con-boxed e-con e-parent\" data-id=\"dd76325\" data-element_type=\"container\" data-e-type=\"container\">\n\t\t\t\t\t<div class=\"e-con-inner\">\n\t\t<div class=\"elementor-element elementor-element-8f28a94 e-con-full e-flex e-con e-child\" data-id=\"8f28a94\" data-element_type=\"container\" data-e-type=\"container\">\n\t\t\t\t<\/div>\n\t\t<div class=\"elementor-element elementor-element-31f55ac e-con-full e-flex e-con e-child\" data-id=\"31f55ac\" data-element_type=\"container\" data-e-type=\"container\">\n\t\t<div class=\"elementor-element elementor-element-3cdb0d0 e-flex e-con-boxed e-con e-child\" data-id=\"3cdb0d0\" data-element_type=\"container\" data-e-type=\"container\">\n\t\t\t\t\t<div class=\"e-con-inner\">\n\t\t\t\t<div class=\"elementor-element elementor-element-4595819 elementor-widget elementor-widget-google_maps\" data-id=\"4595819\" data-element_type=\"widget\" data-e-type=\"widget\" data-widget_type=\"google_maps.default\">\n\t\t\t\t<div class=\"elementor-widget-container\">\n\t\t\t\t\t\t\t<div class=\"elementor-custom-embed\">\n\t\t\t<iframe loading=\"lazy\"\n\t\t\t\t\tsrc=\"https:\/\/maps.google.com\/maps?q=Egri%20Szalaparti%20Egymi%20%C3%A9s%20Koll%C3%A9gium&#038;t=m&#038;z=16&#038;output=embed&#038;iwloc=near\"\n\t\t\t\t\ttitle=\"Egri Szalaparti Egymi \u00e9s Koll\u00e9gium\"\n\t\t\t\t\taria-label=\"Egri Szalaparti Egymi \u00e9s Koll\u00e9gium\"\n\t\t\t><\/iframe>\n\t\t<\/div>\n\t\t\t\t\t\t<\/div>\n\t\t\t\t<\/div>\n\t\t\t\t\t<\/div>\n\t\t\t\t<\/div>\n\t\t<div class=\"elementor-element elementor-element-82b2ef1 e-flex e-con-boxed e-con e-child\" data-id=\"82b2ef1\" data-element_type=\"container\" data-e-type=\"container\">\n\t\t\t\t\t<div class=\"e-con-inner\">\n\t\t\t\t<div class=\"elementor-element elementor-element-df6ec34 elementor-widget elementor-widget-html\" data-id=\"df6ec34\" data-element_type=\"widget\" data-e-type=\"widget\" data-widget_type=\"html.default\">\n\t\t\t\t<div class=\"elementor-widget-container\">\n\t\t\t\t\t<iframe src=\"https:\/\/www.google.com\/maps\/embed?pb=!4v1686303373763!6m8!1m7!1syS4eEdhiTT0DNUNZ3RDw0Q!2m2!1d47.91493432720142!2d20.36352841048384!3f217.8690291327486!4f-0.6472017412634017!5f0.7820865974627469\" width=\"600\" height=\"450\" style=\"border:0;\" allowfullscreen=\"\" loading=\"lazy\" referrerpolicy=\"no-referrer-when-downgrade\"><\/iframe>\t\t\t\t<\/div>\n\t\t\t\t<\/div>\n\t\t\t\t\t<\/div>\n\t\t\t\t<\/div>\n\t\t\t\t<\/div>\n\t\t\t\t\t<\/div>\n\t\t\t\t<\/div>\n\t\t<div class=\"elementor-element elementor-element-665a7af e-flex e-con-boxed e-con e-parent\" data-id=\"665a7af\" data-element_type=\"container\" data-e-type=\"container\">\n\t\t\t\t\t<div class=\"e-con-inner\">\n\t\t\t\t\t<\/div>\n\t\t\t\t<\/div>\n\t\t\t\t<\/div>","protected":false},"excerpt":{"rendered":"<p>Egri Szalaparti EGYMI \u00e9s Koll\u00e9gium OM azonos\u00edt\u00f3: 038521 Fenntart\u00f3:\u00a0Egri Tanker\u00fcleti K\u00f6zpont Fenntart\u00f3 c\u00edme: 3300 Eger, Bem t\u00e1bornok utca 3. Telefonsz\u00e1m: 36\/795-230 E-mail: eger@kk.gov.hu Honlap: http:\/\/kk.gov.hu\/eger K\u00e9pvisel\u0151: Ballag\u00f3 Zolt\u00e1n igazgat\u00f3 Telefonsz\u00e1ma: 30\/626-6280 E-mail: zoltan.ballago@kk.gov.hu F\u0151igazgat\u00f3:\u00a0Hornyeczki L\u00e1szl\u00f3n\u00e9 Int\u00e9zm\u00e9ny c\u00edme: 3300 Eger, Szalapart u. 81. Telefonsz\u00e1m: 36\/411-933 Mobil: +36 30 783 7936 E-mail: intvez.szalapart@gmail.com Honlap: szalaparti-eger.hu Az egyes [&hellip;]<\/p>\n","protected":false},"author":1,"featured_media":0,"parent":0,"menu_order":0,"comment_status":"closed","ping_status":"closed","template":"elementor_header_footer","meta":{"ngg_post_thumbnail":0,"footnotes":""},"class_list":["post-237","page","type-page","status-publish","hentry"],"_links":{"self":[{"href":"https:\/\/szalaparti-eger.hu\/en\/wp-json\/wp\/v2\/pages\/237","targetHints":{"allow":["GET"]}}],"collection":[{"href":"https:\/\/szalaparti-eger.hu\/en\/wp-json\/wp\/v2\/pages"}],"about":[{"href":"https:\/\/szalaparti-eger.hu\/en\/wp-json\/wp\/v2\/types\/page"}],"author":[{"embeddable":true,"href":"https:\/\/szalaparti-eger.hu\/en\/wp-json\/wp\/v2\/users\/1"}],"replies":[{"embeddable":true,"href":"https:\/\/szalaparti-eger.hu\/en\/wp-json\/wp\/v2\/comments?post=237"}],"version-history":[{"count":43,"href":"https:\/\/szalaparti-eger.hu\/en\/wp-json\/wp\/v2\/pages\/237\/revisions"}],"predecessor-version":[{"id":4430,"href":"https:\/\/szalaparti-eger.hu\/en\/wp-json\/wp\/v2\/pages\/237\/revisions\/4430"}],"wp:attachment":[{"href":"https:\/\/szalaparti-eger.hu\/en\/wp-json\/wp\/v2\/media?parent=237"}],"curies":[{"name":"wp","href":"https:\/\/api.w.org\/{rel}","templated":true}]}}