{"id":3319,"date":"2024-01-31T11:30:19","date_gmt":"2024-01-31T10:30:19","guid":{"rendered":"https:\/\/szalaparti-eger.hu\/?page_id=3319"},"modified":"2025-04-10T13:24:25","modified_gmt":"2025-04-10T11:24:25","slug":"adatkezelesi-tajekoztato-2","status":"publish","type":"page","link":"https:\/\/szalaparti-eger.hu\/en\/adatkezelesi-tajekoztato-2\/","title":{"rendered":"Adatkezel\u00e9si t\u00e1j\u00e9koztat\u00f3"},"content":{"rendered":"<div data-elementor-type=\"wp-page\" data-elementor-id=\"3319\" class=\"elementor elementor-3319\" data-elementor-post-type=\"page\">\n\t\t\t\t<div class=\"elementor-element elementor-element-765f705d e-flex e-con-boxed e-con e-parent\" data-id=\"765f705d\" data-element_type=\"container\" data-e-type=\"container\">\n\t\t\t\t\t<div class=\"e-con-inner\">\n\t\t\t\t<div class=\"elementor-element elementor-element-3ff388 elementor-widget elementor-widget-text-editor\" data-id=\"3ff388\" data-element_type=\"widget\" data-e-type=\"widget\" data-widget_type=\"text-editor.default\">\n\t\t\t\t<div class=\"elementor-widget-container\">\n\t\t\t\t\t\t\t\t\t<p class=\"rvps1\" style=\"text-align: center;\"><span class=\"rvts56\">T\u00c1J\u00c9KOZTAT\u00c1S TANUL\u00d3K \u00c9S T\u00d6RV\u00c9NYES K\u00c9PVISEL\u0150IK R\u00c9SZ\u00c9RE<\/span><\/p><p class=\"rvps1\" style=\"text-align: center;\"><span class=\"rvts56\">\u00a0<\/span><\/p><p class=\"rvps1\" style=\"text-align: center;\"><span class=\"rvts56\">AZ EGRI SZALAPARTI <\/span><span class=\"rvts56\">EGYS\u00c9GES GY\u00d3GYPEDAG\u00d3GIAI M\u00d3DSZERTANI INT\u00c9ZM\u00c9NY, \u00d3VODA, \u00c1LTAL\u00c1NOS ISKOLA, K\u00c9SZS\u00c9GFEJLESZT\u0150 ISKOLA, FEJLESZT\u0150 NEVEL\u00c9S-OKTAT\u00c1ST V\u00c9GZ\u0150 ISKOLA \u00c9S KOLL\u00c9GIUM<\/span><\/p><p class=\"rvps1\" style=\"text-align: center;\"><span class=\"rvts56\">\u00c9S AZ <\/span><span class=\"rvts56\">EGRI TANKER\u00dcLETI K\u00d6ZPONT <\/span><span class=\"rvts56\">\u00c1LTAL V\u00c9GZETT ADATKEZEL\u00c9SEKR\u0150L<\/span><\/p>\t\t\t\t\t\t\t\t<\/div>\n\t\t\t\t<\/div>\n\t\t\t\t\t<\/div>\n\t\t\t\t<\/div>\n\t\t<div class=\"elementor-element elementor-element-b5e78f4 e-flex e-con-boxed e-con e-parent\" data-id=\"b5e78f4\" data-element_type=\"container\" data-e-type=\"container\">\n\t\t\t\t\t<div class=\"e-con-inner\">\n\t\t\t\t<div class=\"elementor-element elementor-element-d9e1ce8 elementor-widget elementor-widget-embedpress_pdf\" data-id=\"d9e1ce8\" data-element_type=\"widget\" data-e-type=\"widget\" data-widget_type=\"embedpress_pdf.default\">\n\t\t\t\t<div class=\"elementor-widget-container\">\n\t\t\t\t\t    <div class=\"embedpress-document-embed ep-doc-9a11524f5f8cc18758347ded87bdc421 ose-document emebedpress-unit-percent\" data-thememode=\"default\" data-customcolor=\"\" data-toolbar=\"yes\" data-toolbar-position=\"top\" data-open=\"no\" data-presentation-mode=\"yes\" data-download=\"yes\" data-copy=\"yes\" data-add-image=\"yes\" data-rotate=\"yes\" data-details=\"yes\" data-id=\"embedpress-pdf-d9e1ce8\" data-selection-tool=\"0\" data-scrolling=\"0\" data-spreads=\"-1\" style=\" max-width:100%; display: inline-block\">\n\n        \n                <div >\n\n                    <div id=\"ep-elementor-content-d9e1ce8\" class=\"ep-elementor-content   ep-percentage-width   ep-content-protection-disabled\">\n                        <div id=\"d9e1ce8\" class=\"ep-embed-content-wraper\">\n                            <div><iframe title=\"adatkezelesi_tajekoztato\" class=\"embedpress-embed-document-pdf embedpress-pdf-d9e1ce8\" style=\"width: 600%!important;height: 600px;; max-width:100%; display: inline-block\" src=\"https:\/\/szalaparti-eger.hu\/wp-admin\/admin-ajax.php?action=get_viewer&#038;file=https%3A%2F%2Fszalaparti-eger.hu%2Fwp-content%2Fuploads%2F2024%2F01%2Fadatkezelesi_tajekoztato.pdf&#038;scrolling=0&#038;selection_tool=0&#038;spreads=-1#key=dGhlbWVNb2RlPWRlZmF1bHQmdG9vbGJhcj10cnVlJnBvc2l0aW9uPXRvcCZwcmVzZW50YXRpb249dHJ1ZSZsYXp5TG9hZD1mYWxzZSZkb3dubG9hZD10cnVlJmNvcHlfdGV4dD10cnVlJmFkZF90ZXh0PXRydWUmZHJhdz10cnVlJmFkZF9pbWFnZT10cnVlJnBkZl9yb3RhdGlvbj10cnVlJnBkZl9kZXRhaWxzPXRydWUmem9vbV9pbj10cnVlJnpvb21fb3V0PXRydWUmZml0X3ZpZXc9dHJ1ZSZib29rbWFyaz10cnVlJnNvdW5kPXRydWUmZmxpcGJvb2tfdG9vbGJhcl9wb3NpdGlvbj1ib3R0b20mc2VsZWN0aW9uX3Rvb2w9MCZzY3JvbGxpbmc9MCZzcHJlYWRzPS0xJmlzX3Byb19hY3RpdmU9MA==&#038;zoom=auto\" data-emid=\"embedpress-pdf-d9e1ce8\" data-embed-type=\"PDF\" frameborder=\"0\"><\/iframe><p class=\"embedpress-el-powered\">Powered By EmbedPress<\/p><\/div>                        <\/div>\n\n                    <\/div>\n\n\n                   \n                <\/div>\n            \n    <\/div>\n\n\t\t\t\t<\/div>\n\t\t\t\t<\/div>\n\t\t\t\t\t<\/div>\n\t\t\t\t<\/div>\n\t\t\t\t<\/div>","protected":false},"excerpt":{"rendered":"<p>T\u00c1J\u00c9KOZTAT\u00c1S TANUL\u00d3K \u00c9S T\u00d6RV\u00c9NYES K\u00c9PVISEL\u0150IK R\u00c9SZ\u00c9RE \u00a0 AZ EGRI SZALAPARTI EGYS\u00c9GES GY\u00d3GYPEDAG\u00d3GIAI M\u00d3DSZERTANI INT\u00c9ZM\u00c9NY, \u00d3VODA, \u00c1LTAL\u00c1NOS ISKOLA, K\u00c9SZS\u00c9GFEJLESZT\u0150 ISKOLA, FEJLESZT\u0150 NEVEL\u00c9S-OKTAT\u00c1ST V\u00c9GZ\u0150 ISKOLA \u00c9S KOLL\u00c9GIUM \u00c9S AZ EGRI TANKER\u00dcLETI K\u00d6ZPONT \u00c1LTAL V\u00c9GZETT ADATKEZEL\u00c9SEKR\u0150L Powered By EmbedPress<\/p>","protected":false},"author":2,"featured_media":0,"parent":0,"menu_order":0,"comment_status":"closed","ping_status":"closed","template":"elementor_header_footer","meta":{"ngg_post_thumbnail":0,"footnotes":""},"class_list":["post-3319","page","type-page","status-publish","hentry"],"_links":{"self":[{"href":"https:\/\/szalaparti-eger.hu\/en\/wp-json\/wp\/v2\/pages\/3319","targetHints":{"allow":["GET"]}}],"collection":[{"href":"https:\/\/szalaparti-eger.hu\/en\/wp-json\/wp\/v2\/pages"}],"about":[{"href":"https:\/\/szalaparti-eger.hu\/en\/wp-json\/wp\/v2\/types\/page"}],"author":[{"embeddable":true,"href":"https:\/\/szalaparti-eger.hu\/en\/wp-json\/wp\/v2\/users\/2"}],"replies":[{"embeddable":true,"href":"https:\/\/szalaparti-eger.hu\/en\/wp-json\/wp\/v2\/comments?post=3319"}],"version-history":[{"count":13,"href":"https:\/\/szalaparti-eger.hu\/en\/wp-json\/wp\/v2\/pages\/3319\/revisions"}],"predecessor-version":[{"id":4655,"href":"https:\/\/szalaparti-eger.hu\/en\/wp-json\/wp\/v2\/pages\/3319\/revisions\/4655"}],"wp:attachment":[{"href":"https:\/\/szalaparti-eger.hu\/en\/wp-json\/wp\/v2\/media?parent=3319"}],"curies":[{"name":"wp","href":"https:\/\/api.w.org\/{rel}","templated":true}]}}