{"id":3321,"date":"2024-01-31T11:31:06","date_gmt":"2024-01-31T10:31:06","guid":{"rendered":"https:\/\/szalaparti-eger.hu\/?page_id=3321"},"modified":"2025-04-10T13:25:29","modified_gmt":"2025-04-10T11:25:29","slug":"iskola-egeszsegugy","status":"publish","type":"page","link":"https:\/\/szalaparti-eger.hu\/en\/iskola-egeszsegugy\/","title":{"rendered":"Iskola-eg\u00e9szs\u00e9g\u00fcgy"},"content":{"rendered":"<div data-elementor-type=\"wp-page\" data-elementor-id=\"3321\" class=\"elementor elementor-3321\" data-elementor-post-type=\"page\">\n\t\t\t\t<div class=\"elementor-element elementor-element-1c50c898 e-flex e-con-boxed e-con e-parent\" data-id=\"1c50c898\" data-element_type=\"container\" data-e-type=\"container\">\n\t\t\t\t\t<div class=\"e-con-inner\">\n\t\t\t\t<div class=\"elementor-element elementor-element-7d8ad0fc elementor-widget elementor-widget-text-editor\" data-id=\"7d8ad0fc\" data-element_type=\"widget\" data-e-type=\"widget\" data-widget_type=\"text-editor.default\">\n\t\t\t\t<div class=\"elementor-widget-container\">\n\t\t\t\t\t\t\t\t\t<p>T\u00e1j\u00e9koztat\u00f3<\/p>\t\t\t\t\t\t\t\t<\/div>\n\t\t\t\t<\/div>\n\t\t\t\t\t<\/div>\n\t\t\t\t<\/div>\n\t\t<div class=\"elementor-element elementor-element-330cc27 e-flex e-con-boxed e-con e-parent\" data-id=\"330cc27\" data-element_type=\"container\" data-e-type=\"container\">\n\t\t\t\t\t<div class=\"e-con-inner\">\n\t\t\t\t<div class=\"elementor-element elementor-element-3e858dd elementor-widget elementor-widget-text-editor\" data-id=\"3e858dd\" data-element_type=\"widget\" data-e-type=\"widget\" data-widget_type=\"text-editor.default\">\n\t\t\t\t<div class=\"elementor-widget-container\">\n\t\t\t\t\t\t\t\t\t<p>Orvosi Adatkezel\u00e9si T\u00e1j\u00e9koztat\u00f3 \u00e9s Szab\u00e1lyzat<\/p>\t\t\t\t\t\t\t\t<\/div>\n\t\t\t\t<\/div>\n\t\t\t\t\t<\/div>\n\t\t\t\t<\/div>\n\t\t<div class=\"elementor-element elementor-element-83ccb61 e-flex e-con-boxed e-con e-parent\" data-id=\"83ccb61\" data-element_type=\"container\" data-e-type=\"container\">\n\t\t\t\t\t<div class=\"e-con-inner\">\n\t\t\t\t<div class=\"elementor-element elementor-element-38add9b elementor-widget elementor-widget-embedpress_pdf\" data-id=\"38add9b\" data-element_type=\"widget\" data-e-type=\"widget\" data-widget_type=\"embedpress_pdf.default\">\n\t\t\t\t<div class=\"elementor-widget-container\">\n\t\t\t\t\t    <div class=\"embedpress-document-embed ep-doc-5204530a7cee579a2bd7a00ce1c31e3f ose-document emebedpress-unit-percent\" data-thememode=\"default\" data-customcolor=\"\" data-toolbar=\"yes\" data-toolbar-position=\"top\" data-open=\"no\" data-presentation-mode=\"yes\" data-download=\"yes\" data-copy=\"yes\" data-add-image=\"yes\" data-rotate=\"yes\" data-details=\"yes\" data-id=\"embedpress-pdf-38add9b\" data-selection-tool=\"0\" data-scrolling=\"0\" data-spreads=\"-1\" style=\" max-width:100%; display: inline-block\">\n\n        \n                <div >\n\n                    <div id=\"ep-elementor-content-38add9b\" class=\"ep-elementor-content   ep-percentage-width   ep-content-protection-disabled\">\n                        <div id=\"38add9b\" class=\"ep-embed-content-wraper\">\n                            <div><iframe title=\"orvosi_adatk_szabalyzat\" class=\"embedpress-embed-document-pdf embedpress-pdf-38add9b\" style=\"width: 600%!important;height: 600px;; max-width:100%; display: inline-block\" src=\"https:\/\/szalaparti-eger.hu\/wp-admin\/admin-ajax.php?action=get_viewer&#038;file=https%3A%2F%2Fszalaparti-eger.hu%2Fwp-content%2Fuploads%2F2024%2F01%2Forvosi_adatk_szabalyzat.pdf&#038;scrolling=0&#038;selection_tool=0&#038;spreads=-1#key=dGhlbWVNb2RlPWRlZmF1bHQmdG9vbGJhcj10cnVlJnBvc2l0aW9uPXRvcCZwcmVzZW50YXRpb249dHJ1ZSZsYXp5TG9hZD1mYWxzZSZkb3dubG9hZD10cnVlJmNvcHlfdGV4dD10cnVlJmFkZF90ZXh0PXRydWUmZHJhdz10cnVlJmFkZF9pbWFnZT10cnVlJnBkZl9yb3RhdGlvbj10cnVlJnBkZl9kZXRhaWxzPXRydWUmem9vbV9pbj10cnVlJnpvb21fb3V0PXRydWUmZml0X3ZpZXc9dHJ1ZSZib29rbWFyaz10cnVlJnNvdW5kPXRydWUmZmxpcGJvb2tfdG9vbGJhcl9wb3NpdGlvbj1ib3R0b20mc2VsZWN0aW9uX3Rvb2w9MCZzY3JvbGxpbmc9MCZzcHJlYWRzPS0xJmlzX3Byb19hY3RpdmU9MA==&#038;zoom=auto\" data-emid=\"embedpress-pdf-38add9b\" data-embed-type=\"PDF\" frameborder=\"0\"><\/iframe><p class=\"embedpress-el-powered\">Powered By EmbedPress<\/p><\/div>                        <\/div>\n\n                    <\/div>\n\n\n                   \n                <\/div>\n            \n    <\/div>\n\n\t\t\t\t<\/div>\n\t\t\t\t<\/div>\n\t\t\t\t\t<\/div>\n\t\t\t\t<\/div>\n\t\t\t\t<\/div>","protected":false},"excerpt":{"rendered":"<p>T\u00e1j\u00e9koztat\u00f3 Orvosi Adatkezel\u00e9si T\u00e1j\u00e9koztat\u00f3 \u00e9s Szab\u00e1lyzat Powered By EmbedPress<\/p>","protected":false},"author":2,"featured_media":0,"parent":0,"menu_order":0,"comment_status":"closed","ping_status":"closed","template":"elementor_header_footer","meta":{"ngg_post_thumbnail":0,"footnotes":""},"class_list":["post-3321","page","type-page","status-publish","hentry"],"_links":{"self":[{"href":"https:\/\/szalaparti-eger.hu\/en\/wp-json\/wp\/v2\/pages\/3321","targetHints":{"allow":["GET"]}}],"collection":[{"href":"https:\/\/szalaparti-eger.hu\/en\/wp-json\/wp\/v2\/pages"}],"about":[{"href":"https:\/\/szalaparti-eger.hu\/en\/wp-json\/wp\/v2\/types\/page"}],"author":[{"embeddable":true,"href":"https:\/\/szalaparti-eger.hu\/en\/wp-json\/wp\/v2\/users\/2"}],"replies":[{"embeddable":true,"href":"https:\/\/szalaparti-eger.hu\/en\/wp-json\/wp\/v2\/comments?post=3321"}],"version-history":[{"count":10,"href":"https:\/\/szalaparti-eger.hu\/en\/wp-json\/wp\/v2\/pages\/3321\/revisions"}],"predecessor-version":[{"id":4658,"href":"https:\/\/szalaparti-eger.hu\/en\/wp-json\/wp\/v2\/pages\/3321\/revisions\/4658"}],"wp:attachment":[{"href":"https:\/\/szalaparti-eger.hu\/en\/wp-json\/wp\/v2\/media?parent=3321"}],"curies":[{"name":"wp","href":"https:\/\/api.w.org\/{rel}","templated":true}]}}