{"id":378,"date":"2023-06-03T07:54:52","date_gmt":"2023-06-03T05:54:52","guid":{"rendered":"https:\/\/szalaparti-eger.edu.hu\/teszt\/?page_id=378"},"modified":"2024-01-31T14:36:34","modified_gmt":"2024-01-31T13:36:34","slug":"aranykapu-alapitvany","status":"publish","type":"page","link":"https:\/\/szalaparti-eger.hu\/en\/aranykapu-alapitvany\/","title":{"rendered":"Aranykapu Alap\u00edtv\u00e1ny"},"content":{"rendered":"<div data-elementor-type=\"wp-page\" data-elementor-id=\"378\" class=\"elementor elementor-378\" data-elementor-post-type=\"page\">\n\t\t\t\t<div class=\"elementor-element elementor-element-34c2671 e-flex e-con-boxed e-con e-parent\" data-id=\"34c2671\" data-element_type=\"container\" data-e-type=\"container\">\n\t\t\t\t\t<div class=\"e-con-inner\">\n\t\t\t\t<div class=\"elementor-element elementor-element-93f7f3f elementor-widget elementor-widget-text-editor\" data-id=\"93f7f3f\" data-element_type=\"widget\" data-e-type=\"widget\" data-widget_type=\"text-editor.default\">\n\t\t\t\t<div class=\"elementor-widget-container\">\n\t\t\t\t\t\t\t\t\t<p><span style=\"color: var( --e-global-color-text ); font-family: var( --e-global-typography-text-font-family ), Sans-serif; font-weight: var( --e-global-typography-text-font-weight ); text-align: var(--text-align); font-size: 1rem;\">Az Aranykapu Alap\u00edtv\u00e1nyt az alap\u00edt\u00f3, az egri Szalaparti Egys\u00e9ges Gy\u00f3gypedag\u00f3giai M\u00f3dszertani Int\u00e9zm\u00e9ny, Szakiskola \u00e9s Di\u00e1kotthon a sz\u00fcl\u0151k \u00e9s a pedag\u00f3gusok kezdem\u00e9nyez\u00e9s\u00e9re hozta l\u00e9tre.<\/span><\/p><p class=\"rvps3\"><span class=\"rvts56\">Az alap\u00edtv\u00e1nyt, mint k\u00f6zhaszn\u00fa szervezetet a Heves Megyei B\u00edr\u00f3s\u00e1g 1999. december 29-\u00e9n vette nyilv\u00e1ntart\u00e1sba Pk. 60.161\/1999\/2 sz\u00e1m\u00fa v\u00e9gz\u00e9ssel.<\/span><\/p><p><span class=\"rvts57\">\u00a0<\/span><\/p><h2><span class=\"rvts57\">Az alap\u00edtv\u00e1ny c\u00e9lja:<\/span><\/h2><p class=\"rvps3\"><span class=\"rvts56\">A tanul\u00e1sban \u00e9s \u00e9rtelmileg akad\u00e1lyozott gyermekek oktat\u00e1s\u00e1val, nevel\u00e9s\u00e9vel \u00f6sszef\u00fcgg\u0151 fejleszt\u0151 tev\u00e9kenys\u00e9gek t\u00e1mogat\u00e1sa.<\/span><\/p><p class=\"rvps3\"><span class=\"rvts56\">Az alap\u00edtv\u00e1ny k\u00f6zhaszn\u00fa tev\u00e9kenys\u00e9g\u00e9t a nevel\u00e9s \u00e9s oktat\u00e1s, k\u00e9pess\u00e9gfejleszt\u00e9s, ismeretterjeszt\u00e9s, valamint a gyermek- \u00e9s ifj\u00fas\u00e1gv\u00e9delem ter\u00fcletein fejti ki.<\/span><\/p>\t\t\t\t\t\t\t\t<\/div>\n\t\t\t\t<\/div>\n\t\t\t\t<div class=\"elementor-element elementor-element-65e08ef elementor-widget elementor-widget-video\" data-id=\"65e08ef\" data-element_type=\"widget\" data-e-type=\"widget\" data-settings=\"{&quot;youtube_url&quot;:&quot;https:\\\/\\\/youtu.be\\\/hdB5fcZ8-Qc&quot;,&quot;video_type&quot;:&quot;youtube&quot;,&quot;controls&quot;:&quot;yes&quot;}\" data-widget_type=\"video.default\">\n\t\t\t\t<div class=\"elementor-widget-container\">\n\t\t\t\t\t\t\t<div class=\"elementor-wrapper elementor-open-inline\">\n\t\t\t<div class=\"elementor-video\"><\/div>\t\t<\/div>\n\t\t\t\t\t\t<\/div>\n\t\t\t\t<\/div>\n\t\t\t\t<div class=\"elementor-element elementor-element-1b9a8543 elementor-drop-cap-yes elementor-drop-cap-view-default elementor-widget elementor-widget-text-editor\" data-id=\"1b9a8543\" data-element_type=\"widget\" data-e-type=\"widget\" data-settings=\"{&quot;drop_cap&quot;:&quot;yes&quot;}\" data-widget_type=\"text-editor.default\">\n\t\t\t\t<div class=\"elementor-widget-container\">\n\t\t\t\t\t\t\t\t\t<p class=\"rvps3\">\u00a0<\/p><h2><span class=\"rvts57\">Az alap\u00edtv\u00e1ny jogalanyis\u00e1ga, jogi helyzete:<\/span><\/h2><p><span class=\"rvts137\">\u00a0<\/span><\/p><p class=\"rvps3\"><span class=\"rvts56\">Az alap\u00edtv\u00e1ny nyitott, k\u00f6zhaszn\u00fa alap\u00edtv\u00e1ny. Az alap\u00edtv\u00e1ny \u00f6n\u00e1ll\u00f3 jogi szem\u00e9ly, amely saj\u00e1t nev\u00e9ben szerezhet jogokat \u00e9s v\u00e1llalhat k\u00f6telezetts\u00e9geket.<\/span><\/p><p class=\"rvps3\"><span class=\"rvts56\">Az alap\u00edtv\u00e1nyhoz hazai, k\u00fclf\u00f6ldi, mag\u00e1n \u00e9s jogi szem\u00e9lyek csatlakozhatnak, amennyiben az alap\u00edtv\u00e1ny c\u00e9lj\u00e1val egyet\u00e9rtenek. Csatlakozni lehet p\u00e9nzbeli \u00e9s nem p\u00e9nzbeli hozz\u00e1j\u00e1rul\u00e1ssal.<\/span><\/p><p class=\"rvps3\"><span class=\"rvts56\">Az alap\u00edtv\u00e1ny c\u00e9ljai el\u00e9r\u00e9se \u00e9rdek\u00e9ben egy\u00fcttm\u0171k\u00f6dhet minden szervezettel, k\u00f6z\u00f6ss\u00e9ggel \u00e9s mag\u00e1nszem\u00e9llyel, aki a k\u00f6z\u00f6s c\u00e9lok el\u00e9r\u00e9s\u00e9ben k\u00f6zre k\u00edv\u00e1n m\u0171k\u00f6dni. Az alap\u00edtv\u00e1ny nyilv\u00e1ntartott tags\u00e1ggal nem rendelkezik.<\/span><\/p><p class=\"rvps3\"><span class=\"rvts56\">Az alap\u00edtv\u00e1ny k\u00f6zvetlen politikai tev\u00e9kenys\u00e9get nem folytat, politikai p\u00e1rtokt\u00f3l f\u00fcggetlen, azoknak anyagi t\u00e1mogat\u00e1st nem ny\u00fajt.<\/span><\/p><p class=\"rvps3\"><span class=\"rvts56\">Az alap\u00edtv\u00e1ny v\u00e1llalja, hogy a Ptk. rendelkez\u00e9sein t\u00falmen\u0151en az egyes\u00fcl\u00e9si jogr\u00f3l, a k\u00f6zhaszn\u00fa jog\u00e1ll\u00e1sr\u00f3l, valamint a civil szervezetek m\u0171k\u00f6d\u00e9s\u00e9r\u0151l \u00e9s t\u00e1mogat\u00e1s\u00e1r\u00f3l sz\u00f3l\u00f3 2011. \u00e9vi CLXXV. t\u00f6rv\u00e9ny el\u0151\u00edr\u00e1sait, valamint az egy\u00e9b jogszab\u00e1lyokban az alap\u00edtv\u00e1nyokra el\u0151\u00edrt szab\u00e1lyokat marad\u00e9ktalanul betartja.<\/span><\/p><p class=\"rvps3\"><span class=\"rvts56\">\u00a0<\/span><\/p><p class=\"rvps1\"><span class=\"rvts56\">Akik egyet\u00e9rtenek az alap\u00edtv\u00e1ny c\u00e9ljaival, tev\u00e9kenys\u00e9g\u00e9vel<\/span><\/p><p class=\"rvps1\"><span class=\"rvts57\">SZEM\u00c9LYI J\u00d6VEDELEMAD\u00d3JUK 1%-\u00c1NAK FELAJ\u00c1NL\u00c1S\u00c1VAL T\u00c1MOGATHATJ\u00c1K<\/span><\/p><p class=\"rvps1\"><span class=\"rvts56\">\u00a0a tanul\u00e1sban \u00e9s \u00e9rtelmileg akad\u00e1lyozott fiatalok oktat\u00e1s\u00e1nak sz\u00ednvonalasabb ell\u00e1t\u00e1s\u00e1t.<\/span><\/p><p class=\"rvps1\"><span class=\"rvts56\">\u00a0<\/span><\/p><p class=\"rvps1\"><strong><span class=\"rvts57\">AD\u00d3SZ\u00c1MUNK: 18581412-1-10<\/span><\/strong><\/p><p><span class=\"rvts56\">\u00a0<\/span><\/p><p><span class=\"rvts56\">Adom\u00e1nyokat, felaj\u00e1nl\u00e1sokat a k\u00f6vetkez\u0151\u00a0<\/span><span class=\"rvts57\">SZ\u00c1MLASZ\u00c1M<\/span><span class=\"rvts56\">RA tehetnek:<\/span><\/p><p><span class=\"rvts57\">Korona Takar\u00e9ksz\u00f6vetkezet \u00a061600070-10323010<\/span><\/p><p><span class=\"rvts57\">\u00a0<\/span><\/p><p class=\"rvps3\"><span class=\"rvts56\">Az alap\u00edtv\u00e1ny kezel\u0151 feladatait az alap\u00edt\u00f3k \u00e1ltal erre a c\u00e9lra, hat\u00e1rozatlan id\u0151re felk\u00e9rt 5 tag\u00fa kurat\u00f3rium l\u00e1tja el.<\/span><\/p><p><span class=\"rvts56\">\u00a0<\/span><\/p><h2><span class=\"rvts57\">A kurat\u00f3rium tagjai:<\/span><\/h2><p><span class=\"rvts136\">\u00a0<\/span><\/p><table cellspacing=\"0\" cellpadding=\"0\"><tbody><tr valign=\"top\"><td><span class=\"rvts56\">\u00a0<\/span><\/td><td><p><span class=\"rvts56\">Kasp\u00e1r Kriszti\u00e1n<\/span><\/p><p><span class=\"rvts56\">M\u00e1rkus Beatrix<\/span><\/p><p><span class=\"rvts56\">Eperjesi J\u00f3zsefn\u00e9<\/span><\/p><p><span class=\"rvts56\">Dobozi Zita<\/span><\/p><p><span class=\"rvts56\">Szeberinn\u00e9 Montvai Barbara<\/span><\/p><\/td><td><p><span class=\"rvts56\">kurat\u00f3riumi eln\u00f6k<\/span><\/p><p><span class=\"rvts56\">kurat\u00f3riumi titk\u00e1r<\/span><\/p><p><span class=\"rvts56\">kurat\u00f3riumi tag<\/span><\/p><p><span class=\"rvts56\">kurat\u00f3riumi tag<\/span><\/p><p><span class=\"rvts56\">kurat\u00f3riumi tag<\/span><\/p><\/td><\/tr><\/tbody><\/table><p><span class=\"rvts56\">\u00a0<\/span><span class=\"rvts56\">A kurat\u00f3rium d\u00f6nt az alap\u00edtv\u00e1ny vagyon\u00e1nak hasznos\u00edt\u00e1s\u00e1r\u00f3l, az \u00e9ves keret meg\u00e1llap\u00edt\u00e1s\u00e1r\u00f3l \u00e9s felhaszn\u00e1l\u00e1s\u00e1r\u00f3l, a hozz\u00e1j\u00e1rul\u00e1sok \u00e9s t\u00e1mogat\u00e1sok oda\u00edt\u00e9l\u00e9s\u00e9nek m\u00f3dj\u00e1r\u00f3l, felt\u00e9teleir\u0151l.<\/span><\/p>\t\t\t\t\t\t\t\t<\/div>\n\t\t\t\t<\/div>\n\t\t\t\t\t<\/div>\n\t\t\t\t<\/div>\n\t\t\t\t<\/div>","protected":false},"excerpt":{"rendered":"<p>Az Aranykapu Alap\u00edtv\u00e1nyt az alap\u00edt\u00f3, az egri Szalaparti Egys\u00e9ges Gy\u00f3gypedag\u00f3giai M\u00f3dszertani Int\u00e9zm\u00e9ny, Szakiskola \u00e9s Di\u00e1kotthon a sz\u00fcl\u0151k \u00e9s a pedag\u00f3gusok kezdem\u00e9nyez\u00e9s\u00e9re hozta l\u00e9tre. Az alap\u00edtv\u00e1nyt, mint k\u00f6zhaszn\u00fa szervezetet a Heves Megyei B\u00edr\u00f3s\u00e1g 1999. december 29-\u00e9n vette nyilv\u00e1ntart\u00e1sba Pk. 60.161\/1999\/2 sz\u00e1m\u00fa v\u00e9gz\u00e9ssel. \u00a0 Az alap\u00edtv\u00e1ny c\u00e9lja: A tanul\u00e1sban \u00e9s \u00e9rtelmileg akad\u00e1lyozott gyermekek oktat\u00e1s\u00e1val, nevel\u00e9s\u00e9vel \u00f6sszef\u00fcgg\u0151 fejleszt\u0151 [&hellip;]<\/p>\n","protected":false},"author":2,"featured_media":0,"parent":0,"menu_order":0,"comment_status":"closed","ping_status":"closed","template":"elementor_header_footer","meta":{"ngg_post_thumbnail":0,"footnotes":""},"class_list":["post-378","page","type-page","status-publish","hentry"],"_links":{"self":[{"href":"https:\/\/szalaparti-eger.hu\/en\/wp-json\/wp\/v2\/pages\/378","targetHints":{"allow":["GET"]}}],"collection":[{"href":"https:\/\/szalaparti-eger.hu\/en\/wp-json\/wp\/v2\/pages"}],"about":[{"href":"https:\/\/szalaparti-eger.hu\/en\/wp-json\/wp\/v2\/types\/page"}],"author":[{"embeddable":true,"href":"https:\/\/szalaparti-eger.hu\/en\/wp-json\/wp\/v2\/users\/2"}],"replies":[{"embeddable":true,"href":"https:\/\/szalaparti-eger.hu\/en\/wp-json\/wp\/v2\/comments?post=378"}],"version-history":[{"count":40,"href":"https:\/\/szalaparti-eger.hu\/en\/wp-json\/wp\/v2\/pages\/378\/revisions"}],"predecessor-version":[{"id":3445,"href":"https:\/\/szalaparti-eger.hu\/en\/wp-json\/wp\/v2\/pages\/378\/revisions\/3445"}],"wp:attachment":[{"href":"https:\/\/szalaparti-eger.hu\/en\/wp-json\/wp\/v2\/media?parent=378"}],"curies":[{"name":"wp","href":"https:\/\/api.w.org\/{rel}","templated":true}]}}