{"id":438,"date":"2023-06-03T10:54:16","date_gmt":"2023-06-03T08:54:16","guid":{"rendered":"https:\/\/szalaparti-eger.edu.hu\/teszt\/?page_id=438"},"modified":"2025-08-18T13:03:02","modified_gmt":"2025-08-18T11:03:02","slug":"utazo-gyogypedagogusi-halozat","status":"publish","type":"page","link":"https:\/\/szalaparti-eger.hu\/en\/intezmenyegysegek\/utazo-gyogypedagogusi-halozat\/","title":{"rendered":"Utaz\u00f3 Gy\u00f3gypedag\u00f3gusi H\u00e1l\u00f3zat"},"content":{"rendered":"<div data-elementor-type=\"wp-page\" data-elementor-id=\"438\" class=\"elementor elementor-438\" data-elementor-post-type=\"page\">\n\t\t\t\t<div class=\"elementor-element elementor-element-6553aea1 e-flex e-con-boxed e-con e-parent\" data-id=\"6553aea1\" data-element_type=\"container\" data-e-type=\"container\">\n\t\t\t\t\t<div class=\"e-con-inner\">\n\t\t\t\t<div class=\"elementor-element elementor-element-1b9f6c18 elementor-widget elementor-widget-text-editor\" data-id=\"1b9f6c18\" data-element_type=\"widget\" data-e-type=\"widget\" data-widget_type=\"text-editor.default\">\n\t\t\t\t<div class=\"elementor-widget-container\">\n\t\t\t\t\t\t\t\t\t<h1 style=\"text-align: center;\"><b>Utaz\u00f3 Gy\u00f3gypedag\u00f3giai H\u00e1l\u00f3zat<\/b><\/h1><p style=\"text-align: center;\"><strong><i>\u201e Nem abban kell seg\u00edteni, hogy a lehet\u0151 legjobban hasonl\u00edtson m\u00e1sokra, hanem hogy a lehet\u0151 legjobban boldoguljon a saj\u00e1t k\u00e9pess\u00e9geivel.\u201d<\/i><\/strong><\/p><p style=\"text-align: right;\"><i><span style=\"font-weight: 400;\">\u00a0\u00a0\u00a0\u00a0\u00a0\u00a0\u00a0\u00a0\u00a0\u00a0\u00a0\u00a0\u00a0\u00a0\u00a0\u00a0\u00a0\u00a0\u00a0\u00a0\u00a0\u00a0\u00a0\u00a0\u00a0\u00a0\u00a0\u00a0\u00a0\u00a0\u00a0\u00a0\u00a0\u00a0\u00a0\u00a0\u00a0\u00a0\u00a0\u00a0\u00a0\u00a0\u00a0\u00a0\u00a0\u00a0\u00a0\u00a0\u00a0\u00a0\u00a0\u00a0\u00a0\u00a0\u00a0\u00a0\u00a0\u00a0\u00a0\u00a0\u00a0\u00a0\u00a0\u00a0\u00a0\u00a0\u00a0\u00a0\u00a0\u00a0\u00a0\u00a0\u00a0\u00a0\u00a0\u00a0\u00a0\u00a0\u00a0\u00a0\u00a0\u00a0\u00a0\u00a0\u00a0\u00a0\u00a0\u00a0\u00a0\u00a0\u00a0\u00a0\u00a0\u00a0\u00a0\u00a0Down Egyes\u00fclet<\/span><\/i><\/p><p><span style=\"font-weight: 400;\">Az Utaz\u00f3 Gy\u00f3gypedag\u00f3giai H\u00e1l\u00f3zat 2018. szeptember 1-vel alakult meg int\u00e9zm\u00e9ny\u00fcnkben. Az Egri Tanker\u00fcleti K\u00f6zpont iskol\u00e1iban l\u00e1tjuk el az integr\u00e1ltan oktatott-nevelt saj\u00e1tos nevel\u00e9si ig\u00e9ny\u0171 tanul\u00f3k pedag\u00f3giai c\u00e9l\u00fa habilit\u00e1ci\u00f3s \u2013 rehabilit\u00e1ci\u00f3s fejleszt\u0151 nevel\u00e9s\u00e9t.<\/span><\/p><p><b>C\u00e9lunk<\/b><span style=\"font-weight: 400;\"> &#8211; az integr\u00e1ltan nevelt &#8211; oktatott saj\u00e1tos nevel\u00e9si ig\u00e9ny\u0171 tanul\u00f3k k\u00e9pess\u00e9geiknek megfelel\u0151 megseg\u00edt\u00e9se, felz\u00e1rk\u00f3ztat\u00e1sa, befogad\u00e1suk, az es\u00e9lyegyenl\u0151s\u00e9g megval\u00f3sul\u00e1sa \u00e9s a sikeres egy\u00fcttnevel\u00e9s\u00fck \u00e9rdek\u00e9ben.\u00a0<\/span><\/p><p><span style=\"font-weight: 400;\">A t\u00f6bbs\u00e9gi int\u00e9zm\u00e9nyek \u00e9s az Egri Szalaparti EGYMI \u00e9s Koll\u00e9gium egy\u00fcttm\u0171k\u00f6d\u00e9s\u00e9nek el\u0151seg\u00edt\u00e9se. Az utaz\u00f3 gy\u00f3gypedag\u00f3gusok szakmai t\u00e1mogat\u00e1sny\u00fajt\u00e1sa az integr\u00e1l\u00f3 iskol\u00e1k pedag\u00f3gusai sz\u00e1m\u00e1ra.<\/span><\/p><p><span style=\"font-weight: 400;\">Elv\u00e1r\u00e1s, hogy feladatainkat az integr\u00e1l\u00f3 int\u00e9zm\u00e9nyekkel, a csal\u00e1dokkal val\u00f3 egy\u00fcttm\u0171k\u00f6d\u00e9s keret\u00e9ben, a szeretetet k\u00f6zvet\u00edt\u0151 l\u00e9gk\u00f6rben val\u00f3s\u00edtsuk meg!<\/span><\/p><p><b>Feladataink:<\/b><\/p><ul><li style=\"font-weight: 400;\" aria-level=\"1\"><span style=\"font-weight: 400;\">A szolg\u00e1ltat\u00e1s ell\u00e1t\u00e1s\u00e1nak megszervez\u00e9se.<\/span><\/li><li style=\"font-weight: 400;\" aria-level=\"1\"><span style=\"font-weight: 400;\">A tanul\u00f3k k\u00e9szs\u00e9geinek, k\u00e9pess\u00e9geinek tan\u00e9v eleji felm\u00e9r\u00e9se.<\/span><\/li><li style=\"font-weight: 400;\" aria-level=\"1\"><span style=\"font-weight: 400;\">Egy\u00e9ni fejleszt\u00e9si tervek k\u00e9sz\u00edt\u00e9se.<\/span><\/li><li style=\"font-weight: 400;\" aria-level=\"1\"><span style=\"font-weight: 400;\">Eg\u00e9szs\u00e9g\u00fcgyi \u00e9s pedag\u00f3giai c\u00e9l\u00fa habilit\u00e1ci\u00f3s-rehabilit\u00e1ci\u00f3s, fejleszt\u0151 foglalkoz\u00e1sok biztos\u00edt\u00e1sa.<\/span><\/li><li style=\"font-weight: 400;\" aria-level=\"1\"><span style=\"font-weight: 400;\">Szakmai egy\u00fcttm\u0171k\u00f6d\u00e9s kialak\u00edt\u00e1sa, fenntart\u00e1sa, a befogad\u00f3 iskol\u00e1k pedag\u00f3gusaival, konzult\u00e1ci\u00f3s lehet\u0151s\u00e9gek biztos\u00edt\u00e1s\u00e1val.<\/span><\/li><li style=\"font-weight: 400;\" aria-level=\"1\"><span style=\"font-weight: 400;\">Esetmegbesz\u00e9l\u00e9s, szakmai tan\u00e1csad\u00e1s.<\/span><\/li><li style=\"font-weight: 400;\" aria-level=\"1\"><span style=\"font-weight: 400;\">Seg\u00edts\u00e9gny\u00fajt\u00e1s: m\u00f3dszertani elj\u00e1r\u00e1sok, fejleszt\u0151 feladatsorok, j\u00e1t\u00e9k\u00f6tletek ad\u00e1s\u00e1val, a tananyag adapt\u00e1l\u00e1s\u00e1nak megbesz\u00e9l\u00e9s\u00e9vel, meghat\u00e1rozott, s\u00e9r\u00fcl\u00e9s specifikus ter\u00fcleteken (enyhe \u00e9rtelmi fogyat\u00e9kos, autizmus spektrumzavar, r\u00e9szk\u00e9pess\u00e9gzavar)<\/span><\/li><li style=\"font-weight: 400;\" aria-level=\"1\"><span style=\"font-weight: 400;\">A sz\u00fcl\u0151k sz\u00e1m\u00e1ra olyan h\u00e1tt\u00e9r biztos\u00edt\u00e1sa, amely seg\u00edti a gyermek\u00e9vel kapcsolatos szakmai anyagok \u00e9rtelmez\u00e9s\u00e9t, a megseg\u00edt\u00e9s m\u00f3dj\u00e1ra \u00fatmutat\u00e1s ad\u00e1sa.<\/span><\/li><\/ul><p><b>C\u00e9lcsoportjaink:<\/b><\/p><p><span style=\"font-weight: 400;\">A saj\u00e1tos nevel\u00e9si ig\u00e9ny\u0171 tanul\u00f3k &#8211; alap \u2013 \u00e9s k\u00f6z\u00e9pfok\u00fa oktat\u00e1suk v\u00e9g\u00e9ig -, akiknek ell\u00e1t\u00e1si jogosults\u00e1g\u00e1t a v\u00e1rmegyei \u00e9s\/vagy orsz\u00e1gos tanul\u00e1si k\u00e9pess\u00e9get- mozg\u00e1s\u00e1llapotot vizsg\u00e1l\u00f3 szak\u00e9rt\u0151i \u00e9s rehabilit\u00e1ci\u00f3s bizotts\u00e1gok hat\u00e1rozz\u00e1k meg.<\/span><\/p><p><b>Az Utaz\u00f3 Gy\u00f3gypedag\u00f3giai H\u00e1l\u00f3zat pedag\u00f3gusainak v\u00e9gzetts\u00e9ge:<\/b><\/p><ul><li style=\"font-weight: 400;\" aria-level=\"1\"><span style=\"font-weight: 400;\">tanul\u00e1sban akad\u00e1lyozottak pedag\u00f3gia szakos gy\u00f3gypedag\u00f3gus<\/span><\/li><li style=\"font-weight: 400;\" aria-level=\"1\"><span style=\"font-weight: 400;\">pszichopedag\u00f3gia szakos gy\u00f3gypedag\u00f3gus\u00a0<\/span><\/li><li style=\"font-weight: 400;\" aria-level=\"1\"><span style=\"font-weight: 400;\">autizmus spektrumzavar pedag\u00f3gia szakos (abszolut\u00f3rium) gy\u00f3gypedag\u00f3gus\u00a0\u00a0<\/span><\/li><\/ul>\t\t\t\t\t\t\t\t<\/div>\n\t\t\t\t<\/div>\n\t\t\t\t\t<\/div>\n\t\t\t\t<\/div>\n\t\t\t\t<\/div>","protected":false},"excerpt":{"rendered":"<p>Utaz\u00f3 Gy\u00f3gypedag\u00f3giai H\u00e1l\u00f3zat \u201e Nem abban kell seg\u00edteni, hogy a lehet\u0151 legjobban hasonl\u00edtson m\u00e1sokra, hanem hogy a lehet\u0151 legjobban boldoguljon a saj\u00e1t k\u00e9pess\u00e9geivel.\u201d \u00a0\u00a0\u00a0\u00a0\u00a0\u00a0\u00a0\u00a0\u00a0\u00a0\u00a0\u00a0\u00a0\u00a0\u00a0\u00a0\u00a0\u00a0\u00a0\u00a0\u00a0\u00a0\u00a0\u00a0\u00a0\u00a0\u00a0\u00a0\u00a0\u00a0\u00a0\u00a0\u00a0\u00a0\u00a0\u00a0\u00a0\u00a0\u00a0\u00a0\u00a0\u00a0\u00a0\u00a0\u00a0\u00a0\u00a0\u00a0\u00a0\u00a0\u00a0\u00a0\u00a0\u00a0\u00a0\u00a0\u00a0\u00a0\u00a0\u00a0\u00a0\u00a0\u00a0\u00a0\u00a0\u00a0\u00a0\u00a0\u00a0\u00a0\u00a0\u00a0\u00a0\u00a0\u00a0\u00a0\u00a0\u00a0\u00a0\u00a0\u00a0\u00a0\u00a0\u00a0\u00a0\u00a0\u00a0\u00a0\u00a0\u00a0\u00a0\u00a0\u00a0\u00a0\u00a0\u00a0Down Egyes\u00fclet Az Utaz\u00f3 Gy\u00f3gypedag\u00f3giai H\u00e1l\u00f3zat 2018. szeptember 1-vel alakult meg int\u00e9zm\u00e9ny\u00fcnkben. Az Egri Tanker\u00fcleti K\u00f6zpont iskol\u00e1iban l\u00e1tjuk el az integr\u00e1ltan oktatott-nevelt saj\u00e1tos nevel\u00e9si ig\u00e9ny\u0171 tanul\u00f3k pedag\u00f3giai c\u00e9l\u00fa habilit\u00e1ci\u00f3s \u2013 rehabilit\u00e1ci\u00f3s fejleszt\u0151 [&hellip;]<\/p>\n","protected":false},"author":2,"featured_media":0,"parent":239,"menu_order":0,"comment_status":"closed","ping_status":"closed","template":"elementor_header_footer","meta":{"ngg_post_thumbnail":0,"footnotes":""},"class_list":["post-438","page","type-page","status-publish","hentry"],"_links":{"self":[{"href":"https:\/\/szalaparti-eger.hu\/en\/wp-json\/wp\/v2\/pages\/438","targetHints":{"allow":["GET"]}}],"collection":[{"href":"https:\/\/szalaparti-eger.hu\/en\/wp-json\/wp\/v2\/pages"}],"about":[{"href":"https:\/\/szalaparti-eger.hu\/en\/wp-json\/wp\/v2\/types\/page"}],"author":[{"embeddable":true,"href":"https:\/\/szalaparti-eger.hu\/en\/wp-json\/wp\/v2\/users\/2"}],"replies":[{"embeddable":true,"href":"https:\/\/szalaparti-eger.hu\/en\/wp-json\/wp\/v2\/comments?post=438"}],"version-history":[{"count":13,"href":"https:\/\/szalaparti-eger.hu\/en\/wp-json\/wp\/v2\/pages\/438\/revisions"}],"predecessor-version":[{"id":5159,"href":"https:\/\/szalaparti-eger.hu\/en\/wp-json\/wp\/v2\/pages\/438\/revisions\/5159"}],"up":[{"embeddable":true,"href":"https:\/\/szalaparti-eger.hu\/en\/wp-json\/wp\/v2\/pages\/239"}],"wp:attachment":[{"href":"https:\/\/szalaparti-eger.hu\/en\/wp-json\/wp\/v2\/media?parent=438"}],"curies":[{"name":"wp","href":"https:\/\/api.w.org\/{rel}","templated":true}]}}