{"id":4803,"date":"2025-05-20T08:41:28","date_gmt":"2025-05-20T06:41:28","guid":{"rendered":"https:\/\/szalaparti-eger.hu\/?page_id=4803"},"modified":"2025-05-20T09:26:46","modified_gmt":"2025-05-20T07:26:46","slug":"gyogytestneveles","status":"publish","type":"page","link":"https:\/\/szalaparti-eger.hu\/en\/gyogytestneveles\/","title":{"rendered":"Gy\u00f3gytestnevel\u00e9s"},"content":{"rendered":"\t\t<div data-elementor-type=\"wp-page\" data-elementor-id=\"4803\" class=\"elementor elementor-4803\" data-elementor-post-type=\"page\">\n\t\t\t\t<div class=\"elementor-element elementor-element-fddcf92 e-flex e-con-boxed e-con e-parent\" data-id=\"fddcf92\" data-element_type=\"container\" data-e-type=\"container\">\n\t\t\t\t\t<div class=\"e-con-inner\">\n\t\t\t\t<div class=\"elementor-element elementor-element-cccc259 elementor-widget elementor-widget-heading\" data-id=\"cccc259\" data-element_type=\"widget\" data-e-type=\"widget\" data-widget_type=\"heading.default\">\n\t\t\t\t<div class=\"elementor-widget-container\">\n\t\t\t\t\t<h2 class=\"elementor-heading-title elementor-size-default\">Gy\u00f3gytestnevel\u00e9s<\/h2>\t\t\t\t<\/div>\n\t\t\t\t<\/div>\n\t\t\t\t\t<\/div>\n\t\t\t\t<\/div>\n\t\t<div class=\"elementor-element elementor-element-4b42221 e-flex e-con-boxed e-con e-parent\" data-id=\"4b42221\" data-element_type=\"container\" data-e-type=\"container\">\n\t\t\t\t\t<div class=\"e-con-inner\">\n\t\t\t\t<div class=\"elementor-element elementor-element-9f807cb elementor-widget elementor-widget-text-editor\" data-id=\"9f807cb\" data-element_type=\"widget\" data-e-type=\"widget\" data-widget_type=\"text-editor.default\">\n\t\t\t\t<div class=\"elementor-widget-container\">\n\t\t\t\t\t\t\t\t\t<p>Int\u00e9zm\u00e9ny\u00fcnkben a gy\u00f3gytestnevel\u00e9st a A Heves Megyei Pedag\u00f3giai Szakszolg\u00e1lat gy\u00f3gytestnevel\u0151i Numan Szid\u00f3nia \u00e9s Hyross \u00c9va v\u00e9gzik.<\/p>\t\t\t\t\t\t\t\t<\/div>\n\t\t\t\t<\/div>\n\t\t\t\t\t<\/div>\n\t\t\t\t<\/div>\n\t\t<div class=\"elementor-element elementor-element-a540636 e-flex e-con-boxed e-con e-parent\" data-id=\"a540636\" data-element_type=\"container\" data-e-type=\"container\">\n\t\t\t\t\t<div class=\"e-con-inner\">\n\t\t\t\t<div class=\"elementor-element elementor-element-12dcc4a elementor-widget elementor-widget-heading\" data-id=\"12dcc4a\" data-element_type=\"widget\" data-e-type=\"widget\" data-widget_type=\"heading.default\">\n\t\t\t\t<div class=\"elementor-widget-container\">\n\t\t\t\t\t<h2 class=\"elementor-heading-title elementor-size-default\">A gy\u00f3gytestnevel\u00e9ssel kapcsolatos legfrissebb h\u00edrek<\/h2>\t\t\t\t<\/div>\n\t\t\t\t<\/div>\n\t\t\t\t\t<\/div>\n\t\t\t\t<\/div>\n\t\t<div class=\"elementor-element elementor-element-47d2543 e-flex e-con-boxed e-con e-parent\" data-id=\"47d2543\" data-element_type=\"container\" data-e-type=\"container\">\n\t\t\t\t\t<div class=\"e-con-inner\">\n\t\t\t\t<div class=\"elementor-element elementor-element-45f773c elementor-grid-3 elementor-grid-tablet-2 elementor-grid-mobile-1 elementor-widget elementor-widget-loop-grid\" data-id=\"45f773c\" data-element_type=\"widget\" data-e-type=\"widget\" data-settings=\"{&quot;template_id&quot;:&quot;4496&quot;,&quot;pagination_type&quot;:&quot;numbers_and_prev_next&quot;,&quot;_skin&quot;:&quot;post&quot;,&quot;columns&quot;:&quot;3&quot;,&quot;columns_tablet&quot;:&quot;2&quot;,&quot;columns_mobile&quot;:&quot;1&quot;,&quot;edit_handle_selector&quot;:&quot;[data-elementor-type=\\&quot;loop-item\\&quot;]&quot;,&quot;pagination_load_type&quot;:&quot;page_reload&quot;,&quot;row_gap&quot;:{&quot;unit&quot;:&quot;px&quot;,&quot;size&quot;:&quot;&quot;,&quot;sizes&quot;:[]},&quot;row_gap_tablet&quot;:{&quot;unit&quot;:&quot;px&quot;,&quot;size&quot;:&quot;&quot;,&quot;sizes&quot;:[]},&quot;row_gap_mobile&quot;:{&quot;unit&quot;:&quot;px&quot;,&quot;size&quot;:&quot;&quot;,&quot;sizes&quot;:[]}}\" data-widget_type=\"loop-grid.post\">\n\t\t\t\t<div class=\"elementor-widget-container\">\n\t\t\t\t\t\t\t<div class=\"elementor-loop-container elementor-grid\" role=\"list\">\n\t\t<style id=\"loop-4496\">.elementor-4496 .elementor-element.elementor-element-33be5a30{--display:flex;--gap:20px 20px;--row-gap:20px;--column-gap:20px;--padding-top:0px;--padding-bottom:0px;--padding-left:0px;--padding-right:0px;}.elementor-4496 .elementor-element.elementor-element-2379924c{--display:flex;--margin-top:0px;--margin-bottom:35px;--margin-left:0px;--margin-right:0px;--padding-top:0px;--padding-bottom:0px;--padding-left:0px;--padding-right:0px;}.elementor-widget-theme-post-featured-image .widget-image-caption{color:var( --e-global-color-text );font-family:var( --e-global-typography-text-font-family ), Sans-serif;font-weight:var( --e-global-typography-text-font-weight );}.elementor-4496 .elementor-element.elementor-element-4a71991f img{width:100%;height:526px;object-fit:cover;object-position:center center;}.elementor-widget-theme-post-title .elementor-heading-title{font-family:var( --e-global-typography-primary-font-family ), Sans-serif;font-weight:var( --e-global-typography-primary-font-weight );color:var( --e-global-color-primary );}.elementor-4496 .elementor-element.elementor-element-383130e2 .elementor-heading-title{font-family:var( --e-global-typography-primary-font-family ), Sans-serif;font-weight:var( --e-global-typography-primary-font-weight );color:#1E1E1E;}.elementor-widget-post-info .elementor-icon-list-item:not(:last-child):after{border-color:var( --e-global-color-text );}.elementor-widget-post-info .elementor-icon-list-icon i{color:var( --e-global-color-primary );}.elementor-widget-post-info .elementor-icon-list-icon svg{fill:var( --e-global-color-primary );}.elementor-widget-post-info .elementor-icon-list-text, .elementor-widget-post-info .elementor-icon-list-text a{color:var( --e-global-color-secondary );}.elementor-widget-post-info .elementor-icon-list-item{font-family:var( --e-global-typography-text-font-family ), Sans-serif;font-weight:var( --e-global-typography-text-font-weight );}.elementor-4496 .elementor-element.elementor-element-7968278a .elementor-icon-list-icon i{color:#1E1E1E;font-size:14px;}.elementor-4496 .elementor-element.elementor-element-7968278a .elementor-icon-list-icon svg{fill:#1E1E1E;--e-icon-list-icon-size:14px;}.elementor-4496 .elementor-element.elementor-element-7968278a .elementor-icon-list-icon{width:14px;}.elementor-4496 .elementor-element.elementor-element-7968278a .elementor-icon-list-text, .elementor-4496 .elementor-element.elementor-element-7968278a .elementor-icon-list-text a{color:#1E1E1E;}.elementor-4496 .elementor-element.elementor-element-7968278a .elementor-icon-list-item{font-family:var( --e-global-typography-primary-font-family ), Sans-serif;font-weight:var( --e-global-typography-primary-font-weight );}.elementor-widget-theme-post-excerpt .elementor-widget-container{font-family:var( --e-global-typography-text-font-family ), Sans-serif;font-weight:var( --e-global-typography-text-font-weight );color:var( --e-global-color-text );}.elementor-4496 .elementor-element.elementor-element-7ee558d2 .elementor-widget-container{font-family:\"Jost\", Sans-serif;font-size:16px;font-weight:400;text-transform:none;font-style:normal;text-decoration:none;line-height:21px;letter-spacing:0px;word-spacing:0em;color:#1E1E1E;}.elementor-widget-button .elementor-button{font-family:var( --e-global-typography-accent-font-family ), Sans-serif;font-weight:var( --e-global-typography-accent-font-weight );background-color:var( --e-global-color-accent );}.elementor-4496 .elementor-element.elementor-element-525b4b32 .elementor-button{font-family:var( --e-global-typography-primary-font-family ), Sans-serif;font-weight:var( --e-global-typography-primary-font-weight );fill:#1E1E1E;color:#1E1E1E;background-color:#FFFFFF00;border-style:solid;border-width:0px 0px 1px 0px;border-color:#1E1E1E;border-radius:0px 0px 0px 0px;padding:0px 0px 0px 0px;}@media(max-width:1024px){.elementor-4496 .elementor-element.elementor-element-33be5a30{--justify-content:space-between;}.elementor-4496 .elementor-element.elementor-element-2379924c{--justify-content:flex-start;--gap:20px 20px;--row-gap:20px;--column-gap:20px;--margin-top:0px;--margin-bottom:20px;--margin-left:0px;--margin-right:0px;}.elementor-4496 .elementor-element.elementor-element-4a71991f img{height:380px;}.elementor-4496 .elementor-element.elementor-element-383130e2 > .elementor-widget-container{padding:0% 1% 0% 0%;}.elementor-4496 .elementor-element.elementor-element-7ee558d2 .elementor-widget-container{font-size:14px;}}@media(min-width:768px){.elementor-4496 .elementor-element.elementor-element-33be5a30{--content-width:424px;}}@media(max-width:1024px) and (min-width:768px){.elementor-4496 .elementor-element.elementor-element-33be5a30{--content-width:400px;}}@media(max-width:767px){.elementor-4496 .elementor-element.elementor-element-33be5a30{--content-width:500px;}.elementor-4496 .elementor-element.elementor-element-4a71991f img{height:410px;}.elementor-4496 .elementor-element.elementor-element-383130e2{text-align:center;}.elementor-4496 .elementor-element.elementor-element-383130e2 > .elementor-widget-container{padding:0% 7% 0% 7%;}.elementor-4496 .elementor-element.elementor-element-7ee558d2 .elementor-widget-container{text-align:center;}}<\/style>\t\t<div data-elementor-type=\"loop-item\" data-elementor-id=\"4496\" class=\"elementor elementor-4496 e-loop-item e-loop-item-4736 post-4736 post type-post status-publish format-standard has-post-thumbnail hentry category-gyogytestneveles category-hirek tag-gyogytestneveles tag-te-vagy-a-nap-nyertese\" data-elementor-post-type=\"elementor_library\" data-custom-edit-handle=\"1\">\n\t\t\t<div class=\"elementor-element elementor-element-33be5a30 e-flex e-con-boxed e-con e-parent\" data-id=\"33be5a30\" data-element_type=\"container\" data-e-type=\"container\">\n\t\t\t\t\t<div class=\"e-con-inner\">\n\t\t<div class=\"elementor-element elementor-element-2379924c e-flex e-con-boxed e-con e-child\" data-id=\"2379924c\" data-element_type=\"container\" data-e-type=\"container\">\n\t\t\t\t\t<div class=\"e-con-inner\">\n\t\t\t\t<div class=\"elementor-element elementor-element-4a71991f elementor-widget elementor-widget-theme-post-featured-image elementor-widget-image\" data-id=\"4a71991f\" data-element_type=\"widget\" data-e-type=\"widget\" data-widget_type=\"theme-post-featured-image.default\">\n\t\t\t\t<div class=\"elementor-widget-container\">\n\t\t\t\t\t\t\t\t\t\t\t\t\t\t\t\t<a href=\"https:\/\/szalaparti-eger.hu\/en\/te-vagy-a-nap-nyertese\/\">\n\t\t\t\t\t\t\t<img fetchpriority=\"high\" decoding=\"async\" width=\"722\" height=\"1024\" src=\"https:\/\/szalaparti-eger.hu\/wp-content\/uploads\/2025\/05\/sportnap_elmleklap-masolat-722x1024.jpg\" class=\"attachment-large size-large wp-image-4757\" alt=\"\" srcset=\"https:\/\/szalaparti-eger.hu\/wp-content\/uploads\/2025\/05\/sportnap_elmleklap-masolat-722x1024.jpg 722w, https:\/\/szalaparti-eger.hu\/wp-content\/uploads\/2025\/05\/sportnap_elmleklap-masolat-211x300.jpg 211w, https:\/\/szalaparti-eger.hu\/wp-content\/uploads\/2025\/05\/sportnap_elmleklap-masolat-768x1090.jpg 768w, https:\/\/szalaparti-eger.hu\/wp-content\/uploads\/2025\/05\/sportnap_elmleklap-masolat-1083x1536.jpg 1083w, https:\/\/szalaparti-eger.hu\/wp-content\/uploads\/2025\/05\/sportnap_elmleklap-masolat-1444x2048.jpg 1444w, https:\/\/szalaparti-eger.hu\/wp-content\/uploads\/2025\/05\/sportnap_elmleklap-masolat.jpg 1748w\" sizes=\"(max-width: 722px) 100vw, 722px\" \/>\t\t\t\t\t\t\t\t<\/a>\n\t\t\t\t\t\t\t\t\t\t\t\t\t\t\t<\/div>\n\t\t\t\t<\/div>\n\t\t\t\t<div class=\"elementor-element elementor-element-383130e2 elementor-widget elementor-widget-theme-post-title elementor-page-title elementor-widget-heading\" data-id=\"383130e2\" data-element_type=\"widget\" data-e-type=\"widget\" data-widget_type=\"theme-post-title.default\">\n\t\t\t\t<div class=\"elementor-widget-container\">\n\t\t\t\t\t<h4 class=\"elementor-heading-title elementor-size-default\">Te vagy a nap nyertese<\/h4>\t\t\t\t<\/div>\n\t\t\t\t<\/div>\n\t\t\t\t<div class=\"elementor-element elementor-element-7968278a elementor-mobile-align-center elementor-widget elementor-widget-post-info\" data-id=\"7968278a\" data-element_type=\"widget\" data-e-type=\"widget\" data-widget_type=\"post-info.default\">\n\t\t\t\t<div class=\"elementor-widget-container\">\n\t\t\t\t\t\t\t<ul class=\"elementor-inline-items elementor-icon-list-items elementor-post-info\">\n\t\t\t\t\t\t\t\t<li class=\"elementor-icon-list-item elementor-repeater-item-96bcfcf elementor-inline-item\" itemprop=\"datePublished\">\n\t\t\t\t\t\t\t\t\t\t\t\t\t<span class=\"elementor-icon-list-text elementor-post-info__item elementor-post-info__item--type-date\">\n\t\t\t\t\t\t\t\t\t\t<time>2025-05-19<\/time>\t\t\t\t\t<\/span>\n\t\t\t\t\t\t\t\t<\/li>\n\t\t\t\t<\/ul>\n\t\t\t\t\t\t<\/div>\n\t\t\t\t<\/div>\n\t\t\t\t\t<\/div>\n\t\t\t\t<\/div>\n\t\t\t\t<div class=\"elementor-element elementor-element-525b4b32 elementor-mobile-align-center elementor-widget elementor-widget-button\" data-id=\"525b4b32\" data-element_type=\"widget\" data-e-type=\"widget\" data-widget_type=\"button.default\">\n\t\t\t\t<div class=\"elementor-widget-container\">\n\t\t\t\t\t\t\t\t\t<div class=\"elementor-button-wrapper\">\n\t\t\t\t\t<a class=\"elementor-button elementor-button-link elementor-size-sm elementor-animation-float\" href=\"https:\/\/szalaparti-eger.hu\/en\/te-vagy-a-nap-nyertese\/\">\n\t\t\t\t\t\t<span class=\"elementor-button-content-wrapper\">\n\t\t\t\t\t\t\t\t\t<span class=\"elementor-button-text\">Tov\u00e1bb olvasom<\/span>\n\t\t\t\t\t<\/span>\n\t\t\t\t\t<\/a>\n\t\t\t\t<\/div>\n\t\t\t\t\t\t\t\t<\/div>\n\t\t\t\t<\/div>\n\t\t\t\t\t<\/div>\n\t\t\t\t<\/div>\n\t\t\t\t<\/div>\n\t\t\t\t<\/div>\n\t\t\n\t\t\t\t\t\t<\/div>\n\t\t\t\t<\/div>\n\t\t\t\t\t<\/div>\n\t\t\t\t<\/div>\n\t\t\t\t<\/div>\n\t\t","protected":false},"excerpt":{"rendered":"<p>Gy\u00f3gytestnevel\u00e9s Int\u00e9zm\u00e9ny\u00fcnkben a gy\u00f3gytestnevel\u00e9st a A Heves Megyei Pedag\u00f3giai Szakszolg\u00e1lat gy\u00f3gytestnevel\u0151i Numan Szid\u00f3nia \u00e9s Hyross \u00c9va v\u00e9gzik. A gy\u00f3gytestnevel\u00e9ssel kapcsolatos legfrissebb h\u00edrek<\/p>","protected":false},"author":2,"featured_media":0,"parent":0,"menu_order":0,"comment_status":"closed","ping_status":"closed","template":"elementor_header_footer","meta":{"ngg_post_thumbnail":0,"footnotes":""},"class_list":["post-4803","page","type-page","status-publish","hentry"],"_links":{"self":[{"href":"https:\/\/szalaparti-eger.hu\/en\/wp-json\/wp\/v2\/pages\/4803","targetHints":{"allow":["GET"]}}],"collection":[{"href":"https:\/\/szalaparti-eger.hu\/en\/wp-json\/wp\/v2\/pages"}],"about":[{"href":"https:\/\/szalaparti-eger.hu\/en\/wp-json\/wp\/v2\/types\/page"}],"author":[{"embeddable":true,"href":"https:\/\/szalaparti-eger.hu\/en\/wp-json\/wp\/v2\/users\/2"}],"replies":[{"embeddable":true,"href":"https:\/\/szalaparti-eger.hu\/en\/wp-json\/wp\/v2\/comments?post=4803"}],"version-history":[{"count":11,"href":"https:\/\/szalaparti-eger.hu\/en\/wp-json\/wp\/v2\/pages\/4803\/revisions"}],"predecessor-version":[{"id":4815,"href":"https:\/\/szalaparti-eger.hu\/en\/wp-json\/wp\/v2\/pages\/4803\/revisions\/4815"}],"wp:attachment":[{"href":"https:\/\/szalaparti-eger.hu\/en\/wp-json\/wp\/v2\/media?parent=4803"}],"curies":[{"name":"wp","href":"https:\/\/api.w.org\/{rel}","templated":true}]}}