{"id":52,"date":"2023-06-01T10:44:44","date_gmt":"2023-06-01T08:44:44","guid":{"rendered":"https:\/\/szalaparti-eger.edu.hu\/teszt\/?page_id=52"},"modified":"2025-10-03T12:04:14","modified_gmt":"2025-10-03T10:04:14","slug":"munkakozossegek","status":"publish","type":"page","link":"https:\/\/szalaparti-eger.hu\/en\/munkakozossegek\/","title":{"rendered":"Munkak\u00f6z\u00f6ss\u00e9gek"},"content":{"rendered":"<div data-elementor-type=\"wp-page\" data-elementor-id=\"52\" class=\"elementor elementor-52\" data-elementor-post-type=\"page\">\n\t\t\t\t<div class=\"elementor-element elementor-element-3c7838a3 e-flex e-con-boxed e-con e-parent\" data-id=\"3c7838a3\" data-element_type=\"container\" data-e-type=\"container\">\n\t\t\t\t\t<div class=\"e-con-inner\">\n\t\t\t\t<div class=\"elementor-element elementor-element-21ce19e7 elementor-widget elementor-widget-text-editor\" data-id=\"21ce19e7\" data-element_type=\"widget\" data-e-type=\"widget\" data-widget_type=\"text-editor.default\">\n\t\t\t\t<div class=\"elementor-widget-container\">\n\t\t\t\t\t\t\t\t\t<h2 class=\"rvps1\"><span class=\"rvts73\">Szakmai m\u00f3dszertani munkak\u00f6z\u00f6ss\u00e9gek<\/span><\/h2><p><span class=\"rvts56\">\u00a0<\/span><span class=\"rvts56\">\u00a0<\/span><\/p><p class=\"rvps3\"><span class=\"rvts56\">A Pedag\u00f3giai Program megval\u00f3s\u00edt\u00e1sa sor\u00e1n v\u00e9gzett oktat\u00f3 &#8211; nevel\u0151 munka k\u00f6z\u00f6s, min\u0151s\u00e9gi, szakmai m\u00f3dszertani szervez\u00e9s\u00e9t, strat\u00e9gi\u00e1j\u00e1nak kialak\u00edt\u00e1s\u00e1t az int\u00e9zm\u00e9nyegys\u00e9genk\u00e9nt azonos fejleszt\u00e9si ig\u00e9ny\u0171 tanul\u00f3k oktat\u00e1s\u00e1t, nevel\u00e9s\u00e9t v\u00e9gz\u0151 koll\u00e9g\u00e1k \u00e1ltal alkotott munkak\u00f6z\u00f6ss\u00e9gek v\u00e9gzik.<\/span><\/p><p class=\"rvps3\"><span class=\"rvts56\">Feladatuk a form\u00e1lis \u00e9s inform\u00e1lis egy\u00fcttm\u0171k\u00f6d\u00e9s er\u0151s\u00edt\u00e9se a gy\u00f3gypedag\u00f3giai munka sor\u00e1n.<\/span><\/p><p class=\"rvps3\"><span class=\"rvts56\">Szakmai &#8211; m\u00f3dszertani k\u00e9rd\u00e9sekben d\u00f6nt\u00e9seket hoznak, szakmai norm\u00e1kat alak\u00edtanak ki, programokat alkotnak, seg\u00edts\u00e9get adnak az int\u00e9zm\u00e9nyben foly\u00f3 nevel\u0151 \u00e9s oktat\u00f3 munka tervez\u00e9s\u00e9hez, szervez\u00e9s\u00e9hez, ellen\u0151rz\u00e9s\u00e9hez.<\/span><\/p><p><span class=\"rvts56\">\u00a0<\/span><\/p><p><span class=\"rvts57\">Az int\u00e9zm\u00e9nyben m\u0171k\u00f6d\u0151 munkak\u00f6z\u00f6ss\u00e9gek \u00e9s vezet\u0151ik:<\/span><\/p>\t\t\t\t\t\t\t\t<\/div>\n\t\t\t\t<\/div>\n\t\t\t\t\t<\/div>\n\t\t\t\t<\/div>\n\t\t<div class=\"elementor-element elementor-element-ee1ae8c e-flex e-con-boxed e-con e-parent\" data-id=\"ee1ae8c\" data-element_type=\"container\" data-e-type=\"container\">\n\t\t\t\t\t<div class=\"e-con-inner\">\n\t\t\t\t<div class=\"elementor-element elementor-element-4b2d1e7 elementor-widget elementor-widget-text-editor\" data-id=\"4b2d1e7\" data-element_type=\"widget\" data-e-type=\"widget\" data-widget_type=\"text-editor.default\">\n\t\t\t\t<div class=\"elementor-widget-container\">\n\t\t\t\t\t\t\t\t\t<p>\u00a0<\/p><p>\u00a0<\/p><table style=\"width: auto;\" cellspacing=\"0\" cellpadding=\"0\"><tbody><tr valign=\"top\"><td style=\"border-color: rgba(128, 128, 128, 0.5); background-color: rgba(128, 128, 128, 0.07);\" colspan=\"2\"><p class=\"rvps1\"><span class=\"rvts112\">Munkak\u00f6z\u00f6ss\u00e9g<\/span><\/p><\/td><td style=\"border-color: rgba(128, 128, 128, 0.5); background-color: rgba(128, 128, 128, 0.07);\"><p class=\"rvps1\"><span class=\"rvts112\">Vezet\u0151<\/span><\/p><\/td><\/tr><tr valign=\"top\"><td style=\"border-color: rgba(128, 128, 128, 0.5);\"><p class=\"rvps1\"><span class=\"rvts112\">1.<\/span><\/p><\/td><td style=\"border-color: rgba(128, 128, 128, 0.5);\"><p class=\"rvps3\"><span class=\"rvts112\">Gy\u00f3gypedag\u00f3giai \u00d3voda szakmai, m\u00f3dszertani munkak\u00f6z\u00f6ss\u00e9ge<\/span><\/p><\/td><td style=\"border-color: rgba(128, 128, 128, 0.5);\"><p class=\"rvps1\"><span class=\"rvts112\">Sipos Beatrix<\/span><\/p><\/td><\/tr><tr valign=\"top\"><td style=\"border-color: rgba(128, 128, 128, 0.5); background-color: rgba(128, 128, 128, 0.07);\"><p class=\"rvps1\"><span class=\"rvts112\">2.<\/span><\/p><\/td><td style=\"border-color: rgba(128, 128, 128, 0.5); background-color: rgba(128, 128, 128, 0.07);\"><p class=\"rvps3\"><span class=\"rvts112\">Enyhe \u00e9rtelmi fogyat\u00e9kos tanul\u00f3k \u00e1ltal\u00e1nos iskol\u00e1j\u00e1nak szakmai, m\u00f3dszertani munkak\u00f6z\u00f6ss\u00e9ge<\/span><\/p><\/td><td style=\"border-color: rgba(128, 128, 128, 0.5); background-color: rgba(128, 128, 128, 0.07);\"><p class=\"rvps1\"><span class=\"rvts112\">Solt\u00e9szn\u00e9 R\u0151thi Andrea<\/span><\/p><\/td><\/tr><tr valign=\"top\"><td style=\"border-color: rgba(128, 128, 128, 0.5);\"><p class=\"rvps1\"><span class=\"rvts112\">3.<\/span><\/p><\/td><td style=\"border-color: rgba(128, 128, 128, 0.5);\"><p class=\"rvps3\"><span class=\"rvts112\">K\u00f6z\u00e9ps\u00falyos \u00e9rtelmi fogyat\u00e9kos tanul\u00f3k \u00e1ltal\u00e1nos iskol\u00e1j\u00e1nak szakmai, m\u00f3dszertani munkak\u00f6z\u00f6ss\u00e9ge<\/span><\/p><\/td><td style=\"border-color: rgba(128, 128, 128, 0.5);\"><p class=\"rvps1\"><span class=\"rvts112\">V\u00e1s\u00e1rhelyin\u00e9 V\u00edgh Edit<\/span><\/p><\/td><\/tr><tr valign=\"top\"><td style=\"border-color: rgba(128, 128, 128, 0.5); background-color: rgba(128, 128, 128, 0.07);\"><p class=\"rvps1\"><span class=\"rvts112\">4.<\/span><\/p><\/td><td style=\"border-color: rgba(128, 128, 128, 0.5); background-color: rgba(128, 128, 128, 0.07);\"><p class=\"rvps3\"><span class=\"rvts112\">Autizmus spektrum zavarral \u00e9l\u0151 gyermekek, tanul\u00f3k nevel\u00e9s\u00e9t-oktat\u00e1s\u00e1t v\u00e9gz\u0151k szakmai, m\u00f3dszertani munkak\u00f6z\u00f6ss\u00e9ge<\/span><\/p><\/td><td style=\"border-color: rgba(128, 128, 128, 0.5); background-color: rgba(128, 128, 128, 0.07);\"><p class=\"rvps1\"><span class=\"rvts112\">Barta Zolt\u00e1nn\u00e9<\/span><\/p><\/td><\/tr><tr valign=\"top\"><td style=\"border-color: rgba(128, 128, 128, 0.5);\"><p class=\"rvps1\"><span class=\"rvts112\">5.<\/span><\/p><\/td><td style=\"border-color: rgba(128, 128, 128, 0.5);\"><p class=\"rvps3\"><span class=\"rvts112\">Szakiskola, K\u00e9szs\u00e9gfejleszt\u0151 Iskola szakmai, m\u00f3dszertani munkak\u00f6z\u00f6ss\u00e9ge<\/span><\/p><\/td><td style=\"border-color: rgba(128, 128, 128, 0.5);\"><p class=\"rvps1\"><span class=\"rvts112\">K\u00e1jel \u00c1rp\u00e1dn\u00e9 Mok\u00f3 Csilla<\/span><\/p><\/td><\/tr><tr valign=\"top\"><td style=\"border-color: rgba(128, 128, 128, 0.5); background-color: rgba(128, 128, 128, 0.07);\"><p class=\"rvps1\"><span class=\"rvts112\">6.<\/span><\/p><\/td><td style=\"border-color: rgba(128, 128, 128, 0.5); background-color: rgba(128, 128, 128, 0.07);\"><p class=\"rvps3\"><span class=\"rvts112\">Fejleszt\u0151 Nevel\u00e9s-oktat\u00e1st V\u00e9gz\u0151 Iskola szakmai, m\u00f3dszertani munkak\u00f6z\u00f6ss\u00e9ge<\/span><\/p><\/td><td style=\"border-color: rgba(128, 128, 128, 0.5); background-color: rgba(128, 128, 128, 0.07);\"><p class=\"rvps1\"><span class=\"rvts112\">Jakab Andrea<\/span><\/p><\/td><\/tr><tr valign=\"top\"><td style=\"border-color: rgba(128, 128, 128, 0.5);\"><p class=\"rvps1\"><span class=\"rvts112\">7.<\/span><\/p><\/td><td style=\"border-color: rgba(128, 128, 128, 0.5);\"><p class=\"rvps3\"><span class=\"rvts112\">Koll\u00e9giumi nevel\u0151k szakmai, m\u00f3dszertani munkak\u00f6z\u00f6ss\u00e9ge<\/span><\/p><\/td><td style=\"border-color: rgba(128, 128, 128, 0.5);\"><p class=\"rvps1\"><span class=\"rvts112\">Sz\u00e9kely J\u00f3zsef<\/span><\/p><\/td><\/tr><tr valign=\"top\"><td style=\"border-color: rgba(128, 128, 128, 0.5); background-color: rgba(128, 128, 128, 0.1);\"><p class=\"rvps1\"><span class=\"rvts112\">8.<\/span><\/p><\/td><td style=\"border-color: rgba(128, 128, 128, 0.5); background-color: rgba(128, 128, 128, 0.1);\"><p class=\"rvps3\"><span class=\"rvts112\">K\u00f6rnyezetv\u00e9delem, sport \u00e9s eg\u00e9szs\u00e9gnevel\u00e9s szakmai, m\u00f3dszertani munkak\u00f6z\u00f6ss\u00e9ge<\/span><\/p><\/td><td style=\"border-color: rgba(128, 128, 128, 0.5); background-color: rgba(128, 128, 128, 0.1);\"><p class=\"rvps1\"><span class=\"rvts112\">Hornyeczki \u00c1d\u00e1m<\/span><\/p><\/td><\/tr><tr valign=\"top\"><td style=\"border-color: rgba(128, 128, 128, 0.5);\"><p class=\"rvps1\"><span class=\"rvts112\">9.<\/span><\/p><\/td><td style=\"border-color: rgba(128, 128, 128, 0.5);\"><p class=\"rvps3\">Innov\u00e1ci\u00f3s munkak\u00f6z\u00f6ss\u00e9g<\/p><\/td><td style=\"border-color: rgba(128, 128, 128, 0.5);\"><p class=\"rvps1\">Dr. Na\u00e1r Zolt\u00e1nn\u00e9<\/p><\/td><\/tr><\/tbody><\/table>\t\t\t\t\t\t\t\t<\/div>\n\t\t\t\t<\/div>\n\t\t\t\t\t<\/div>\n\t\t\t\t<\/div>\n\t\t\t\t<\/div>","protected":false},"excerpt":{"rendered":"<p>Szakmai m\u00f3dszertani munkak\u00f6z\u00f6ss\u00e9gek \u00a0\u00a0 A Pedag\u00f3giai Program megval\u00f3s\u00edt\u00e1sa sor\u00e1n v\u00e9gzett oktat\u00f3 &#8211; nevel\u0151 munka k\u00f6z\u00f6s, min\u0151s\u00e9gi, szakmai m\u00f3dszertani szervez\u00e9s\u00e9t, strat\u00e9gi\u00e1j\u00e1nak kialak\u00edt\u00e1s\u00e1t az int\u00e9zm\u00e9nyegys\u00e9genk\u00e9nt azonos fejleszt\u00e9si ig\u00e9ny\u0171 tanul\u00f3k oktat\u00e1s\u00e1t, nevel\u00e9s\u00e9t v\u00e9gz\u0151 koll\u00e9g\u00e1k \u00e1ltal alkotott munkak\u00f6z\u00f6ss\u00e9gek v\u00e9gzik. Feladatuk a form\u00e1lis \u00e9s inform\u00e1lis egy\u00fcttm\u0171k\u00f6d\u00e9s er\u0151s\u00edt\u00e9se a gy\u00f3gypedag\u00f3giai munka sor\u00e1n. Szakmai &#8211; m\u00f3dszertani k\u00e9rd\u00e9sekben d\u00f6nt\u00e9seket hoznak, szakmai norm\u00e1kat alak\u00edtanak [&hellip;]<\/p>\n","protected":false},"author":1,"featured_media":0,"parent":0,"menu_order":0,"comment_status":"closed","ping_status":"closed","template":"elementor_header_footer","meta":{"ngg_post_thumbnail":0,"footnotes":""},"class_list":["post-52","page","type-page","status-publish","hentry"],"_links":{"self":[{"href":"https:\/\/szalaparti-eger.hu\/en\/wp-json\/wp\/v2\/pages\/52","targetHints":{"allow":["GET"]}}],"collection":[{"href":"https:\/\/szalaparti-eger.hu\/en\/wp-json\/wp\/v2\/pages"}],"about":[{"href":"https:\/\/szalaparti-eger.hu\/en\/wp-json\/wp\/v2\/types\/page"}],"author":[{"embeddable":true,"href":"https:\/\/szalaparti-eger.hu\/en\/wp-json\/wp\/v2\/users\/1"}],"replies":[{"embeddable":true,"href":"https:\/\/szalaparti-eger.hu\/en\/wp-json\/wp\/v2\/comments?post=52"}],"version-history":[{"count":37,"href":"https:\/\/szalaparti-eger.hu\/en\/wp-json\/wp\/v2\/pages\/52\/revisions"}],"predecessor-version":[{"id":5283,"href":"https:\/\/szalaparti-eger.hu\/en\/wp-json\/wp\/v2\/pages\/52\/revisions\/5283"}],"wp:attachment":[{"href":"https:\/\/szalaparti-eger.hu\/en\/wp-json\/wp\/v2\/media?parent=52"}],"curies":[{"name":"wp","href":"https:\/\/api.w.org\/{rel}","templated":true}]}}