{"id":5534,"date":"2025-10-20T13:06:18","date_gmt":"2025-10-20T11:06:18","guid":{"rendered":"https:\/\/szalaparti-eger.hu\/?page_id=5534"},"modified":"2025-11-13T09:05:36","modified_gmt":"2025-11-13T08:05:36","slug":"erasmus","status":"publish","type":"page","link":"https:\/\/szalaparti-eger.hu\/en\/erasmus\/","title":{"rendered":"Erasmus+"},"content":{"rendered":"\t\t<div data-elementor-type=\"wp-page\" data-elementor-id=\"5534\" class=\"elementor elementor-5534\" data-elementor-post-type=\"page\">\n\t\t\t\t<div class=\"elementor-element elementor-element-3cac2042 e-flex e-con-boxed e-con e-parent\" data-id=\"3cac2042\" data-element_type=\"container\" data-e-type=\"container\">\n\t\t\t\t\t<div class=\"e-con-inner\">\n\t\t\t\t<div class=\"elementor-element elementor-element-387f6a1d elementor-drop-cap-yes elementor-drop-cap-view-default elementor-widget elementor-widget-text-editor\" data-id=\"387f6a1d\" data-element_type=\"widget\" data-e-type=\"widget\" data-settings=\"{&quot;drop_cap&quot;:&quot;yes&quot;}\" data-widget_type=\"text-editor.default\">\n\t\t\t\t<div class=\"elementor-widget-container\">\n\t\t\t\t\t\t\t\t\t<p data-start=\"58\" data-end=\"476\"><img decoding=\"async\" class=\"wp-image-5543 size-medium alignleft\" src=\"https:\/\/szalaparti-eger.hu\/wp-content\/uploads\/2025\/10\/erasmusplus_szlogen_logo_kek-300x84.png\" alt=\"\" width=\"300\" height=\"84\" srcset=\"https:\/\/szalaparti-eger.hu\/wp-content\/uploads\/2025\/10\/erasmusplus_szlogen_logo_kek-300x84.png 300w, https:\/\/szalaparti-eger.hu\/wp-content\/uploads\/2025\/10\/erasmusplus_szlogen_logo_kek-1024x285.png 1024w, https:\/\/szalaparti-eger.hu\/wp-content\/uploads\/2025\/10\/erasmusplus_szlogen_logo_kek-768x214.png 768w, https:\/\/szalaparti-eger.hu\/wp-content\/uploads\/2025\/10\/erasmusplus_szlogen_logo_kek-1536x428.png 1536w, https:\/\/szalaparti-eger.hu\/wp-content\/uploads\/2025\/10\/erasmusplus_szlogen_logo_kek-2048x570.png 2048w\" sizes=\"(max-width: 300px) 100vw, 300px\" \/><\/p><p style=\"text-align: justify;\" data-start=\"320\" data-end=\"856\">Az Egri Szalaparti EGYMI \u00e9s Koll\u00e9gium 2025-ben ind\u00edtotta el Erasmus munkacsoportj\u00e1t, amelynek c\u00e9lja a nemzetk\u00f6zi szakmai kapcsolatok er\u0151s\u00edt\u00e9se, valamint a korszer\u0171, inkluz\u00edv \u00e9s differenci\u00e1lt pedag\u00f3giai m\u00f3dszerek megismer\u00e9se \u00e9s adapt\u00e1l\u00e1sa. Int\u00e9zm\u00e9ny\u00fcnk innov\u00e1ci\u00f3s munkak\u00f6z\u00f6ss\u00e9g\u00e9nek tagjaik\u00e9nt elk\u00f6telezetten k\u00e9sz\u00fcl\u00fcnk els\u0151 Erasmus+ p\u00e1ly\u00e1zataink meg\u00edr\u00e1s\u00e1ra \u00e9s megval\u00f3s\u00edt\u00e1s\u00e1ra, hiszen meggy\u0151z\u0151d\u00e9s\u00fcnk, hogy a nemzetk\u00f6zi tapasztalatok integr\u00e1l\u00e1sa \u00e9s az eur\u00f3pai \u00e9rt\u00e9krendek \u00e9rv\u00e9nyes\u00edt\u00e9se alapvet\u0151 fontoss\u00e1g\u00fa a modern gy\u00f3gypedag\u00f3giai gyakorlatban.<\/p><p style=\"text-align: justify;\" data-start=\"858\" data-end=\"1291\"><img fetchpriority=\"high\" decoding=\"async\" class=\"alignright wp-image-5782\" src=\"https:\/\/szalaparti-eger.hu\/wp-content\/uploads\/2025\/11\/szalapart-egymi-erasmus-724x1024.png\" alt=\"\" width=\"400\" height=\"566\" srcset=\"https:\/\/szalaparti-eger.hu\/wp-content\/uploads\/2025\/11\/szalapart-egymi-erasmus-724x1024.png 724w, https:\/\/szalaparti-eger.hu\/wp-content\/uploads\/2025\/11\/szalapart-egymi-erasmus-212x300.png 212w, https:\/\/szalaparti-eger.hu\/wp-content\/uploads\/2025\/11\/szalapart-egymi-erasmus-768x1086.png 768w, https:\/\/szalaparti-eger.hu\/wp-content\/uploads\/2025\/11\/szalapart-egymi-erasmus-1086x1536.png 1086w, https:\/\/szalaparti-eger.hu\/wp-content\/uploads\/2025\/11\/szalapart-egymi-erasmus-1448x2048.png 1448w, https:\/\/szalaparti-eger.hu\/wp-content\/uploads\/2025\/11\/szalapart-egymi-erasmus.png 1587w\" sizes=\"(max-width: 400px) 100vw, 400px\" \/>Az Erasmus program keret\u00e9ben c\u00e9lunk, hogy egy\u00fcttm\u0171k\u00f6d\u00e9st alak\u00edtsunk ki m\u00e1s eur\u00f3pai int\u00e9zm\u00e9nyekkel, megismerj\u00fck \u00e9s be\u00e9p\u00edts\u00fck a bev\u00e1lt, innovat\u00edv pedag\u00f3giai gyakorlatokat a saj\u00e1t oktat\u00e1si rendszer\u00fcnkbe. E folyamat sor\u00e1n k\u00fcl\u00f6n\u00f6s hangs\u00falyt fektet\u00fcnk arra, hogy az eur\u00f3pais\u00e1g \u00e9s az eur\u00f3pai \u00e9rt\u00e9kek \u2013 mint a tolerancia, az inkluzivit\u00e1s, az es\u00e9lyegyenl\u0151s\u00e9g \u00e9s a szolidarit\u00e1s \u2013 mindennapi nevel\u0151-oktat\u00f3 munk\u00e1nk meghat\u00e1roz\u00f3 elemei legyenek.<\/p><p style=\"text-align: justify;\" data-start=\"1293\" data-end=\"1997\">Int\u00e9zm\u00e9ny\u00fcnk kiemelt szerepet t\u00f6lt be abban, hogy a k\u00fcl\u00f6n nevel\u00e9si form\u00e1ban oktatott, speci\u00e1lis nevel\u00e9si ig\u00e9ny\u0171 gyermekeket \u00e9s fiatalokat felk\u00e9sz\u00edtse az \u00f6n\u00e1ll\u00f3 \u00e9letvitelre, valamint arra, hogy k\u00e9pess\u00e9geik kibontakoztat\u00e1s\u00e1val \u00e9s er\u0151s\u00edt\u00e9s\u00e9vel a t\u00e1rsadalom akt\u00edv, \u00e9rt\u00e9kes tagjaiv\u00e1 v\u00e1lhassanak. A nemzetk\u00f6zi kitekint\u00e9s sz\u00e1mukra k\u00fcl\u00f6n\u00f6sen fontos, hiszen tanul\u00f3ink jelent\u0151s r\u00e9sze szoci\u00e1lisan h\u00e1tr\u00e1nyos helyzet\u0171, peremtelep\u00fcl\u00e9sekr\u0151l \u00e9rkezik, vagy \u00e1llami gondoz\u00e1sban nevelkedik. A nemzetk\u00f6zi egy\u00fcttm\u0171k\u00f6d\u00e9sek r\u00e9v\u00e9n olyan \u00faj szeml\u00e9letm\u00f3dokat \u00e9s pedag\u00f3giai megk\u00f6zel\u00edt\u00e9seket ismerhet\u00fcnk meg, amelyek seg\u00edtik \u0151ket a t\u00e1rsadalmi integr\u00e1ci\u00f3ban, az \u00f6n\u00e1ll\u00f3s\u00e1g kialak\u00edt\u00e1s\u00e1ban \u00e9s a j\u00f6v\u0151be vetett hit\u00fck meger\u0151s\u00edt\u00e9s\u00e9ben.<\/p><p style=\"text-align: justify;\" data-start=\"1999\" data-end=\"2379\">B\u00fcszk\u00e9k vagyunk arra, hogy az Erasmus+ programhoz val\u00f3 csatlakoz\u00e1ssal int\u00e9zm\u00e9ny\u00fcnk akt\u00edv r\u00e9szese lehet egy olyan eur\u00f3pai k\u00f6z\u00f6ss\u00e9gnek, amely az inkl\u00fazi\u00f3, a szakmai fejl\u0151d\u00e9s \u00e9s a k\u00f6z\u00f6s tanul\u00e1s \u00e9rt\u00e9kein alapul. Meggy\u0151z\u0151d\u00e9s\u00fcnk, hogy e kezdem\u00e9nyez\u00e9s nemcsak tanul\u00f3ink szem\u00e9lyes fejl\u0151d\u00e9s\u00e9t, hanem pedag\u00f3gusaink szakmai meg\u00fajul\u00e1s\u00e1t \u00e9s int\u00e9zm\u00e9ny\u00fcnk nemzetk\u00f6zi nyitotts\u00e1g\u00e1t is el\u0151seg\u00edti.<\/p>\t\t\t\t\t\t\t\t<\/div>\n\t\t\t\t<\/div>\n\t\t\t\t\t<\/div>\n\t\t\t\t<\/div>\n\t\t<div class=\"elementor-element elementor-element-65796e6 e-flex e-con-boxed e-con e-parent\" data-id=\"65796e6\" data-element_type=\"container\" data-e-type=\"container\">\n\t\t\t\t\t<div class=\"e-con-inner\">\n\t\t\t\t<div class=\"elementor-element elementor-element-9777de6 elementor-widget elementor-widget-heading\" data-id=\"9777de6\" data-element_type=\"widget\" data-e-type=\"widget\" data-widget_type=\"heading.default\">\n\t\t\t\t<div class=\"elementor-widget-container\">\n\t\t\t\t\t<h2 class=\"elementor-heading-title elementor-size-default\">Erasmus Munkak\u00f6z\u00f6ss\u00e9g \u00e9s Int\u00e9zm\u00e9nyi Nemzetk\u00f6zies\u00edt\u00e9s h\u00edrei<\/h2>\t\t\t\t<\/div>\n\t\t\t\t<\/div>\n\t\t\t\t\t<\/div>\n\t\t\t\t<\/div>\n\t\t<div class=\"elementor-element elementor-element-62379be e-flex e-con-boxed e-con e-parent\" data-id=\"62379be\" data-element_type=\"container\" data-e-type=\"container\">\n\t\t\t\t\t<div class=\"e-con-inner\">\n\t\t\t\t<div class=\"elementor-element elementor-element-96738e7 elementor-grid-3 elementor-grid-tablet-2 elementor-grid-mobile-1 elementor-widget elementor-widget-loop-grid\" data-id=\"96738e7\" data-element_type=\"widget\" data-e-type=\"widget\" data-settings=\"{&quot;template_id&quot;:&quot;4496&quot;,&quot;_skin&quot;:&quot;post&quot;,&quot;columns&quot;:&quot;3&quot;,&quot;columns_tablet&quot;:&quot;2&quot;,&quot;columns_mobile&quot;:&quot;1&quot;,&quot;edit_handle_selector&quot;:&quot;[data-elementor-type=\\&quot;loop-item\\&quot;]&quot;,&quot;row_gap&quot;:{&quot;unit&quot;:&quot;px&quot;,&quot;size&quot;:&quot;&quot;,&quot;sizes&quot;:[]},&quot;row_gap_tablet&quot;:{&quot;unit&quot;:&quot;px&quot;,&quot;size&quot;:&quot;&quot;,&quot;sizes&quot;:[]},&quot;row_gap_mobile&quot;:{&quot;unit&quot;:&quot;px&quot;,&quot;size&quot;:&quot;&quot;,&quot;sizes&quot;:[]}}\" data-widget_type=\"loop-grid.post\">\n\t\t\t\t<div class=\"elementor-widget-container\">\n\t\t\t\t\t\t\t<div class=\"elementor-loop-container elementor-grid\" role=\"list\">\n\t\t<style id=\"loop-4496\">.elementor-4496 .elementor-element.elementor-element-33be5a30{--display:flex;--gap:20px 20px;--row-gap:20px;--column-gap:20px;--padding-top:0px;--padding-bottom:0px;--padding-left:0px;--padding-right:0px;}.elementor-4496 .elementor-element.elementor-element-2379924c{--display:flex;--margin-top:0px;--margin-bottom:35px;--margin-left:0px;--margin-right:0px;--padding-top:0px;--padding-bottom:0px;--padding-left:0px;--padding-right:0px;}.elementor-widget-theme-post-featured-image .widget-image-caption{color:var( --e-global-color-text );font-family:var( --e-global-typography-text-font-family ), Sans-serif;font-weight:var( --e-global-typography-text-font-weight );}.elementor-4496 .elementor-element.elementor-element-4a71991f img{width:100%;height:526px;object-fit:cover;object-position:center center;}.elementor-widget-theme-post-title .elementor-heading-title{font-family:var( --e-global-typography-primary-font-family ), Sans-serif;font-weight:var( --e-global-typography-primary-font-weight );color:var( --e-global-color-primary );}.elementor-4496 .elementor-element.elementor-element-383130e2 .elementor-heading-title{font-family:var( --e-global-typography-primary-font-family ), Sans-serif;font-weight:var( --e-global-typography-primary-font-weight );color:#1E1E1E;}.elementor-widget-post-info .elementor-icon-list-item:not(:last-child):after{border-color:var( --e-global-color-text );}.elementor-widget-post-info .elementor-icon-list-icon i{color:var( --e-global-color-primary );}.elementor-widget-post-info .elementor-icon-list-icon svg{fill:var( --e-global-color-primary );}.elementor-widget-post-info .elementor-icon-list-text, .elementor-widget-post-info .elementor-icon-list-text a{color:var( --e-global-color-secondary );}.elementor-widget-post-info .elementor-icon-list-item{font-family:var( --e-global-typography-text-font-family ), Sans-serif;font-weight:var( --e-global-typography-text-font-weight );}.elementor-4496 .elementor-element.elementor-element-7968278a .elementor-icon-list-icon i{color:#1E1E1E;font-size:14px;}.elementor-4496 .elementor-element.elementor-element-7968278a .elementor-icon-list-icon svg{fill:#1E1E1E;--e-icon-list-icon-size:14px;}.elementor-4496 .elementor-element.elementor-element-7968278a .elementor-icon-list-icon{width:14px;}.elementor-4496 .elementor-element.elementor-element-7968278a .elementor-icon-list-text, .elementor-4496 .elementor-element.elementor-element-7968278a .elementor-icon-list-text a{color:#1E1E1E;}.elementor-4496 .elementor-element.elementor-element-7968278a .elementor-icon-list-item{font-family:var( --e-global-typography-primary-font-family ), Sans-serif;font-weight:var( --e-global-typography-primary-font-weight );}.elementor-widget-theme-post-excerpt .elementor-widget-container{font-family:var( --e-global-typography-text-font-family ), Sans-serif;font-weight:var( --e-global-typography-text-font-weight );color:var( --e-global-color-text );}.elementor-4496 .elementor-element.elementor-element-7ee558d2 .elementor-widget-container{font-family:\"Jost\", Sans-serif;font-size:16px;font-weight:400;text-transform:none;font-style:normal;text-decoration:none;line-height:21px;letter-spacing:0px;word-spacing:0em;color:#1E1E1E;}.elementor-widget-button .elementor-button{font-family:var( --e-global-typography-accent-font-family ), Sans-serif;font-weight:var( --e-global-typography-accent-font-weight );background-color:var( --e-global-color-accent );}.elementor-4496 .elementor-element.elementor-element-525b4b32 .elementor-button{font-family:var( --e-global-typography-primary-font-family ), Sans-serif;font-weight:var( --e-global-typography-primary-font-weight );fill:#1E1E1E;color:#1E1E1E;background-color:#FFFFFF00;border-style:solid;border-width:0px 0px 1px 0px;border-color:#1E1E1E;border-radius:0px 0px 0px 0px;padding:0px 0px 0px 0px;}@media(max-width:1024px){.elementor-4496 .elementor-element.elementor-element-33be5a30{--justify-content:space-between;}.elementor-4496 .elementor-element.elementor-element-2379924c{--justify-content:flex-start;--gap:20px 20px;--row-gap:20px;--column-gap:20px;--margin-top:0px;--margin-bottom:20px;--margin-left:0px;--margin-right:0px;}.elementor-4496 .elementor-element.elementor-element-4a71991f img{height:380px;}.elementor-4496 .elementor-element.elementor-element-383130e2 > .elementor-widget-container{padding:0% 1% 0% 0%;}.elementor-4496 .elementor-element.elementor-element-7ee558d2 .elementor-widget-container{font-size:14px;}}@media(min-width:768px){.elementor-4496 .elementor-element.elementor-element-33be5a30{--content-width:424px;}}@media(max-width:1024px) and (min-width:768px){.elementor-4496 .elementor-element.elementor-element-33be5a30{--content-width:400px;}}@media(max-width:767px){.elementor-4496 .elementor-element.elementor-element-33be5a30{--content-width:500px;}.elementor-4496 .elementor-element.elementor-element-4a71991f img{height:410px;}.elementor-4496 .elementor-element.elementor-element-383130e2{text-align:center;}.elementor-4496 .elementor-element.elementor-element-383130e2 > .elementor-widget-container{padding:0% 7% 0% 7%;}.elementor-4496 .elementor-element.elementor-element-7ee558d2 .elementor-widget-container{text-align:center;}}<\/style>\t\t<div data-elementor-type=\"loop-item\" data-elementor-id=\"4496\" class=\"elementor elementor-4496 e-loop-item e-loop-item-8237 post-8237 post type-post status-publish format-standard has-post-thumbnail hentry category-erasmus category-hirek\" data-elementor-post-type=\"elementor_library\" data-custom-edit-handle=\"1\">\n\t\t\t<div class=\"elementor-element elementor-element-33be5a30 e-flex e-con-boxed e-con e-parent\" data-id=\"33be5a30\" data-element_type=\"container\" data-e-type=\"container\">\n\t\t\t\t\t<div class=\"e-con-inner\">\n\t\t<div class=\"elementor-element elementor-element-2379924c e-flex e-con-boxed e-con e-child\" data-id=\"2379924c\" data-element_type=\"container\" data-e-type=\"container\">\n\t\t\t\t\t<div class=\"e-con-inner\">\n\t\t\t\t<div class=\"elementor-element elementor-element-4a71991f elementor-widget elementor-widget-theme-post-featured-image elementor-widget-image\" data-id=\"4a71991f\" data-element_type=\"widget\" data-e-type=\"widget\" data-widget_type=\"theme-post-featured-image.default\">\n\t\t\t\t<div class=\"elementor-widget-container\">\n\t\t\t\t\t\t\t\t\t\t\t\t\t\t\t\t<a href=\"https:\/\/szalaparti-eger.hu\/en\/2026-03-17-nemzetkozi-egyuttmukodes-esslingen-varosaval\/\">\n\t\t\t\t\t\t\t<img decoding=\"async\" width=\"800\" height=\"534\" src=\"https:\/\/szalaparti-eger.hu\/wp-content\/uploads\/2026\/03\/partner-1024x683.png\" class=\"attachment-large size-large wp-image-8238\" alt=\"\" srcset=\"https:\/\/szalaparti-eger.hu\/wp-content\/uploads\/2026\/03\/partner-1024x683.png 1024w, https:\/\/szalaparti-eger.hu\/wp-content\/uploads\/2026\/03\/partner-300x200.png 300w, https:\/\/szalaparti-eger.hu\/wp-content\/uploads\/2026\/03\/partner-768x512.png 768w, https:\/\/szalaparti-eger.hu\/wp-content\/uploads\/2026\/03\/partner-18x12.png 18w, https:\/\/szalaparti-eger.hu\/wp-content\/uploads\/2026\/03\/partner.png 1536w\" sizes=\"(max-width: 800px) 100vw, 800px\" \/>\t\t\t\t\t\t\t\t<\/a>\n\t\t\t\t\t\t\t\t\t\t\t\t\t\t\t<\/div>\n\t\t\t\t<\/div>\n\t\t\t\t<div class=\"elementor-element elementor-element-383130e2 elementor-widget elementor-widget-theme-post-title elementor-page-title elementor-widget-heading\" data-id=\"383130e2\" data-element_type=\"widget\" data-e-type=\"widget\" data-widget_type=\"theme-post-title.default\">\n\t\t\t\t<div class=\"elementor-widget-container\">\n\t\t\t\t\t<h4 class=\"elementor-heading-title elementor-size-default\">2026.03.17. Nemzetk\u00f6zi egy\u00fcttm\u0171k\u00f6d\u00e9s Esslingen v\u00e1ros\u00e1val<\/h4>\t\t\t\t<\/div>\n\t\t\t\t<\/div>\n\t\t\t\t<div class=\"elementor-element elementor-element-7968278a elementor-mobile-align-center elementor-widget elementor-widget-post-info\" data-id=\"7968278a\" data-element_type=\"widget\" data-e-type=\"widget\" data-widget_type=\"post-info.default\">\n\t\t\t\t<div class=\"elementor-widget-container\">\n\t\t\t\t\t\t\t<ul class=\"elementor-inline-items elementor-icon-list-items elementor-post-info\">\n\t\t\t\t\t\t\t\t<li class=\"elementor-icon-list-item elementor-repeater-item-96bcfcf elementor-inline-item\" itemprop=\"datePublished\">\n\t\t\t\t\t\t\t\t\t\t\t\t\t<span class=\"elementor-icon-list-text elementor-post-info__item elementor-post-info__item--type-date\">\n\t\t\t\t\t\t\t\t\t\t<time>2026-03-17<\/time>\t\t\t\t\t<\/span>\n\t\t\t\t\t\t\t\t<\/li>\n\t\t\t\t<\/ul>\n\t\t\t\t\t\t<\/div>\n\t\t\t\t<\/div>\n\t\t\t\t\t<\/div>\n\t\t\t\t<\/div>\n\t\t\t\t<div class=\"elementor-element elementor-element-525b4b32 elementor-mobile-align-center elementor-widget elementor-widget-button\" data-id=\"525b4b32\" data-element_type=\"widget\" data-e-type=\"widget\" data-widget_type=\"button.default\">\n\t\t\t\t<div class=\"elementor-widget-container\">\n\t\t\t\t\t\t\t\t\t<div class=\"elementor-button-wrapper\">\n\t\t\t\t\t<a class=\"elementor-button elementor-button-link elementor-size-sm elementor-animation-float\" href=\"https:\/\/szalaparti-eger.hu\/en\/2026-03-17-nemzetkozi-egyuttmukodes-esslingen-varosaval\/\">\n\t\t\t\t\t\t<span class=\"elementor-button-content-wrapper\">\n\t\t\t\t\t\t\t\t\t<span class=\"elementor-button-text\">Tov\u00e1bb olvasom<\/span>\n\t\t\t\t\t<\/span>\n\t\t\t\t\t<\/a>\n\t\t\t\t<\/div>\n\t\t\t\t\t\t\t\t<\/div>\n\t\t\t\t<\/div>\n\t\t\t\t\t<\/div>\n\t\t\t\t<\/div>\n\t\t\t\t<\/div>\n\t\t\t\t<div data-elementor-type=\"loop-item\" data-elementor-id=\"4496\" class=\"elementor elementor-4496 e-loop-item e-loop-item-8233 post-8233 post type-post status-publish format-standard has-post-thumbnail hentry category-erasmus category-hirek tag-erasmus tag-palyazat\" data-elementor-post-type=\"elementor_library\" data-custom-edit-handle=\"1\">\n\t\t\t<div class=\"elementor-element elementor-element-33be5a30 e-flex e-con-boxed e-con e-parent\" data-id=\"33be5a30\" data-element_type=\"container\" data-e-type=\"container\">\n\t\t\t\t\t<div class=\"e-con-inner\">\n\t\t<div class=\"elementor-element elementor-element-2379924c e-flex e-con-boxed e-con e-child\" data-id=\"2379924c\" data-element_type=\"container\" data-e-type=\"container\">\n\t\t\t\t\t<div class=\"e-con-inner\">\n\t\t\t\t<div class=\"elementor-element elementor-element-4a71991f elementor-widget elementor-widget-theme-post-featured-image elementor-widget-image\" data-id=\"4a71991f\" data-element_type=\"widget\" data-e-type=\"widget\" data-widget_type=\"theme-post-featured-image.default\">\n\t\t\t\t<div class=\"elementor-widget-container\">\n\t\t\t\t\t\t\t\t\t\t\t\t\t\t\t\t<a href=\"https:\/\/szalaparti-eger.hu\/en\/2026-03-01-elkeszult-elso-erasmus-palyazatunk\/\">\n\t\t\t\t\t\t\t<img loading=\"lazy\" decoding=\"async\" width=\"800\" height=\"534\" src=\"https:\/\/szalaparti-eger.hu\/wp-content\/uploads\/2026\/03\/erasmus-pics-1024x683.png\" class=\"attachment-large size-large wp-image-8235\" alt=\"\" srcset=\"https:\/\/szalaparti-eger.hu\/wp-content\/uploads\/2026\/03\/erasmus-pics-1024x683.png 1024w, https:\/\/szalaparti-eger.hu\/wp-content\/uploads\/2026\/03\/erasmus-pics-300x200.png 300w, https:\/\/szalaparti-eger.hu\/wp-content\/uploads\/2026\/03\/erasmus-pics-768x512.png 768w, https:\/\/szalaparti-eger.hu\/wp-content\/uploads\/2026\/03\/erasmus-pics-18x12.png 18w, https:\/\/szalaparti-eger.hu\/wp-content\/uploads\/2026\/03\/erasmus-pics.png 1536w\" sizes=\"(max-width: 800px) 100vw, 800px\" \/>\t\t\t\t\t\t\t\t<\/a>\n\t\t\t\t\t\t\t\t\t\t\t\t\t\t\t<\/div>\n\t\t\t\t<\/div>\n\t\t\t\t<div class=\"elementor-element elementor-element-383130e2 elementor-widget elementor-widget-theme-post-title elementor-page-title elementor-widget-heading\" data-id=\"383130e2\" data-element_type=\"widget\" data-e-type=\"widget\" data-widget_type=\"theme-post-title.default\">\n\t\t\t\t<div class=\"elementor-widget-container\">\n\t\t\t\t\t<h4 class=\"elementor-heading-title elementor-size-default\">2026.03.01. Elk\u00e9sz\u00fclt els\u0151 Erasmus+ p\u00e1ly\u00e1zatunk<\/h4>\t\t\t\t<\/div>\n\t\t\t\t<\/div>\n\t\t\t\t<div class=\"elementor-element elementor-element-7968278a elementor-mobile-align-center elementor-widget elementor-widget-post-info\" data-id=\"7968278a\" data-element_type=\"widget\" data-e-type=\"widget\" data-widget_type=\"post-info.default\">\n\t\t\t\t<div class=\"elementor-widget-container\">\n\t\t\t\t\t\t\t<ul class=\"elementor-inline-items elementor-icon-list-items elementor-post-info\">\n\t\t\t\t\t\t\t\t<li class=\"elementor-icon-list-item elementor-repeater-item-96bcfcf elementor-inline-item\" itemprop=\"datePublished\">\n\t\t\t\t\t\t\t\t\t\t\t\t\t<span class=\"elementor-icon-list-text elementor-post-info__item elementor-post-info__item--type-date\">\n\t\t\t\t\t\t\t\t\t\t<time>2026-03-01<\/time>\t\t\t\t\t<\/span>\n\t\t\t\t\t\t\t\t<\/li>\n\t\t\t\t<\/ul>\n\t\t\t\t\t\t<\/div>\n\t\t\t\t<\/div>\n\t\t\t\t\t<\/div>\n\t\t\t\t<\/div>\n\t\t\t\t<div class=\"elementor-element elementor-element-525b4b32 elementor-mobile-align-center elementor-widget elementor-widget-button\" data-id=\"525b4b32\" data-element_type=\"widget\" data-e-type=\"widget\" data-widget_type=\"button.default\">\n\t\t\t\t<div class=\"elementor-widget-container\">\n\t\t\t\t\t\t\t\t\t<div class=\"elementor-button-wrapper\">\n\t\t\t\t\t<a class=\"elementor-button elementor-button-link elementor-size-sm elementor-animation-float\" href=\"https:\/\/szalaparti-eger.hu\/en\/2026-03-01-elkeszult-elso-erasmus-palyazatunk\/\">\n\t\t\t\t\t\t<span class=\"elementor-button-content-wrapper\">\n\t\t\t\t\t\t\t\t\t<span class=\"elementor-button-text\">Tov\u00e1bb olvasom<\/span>\n\t\t\t\t\t<\/span>\n\t\t\t\t\t<\/a>\n\t\t\t\t<\/div>\n\t\t\t\t\t\t\t\t<\/div>\n\t\t\t\t<\/div>\n\t\t\t\t\t<\/div>\n\t\t\t\t<\/div>\n\t\t\t\t<\/div>\n\t\t\t\t<\/div>\n\t\t\n\t\t\t\t\t\t<\/div>\n\t\t\t\t<\/div>\n\t\t\t\t\t<\/div>\n\t\t\t\t<\/div>\n\t\t\t\t<\/div>\n\t\t","protected":false},"excerpt":{"rendered":"<p>Az Egri Szalaparti EGYMI \u00e9s Koll\u00e9gium 2025-ben ind\u00edtotta el Erasmus munkacsoportj\u00e1t, amelynek c\u00e9lja a nemzetk\u00f6zi szakmai kapcsolatok er\u0151s\u00edt\u00e9se, valamint a korszer\u0171, inkluz\u00edv \u00e9s differenci\u00e1lt pedag\u00f3giai m\u00f3dszerek megismer\u00e9se \u00e9s adapt\u00e1l\u00e1sa. Int\u00e9zm\u00e9ny\u00fcnk innov\u00e1ci\u00f3s munkak\u00f6z\u00f6ss\u00e9g\u00e9nek tagjaik\u00e9nt elk\u00f6telezetten k\u00e9sz\u00fcl\u00fcnk els\u0151 Erasmus+ p\u00e1ly\u00e1zataink meg\u00edr\u00e1s\u00e1ra \u00e9s megval\u00f3s\u00edt\u00e1s\u00e1ra, hiszen meggy\u0151z\u0151d\u00e9s\u00fcnk, hogy a nemzetk\u00f6zi tapasztalatok integr\u00e1l\u00e1sa \u00e9s az eur\u00f3pai \u00e9rt\u00e9krendek \u00e9rv\u00e9nyes\u00edt\u00e9se alapvet\u0151 fontoss\u00e1g\u00fa [&hellip;]<\/p>\n","protected":false},"author":2,"featured_media":0,"parent":0,"menu_order":0,"comment_status":"closed","ping_status":"closed","template":"elementor_header_footer","meta":{"ngg_post_thumbnail":0,"footnotes":""},"class_list":["post-5534","page","type-page","status-publish","hentry"],"_links":{"self":[{"href":"https:\/\/szalaparti-eger.hu\/en\/wp-json\/wp\/v2\/pages\/5534","targetHints":{"allow":["GET"]}}],"collection":[{"href":"https:\/\/szalaparti-eger.hu\/en\/wp-json\/wp\/v2\/pages"}],"about":[{"href":"https:\/\/szalaparti-eger.hu\/en\/wp-json\/wp\/v2\/types\/page"}],"author":[{"embeddable":true,"href":"https:\/\/szalaparti-eger.hu\/en\/wp-json\/wp\/v2\/users\/2"}],"replies":[{"embeddable":true,"href":"https:\/\/szalaparti-eger.hu\/en\/wp-json\/wp\/v2\/comments?post=5534"}],"version-history":[{"count":55,"href":"https:\/\/szalaparti-eger.hu\/en\/wp-json\/wp\/v2\/pages\/5534\/revisions"}],"predecessor-version":[{"id":5809,"href":"https:\/\/szalaparti-eger.hu\/en\/wp-json\/wp\/v2\/pages\/5534\/revisions\/5809"}],"wp:attachment":[{"href":"https:\/\/szalaparti-eger.hu\/en\/wp-json\/wp\/v2\/media?parent=5534"}],"curies":[{"name":"wp","href":"https:\/\/api.w.org\/{rel}","templated":true}]}}