{"id":735,"date":"2023-06-06T10:39:48","date_gmt":"2023-06-06T08:39:48","guid":{"rendered":"https:\/\/szalaparti-eger.edu.hu\/teszt\/?page_id=735"},"modified":"2024-01-30T13:21:21","modified_gmt":"2024-01-30T12:21:21","slug":"terapias-foglalkozasok","status":"publish","type":"page","link":"https:\/\/szalaparti-eger.hu\/en\/terapias-foglalkozasok\/","title":{"rendered":"Ter\u00e1pi\u00e1s foglalkoz\u00e1sok"},"content":{"rendered":"<h2 style=\"text-align: center;\">Ter\u00e1pi\u00e1s foglalkoz\u00e1sok<\/h2>\n<p>&nbsp;<\/p>\n<p>&nbsp;<\/p>\n<h3>Snoezelen ter\u00e1pia<\/h3>\n<p>&nbsp;<\/p>\n<p>&nbsp;<\/p>\n<p>&nbsp;<\/p>\n<p>&nbsp;<\/p>\n<p>A snoezelen szob\u00e1ban s\u00falyosan s\u00e9r\u00fclt, \u00e9rtelmileg akad\u00e1lyozott gyermekek fejleszt\u00e9se folyik egy\u00e9ni \u00e9s csoportos foglalkoz\u00e1s keret\u00e9ben. E ter\u00e1pi\u00e1s m\u00f3dszer gondolata 1970-es \u00e9vekben sz\u00fcletett meg Hollandi\u00e1ban. Snoezelen holland nyelven annyit jelent: ellaz\u00edtott, \u00e9lvezetes pihen\u00e9s. A ter\u00e1pia seg\u00edti a fogyat\u00e9kos emberek g\u00e1tl\u00e1sainak, f\u00e9lelmeinek old\u00e1s\u00e1t \u00e9s nyitott\u00e1 teszi \u0151ket a k\u00f6rnyez\u0151 vil\u00e1g \u00f6ntev\u00e9keny felfedez\u00e9s\u00e9re.<\/p>\n<p>&nbsp;<\/p>\n<p>&nbsp;<\/p>\n<p>&nbsp;<\/p>\n<h3>Autist\u00e1k fejleszt\u00e9se<\/h3>\n<p>&nbsp;<\/p>\n<p>&nbsp;<\/p>\n<p>&nbsp;<\/p>\n<p>&nbsp;<\/p>\n<p>A kommunik\u00e1ci\u00f3 eszk\u00f6ze szimb\u00f3lumokat \u00e9rt\u0151 gyermek sz\u00e1m\u00e1ra<\/p>\n<p>&nbsp;<\/p>\n<p>&nbsp;<\/p>\n<p>&nbsp;<\/p>\n<p>A struktur\u00e1lt tan\u00edt\u00e1s<\/p>\n<p>&nbsp;<\/p>\n<p>&nbsp;<\/p>\n<p>&nbsp;<\/p>\n<p>Az \u00e9rzelmek tanul\u00e1sa szimb\u00f3lumok seg\u00edts\u00e9g\u00e9vel<\/p>\n<p>&nbsp;<\/p>\n<p>&nbsp;<\/p>\n<p>&nbsp;<\/p>\n<p>K\u00f6z\u00f6s szerepl\u00e9s t\u00e9lap\u00f3 \u00fcnneps\u00e9gen<\/p>\n<p>&nbsp;<\/p>\n<p>&nbsp;<\/p>\n<p>&nbsp;<\/p>\n<p>&nbsp;<\/p>\n<p>Szoci\u00e1lis k\u00e9szs\u00e9gek fejleszt\u00e9se<\/p>\n<p>&nbsp;<\/p>\n<p>&nbsp;<\/p>\n<p>&nbsp;<\/p>\n<p>Kort\u00e1rs seg\u00edt\u0151k k\u00f6z\u00f6tt<\/p>\n<p>&nbsp;<\/p>\n<p>&nbsp;<\/p>\n<p>&nbsp;<\/p>\n<p>\u201eFanni, k\u00e9pzeld el&#8230; seg\u00edt egy kedves angyal!\u201d<\/p>\n<p>&nbsp;<\/p>","protected":false},"excerpt":{"rendered":"<p>Ter\u00e1pi\u00e1s foglalkoz\u00e1sok &nbsp; &nbsp; Snoezelen ter\u00e1pia &nbsp; &nbsp; &nbsp; &nbsp; A snoezelen szob\u00e1ban s\u00falyosan s\u00e9r\u00fclt, \u00e9rtelmileg akad\u00e1lyozott gyermekek fejleszt\u00e9se folyik egy\u00e9ni \u00e9s csoportos foglalkoz\u00e1s keret\u00e9ben. E ter\u00e1pi\u00e1s m\u00f3dszer gondolata 1970-es \u00e9vekben sz\u00fcletett meg Hollandi\u00e1ban. Snoezelen holland nyelven annyit jelent: ellaz\u00edtott, \u00e9lvezetes pihen\u00e9s. A ter\u00e1pia seg\u00edti a fogyat\u00e9kos emberek g\u00e1tl\u00e1sainak, f\u00e9lelmeinek old\u00e1s\u00e1t \u00e9s nyitott\u00e1 teszi \u0151ket [&hellip;]<\/p>\n","protected":false},"author":2,"featured_media":0,"parent":0,"menu_order":0,"comment_status":"closed","ping_status":"closed","template":"elementor_header_footer","meta":{"ngg_post_thumbnail":0,"footnotes":""},"class_list":["post-735","page","type-page","status-publish","hentry"],"_links":{"self":[{"href":"https:\/\/szalaparti-eger.hu\/en\/wp-json\/wp\/v2\/pages\/735","targetHints":{"allow":["GET"]}}],"collection":[{"href":"https:\/\/szalaparti-eger.hu\/en\/wp-json\/wp\/v2\/pages"}],"about":[{"href":"https:\/\/szalaparti-eger.hu\/en\/wp-json\/wp\/v2\/types\/page"}],"author":[{"embeddable":true,"href":"https:\/\/szalaparti-eger.hu\/en\/wp-json\/wp\/v2\/users\/2"}],"replies":[{"embeddable":true,"href":"https:\/\/szalaparti-eger.hu\/en\/wp-json\/wp\/v2\/comments?post=735"}],"version-history":[{"count":1,"href":"https:\/\/szalaparti-eger.hu\/en\/wp-json\/wp\/v2\/pages\/735\/revisions"}],"predecessor-version":[{"id":3238,"href":"https:\/\/szalaparti-eger.hu\/en\/wp-json\/wp\/v2\/pages\/735\/revisions\/3238"}],"wp:attachment":[{"href":"https:\/\/szalaparti-eger.hu\/en\/wp-json\/wp\/v2\/media?parent=735"}],"curies":[{"name":"wp","href":"https:\/\/api.w.org\/{rel}","templated":true}]}}