{"id":737,"date":"2023-06-06T10:41:51","date_gmt":"2023-06-06T08:41:51","guid":{"rendered":"https:\/\/szalaparti-eger.edu.hu\/teszt\/?page_id=737"},"modified":"2024-02-09T11:44:03","modified_gmt":"2024-02-09T10:44:03","slug":"szinvarazs-csengettyuzenekar","status":"publish","type":"page","link":"https:\/\/szalaparti-eger.hu\/en\/szinvarazs-csengettyuzenekar\/","title":{"rendered":"Sz\u00ednvar\u00e1zs Csengetty\u0171zenekar"},"content":{"rendered":"<div data-elementor-type=\"wp-page\" data-elementor-id=\"737\" class=\"elementor elementor-737\" data-elementor-post-type=\"page\">\n\t\t\t\t<div class=\"elementor-element elementor-element-424c3ca1 e-flex e-con-boxed e-con e-parent\" data-id=\"424c3ca1\" data-element_type=\"container\" data-e-type=\"container\">\n\t\t\t\t\t<div class=\"e-con-inner\">\n\t\t\t\t<div class=\"elementor-element elementor-element-632bf96d elementor-widget elementor-widget-text-editor\" data-id=\"632bf96d\" data-element_type=\"widget\" data-e-type=\"widget\" data-widget_type=\"text-editor.default\">\n\t\t\t\t<div class=\"elementor-widget-container\">\n\t\t\t\t\t\t\t\t\t<h2 style=\"text-align: center;\">Sz\u00ednvar\u00e1zs Csengetty\u0171zenekar<\/h2><h2 style=\"text-align: center;\">Zenei fejleszt\u00e9s Ulwila tan\u00edt\u00e1si m\u00f3dszerrel<\/h2><p>\u00a0<\/p><p>\u00a0<\/p><p>A m\u0171v\u00e9szet, a zene az egyik lehets\u00e9ges m\u00f3d, mely seg\u00edt \u00e1tl\u00e9pni a hat\u00e1rokat \u00e9pek \u00e9s s\u00e9r\u00fcltek k\u00f6z\u00f6tt.<\/p><p>Int\u00e9zm\u00e9ny\u00fcnk alapvet\u0151 pedag\u00f3giai nevel\u00e9si c\u00e9lja, hogy tanul\u00f3inkban \u00e9rdekl\u0151d\u00e9st kelts\u00fcnk a kult\u00fara, a k\u00fcl\u00f6nb\u00f6z\u0151 m\u0171v\u00e9szeti \u00e1gak ir\u00e1nt, s felhaszn\u00e1ljuk ter\u00e1pi\u00e1s fejleszt\u0151 foglalkoz\u00e1sainkon ezeket a lehet\u0151s\u00e9geket.<\/p><p>A Sz\u00ednvar\u00e1zs Csengetty\u0171zenekar 2010-ben alakult. Egy gyermekgy\u00f3gy\u00edt\u00f3 programot t\u00e1mogat\u00f3 szervezet lehet\u0151v\u00e9 tette, hogy 30 darabb\u00f3l \u00e1ll\u00f3 csengetty\u0171k\u00e9szletet v\u00e1s\u00e1roljunk, s szakk\u00f6ri foglalkoz\u00e1sok keret\u00e9ben megkezdhess\u00fck e fejleszt\u0151 tev\u00e9kenys\u00e9get a zene gy\u00f3gy\u00edt\u00f3 erej\u00e9vel.<\/p><p>\u00a0<\/p><h3>Ter\u00e1pi\u00e1s foglalkoz\u00e1s c\u00e9lja:<\/h3><ul><li>pszich\u00e9s s\u00e9r\u00fcl\u00e9sek, szorong\u00e1sok, g\u00e1tl\u00e1sok old\u00e1sa<\/li><li>motorikus mozg\u00e1s, differenci\u00e1lt mozg\u00e1s fejleszt\u00e9se<\/li><li>koncentr\u00e1ci\u00f3 \u00e9s mem\u00f3ria fejleszt\u00e9se<\/li><li>\u00f6nbizalom, kifejez\u0151 k\u00e9pess\u00e9g meger\u0151s\u00edt\u00e9se, mely seg\u00edts\u00e9get ny\u00fajt a k\u00f6rnyezettel val\u00f3 kapcsolatteremt\u00e9sben.<\/li><\/ul><p>\u00a0<\/p><p>A tanul\u00f3k hangszerhaszn\u00e1lata biztos, a sz\u00ednes kott\u00e1n j\u00f3l t\u00e1j\u00e9koz\u00f3dnak. V\u00e1ltott k\u00e9zzel, t\u00f6bb csengetty\u0171t sz\u00f3laltatnak meg.<\/p><p>Igazi sz\u00ednfoltja iskol\u00e1nk kar\u00e1csonyi \u00fcnneps\u00e9g\u00e9n a csengetty\u0171 muzsika. Advent id\u0151szak\u00e1ban megh\u00edv\u00e1st szoktunk kapni a v\u00e1ros \u00e1ltal szervezett Dob\u00f3 t\u00e9ri \u00fcnneps\u00e9gre. Itt lehet\u0151s\u00e9g\u00fcnk ny\u00edlik t\u00e1rsadalmi integr\u00e1ci\u00f3ra, hiszen a v\u00e1ros lakosai is megcsod\u00e1lhatj\u00e1k muzsik\u00e1nkat.<\/p><p><img fetchpriority=\"high\" decoding=\"async\" class=\"alignnone size-full wp-image-3731\" src=\"https:\/\/szalaparti-eger.hu\/wp-content\/uploads\/2024\/02\/doboter.jpg\" alt=\"\" width=\"287\" height=\"215\" \/><\/p><p>A J\u00e1t\u00e9kkal a Tud\u00e1s\u00e9rt Alap\u00edtv\u00e1ny, a Fogyat\u00e9kosok Orsz\u00e1gos Di\u00e1k- \u00e9s Szabadid\u0151sport Sz\u00f6vets\u00e9ge \u00e9s az EGYMI Orsz\u00e1gos Egyes\u00fclete \u00e1ltal meghirdetett Orsz\u00e1gos \u201eKi mit tud?\u201d versenyen 2016-ban \u00e9s 2018-ban, Kisk\u0151r\u00f6s\u00f6n, els\u0151 helyez\u00e9st \u00e9rt\u00fcnk el.<\/p><p><img decoding=\"async\" class=\"alignleft wp-image-3730 size-large\" src=\"https:\/\/szalaparti-eger.hu\/wp-content\/uploads\/2024\/02\/kiskoros-1024x768.jpg\" alt=\"\" width=\"800\" height=\"600\" srcset=\"https:\/\/szalaparti-eger.hu\/wp-content\/uploads\/2024\/02\/kiskoros-1024x768.jpg 1024w, https:\/\/szalaparti-eger.hu\/wp-content\/uploads\/2024\/02\/kiskoros-300x225.jpg 300w, https:\/\/szalaparti-eger.hu\/wp-content\/uploads\/2024\/02\/kiskoros-768x576.jpg 768w, https:\/\/szalaparti-eger.hu\/wp-content\/uploads\/2024\/02\/kiskoros-1536x1152.jpg 1536w, https:\/\/szalaparti-eger.hu\/wp-content\/uploads\/2024\/02\/kiskoros.jpg 1634w\" sizes=\"(max-width: 800px) 100vw, 800px\" \/><\/p><p><img decoding=\"async\" class=\"alignnone wp-image-3733 size-full\" src=\"https:\/\/szalaparti-eger.hu\/wp-content\/uploads\/2024\/02\/kiskoros2.jpg\" alt=\"\" width=\"400\" height=\"194\" srcset=\"https:\/\/szalaparti-eger.hu\/wp-content\/uploads\/2024\/02\/kiskoros2.jpg 400w, https:\/\/szalaparti-eger.hu\/wp-content\/uploads\/2024\/02\/kiskoros2-300x146.jpg 300w\" sizes=\"(max-width: 400px) 100vw, 400px\" \/><\/p><p>\u00a0<\/p><p>\u00a0<\/p><p>Rendszeres szerepl\u0151i vagyunk a helyi \u00c9FO\u00c9SZ rendezv\u00e9nyeinek.<\/p><p><img loading=\"lazy\" decoding=\"async\" class=\"alignleft wp-image-3732 size-full\" src=\"https:\/\/szalaparti-eger.hu\/wp-content\/uploads\/2024\/02\/efoesz2.jpg\" alt=\"\" width=\"320\" height=\"240\" srcset=\"https:\/\/szalaparti-eger.hu\/wp-content\/uploads\/2024\/02\/efoesz2.jpg 320w, https:\/\/szalaparti-eger.hu\/wp-content\/uploads\/2024\/02\/efoesz2-300x225.jpg 300w\" sizes=\"(max-width: 320px) 100vw, 320px\" \/><\/p><p><img loading=\"lazy\" decoding=\"async\" class=\"alignnone wp-image-3728 size-full\" src=\"https:\/\/szalaparti-eger.hu\/wp-content\/uploads\/2024\/02\/efoesz.jpg\" alt=\"\" width=\"793\" height=\"528\" srcset=\"https:\/\/szalaparti-eger.hu\/wp-content\/uploads\/2024\/02\/efoesz.jpg 793w, https:\/\/szalaparti-eger.hu\/wp-content\/uploads\/2024\/02\/efoesz-300x200.jpg 300w, https:\/\/szalaparti-eger.hu\/wp-content\/uploads\/2024\/02\/efoesz-768x511.jpg 768w\" sizes=\"(max-width: 793px) 100vw, 793px\" \/><\/p><p>\u00a0<\/p><p>\u00a0<\/p><p>Munk\u00e1nkat seg\u00edti Zsigmond L\u00e1szl\u00f3 pedag\u00f3gus koll\u00e9g\u00e1m csod\u00e1latos heged\u0171j\u00e1t\u00e9k\u00e1val.<\/p><p><img loading=\"lazy\" decoding=\"async\" class=\"alignnone wp-image-3729 size-full\" src=\"https:\/\/szalaparti-eger.hu\/wp-content\/uploads\/2024\/02\/eke2022.jpg\" alt=\"\" width=\"2448\" height=\"1633\" srcset=\"https:\/\/szalaparti-eger.hu\/wp-content\/uploads\/2024\/02\/eke2022.jpg 2448w, https:\/\/szalaparti-eger.hu\/wp-content\/uploads\/2024\/02\/eke2022-300x200.jpg 300w, https:\/\/szalaparti-eger.hu\/wp-content\/uploads\/2024\/02\/eke2022-1024x683.jpg 1024w, https:\/\/szalaparti-eger.hu\/wp-content\/uploads\/2024\/02\/eke2022-768x512.jpg 768w, https:\/\/szalaparti-eger.hu\/wp-content\/uploads\/2024\/02\/eke2022-1536x1025.jpg 1536w, https:\/\/szalaparti-eger.hu\/wp-content\/uploads\/2024\/02\/eke2022-2048x1366.jpg 2048w\" sizes=\"(max-width: 2448px) 100vw, 2448px\" \/><\/p><p>\u00a0<\/p><p style=\"text-align: right;\">Harmati Andrea<\/p><p style=\"text-align: right;\">Szakk\u00f6rvezet\u0151<\/p><p>\u00a0<\/p>\t\t\t\t\t\t\t\t<\/div>\n\t\t\t\t<\/div>\n\t\t\t\t\t<\/div>\n\t\t\t\t<\/div>\n\t\t<div class=\"elementor-element elementor-element-ae5fb48 e-flex e-con-boxed e-con e-parent\" data-id=\"ae5fb48\" data-element_type=\"container\" data-e-type=\"container\">\n\t\t\t\t\t<div class=\"e-con-inner\">\n\t\t\t\t\t<\/div>\n\t\t\t\t<\/div>\n\t\t\t\t<\/div>","protected":false},"excerpt":{"rendered":"<p>Sz\u00ednvar\u00e1zs Csengetty\u0171zenekar Zenei fejleszt\u00e9s Ulwila tan\u00edt\u00e1si m\u00f3dszerrel \u00a0 \u00a0 A m\u0171v\u00e9szet, a zene az egyik lehets\u00e9ges m\u00f3d, mely seg\u00edt \u00e1tl\u00e9pni a hat\u00e1rokat \u00e9pek \u00e9s s\u00e9r\u00fcltek k\u00f6z\u00f6tt. Int\u00e9zm\u00e9ny\u00fcnk alapvet\u0151 pedag\u00f3giai nevel\u00e9si c\u00e9lja, hogy tanul\u00f3inkban \u00e9rdekl\u0151d\u00e9st kelts\u00fcnk a kult\u00fara, a k\u00fcl\u00f6nb\u00f6z\u0151 m\u0171v\u00e9szeti \u00e1gak ir\u00e1nt, s felhaszn\u00e1ljuk ter\u00e1pi\u00e1s fejleszt\u0151 foglalkoz\u00e1sainkon ezeket a lehet\u0151s\u00e9geket. A Sz\u00ednvar\u00e1zs Csengetty\u0171zenekar 2010-ben alakult. [&hellip;]<\/p>\n","protected":false},"author":2,"featured_media":0,"parent":0,"menu_order":0,"comment_status":"closed","ping_status":"closed","template":"elementor_header_footer","meta":{"ngg_post_thumbnail":0,"footnotes":""},"class_list":["post-737","page","type-page","status-publish","hentry"],"_links":{"self":[{"href":"https:\/\/szalaparti-eger.hu\/en\/wp-json\/wp\/v2\/pages\/737","targetHints":{"allow":["GET"]}}],"collection":[{"href":"https:\/\/szalaparti-eger.hu\/en\/wp-json\/wp\/v2\/pages"}],"about":[{"href":"https:\/\/szalaparti-eger.hu\/en\/wp-json\/wp\/v2\/types\/page"}],"author":[{"embeddable":true,"href":"https:\/\/szalaparti-eger.hu\/en\/wp-json\/wp\/v2\/users\/2"}],"replies":[{"embeddable":true,"href":"https:\/\/szalaparti-eger.hu\/en\/wp-json\/wp\/v2\/comments?post=737"}],"version-history":[{"count":19,"href":"https:\/\/szalaparti-eger.hu\/en\/wp-json\/wp\/v2\/pages\/737\/revisions"}],"predecessor-version":[{"id":3751,"href":"https:\/\/szalaparti-eger.hu\/en\/wp-json\/wp\/v2\/pages\/737\/revisions\/3751"}],"wp:attachment":[{"href":"https:\/\/szalaparti-eger.hu\/en\/wp-json\/wp\/v2\/media?parent=737"}],"curies":[{"name":"wp","href":"https:\/\/api.w.org\/{rel}","templated":true}]}}