{"id":740,"date":"2023-06-06T10:44:54","date_gmt":"2023-06-06T08:44:54","guid":{"rendered":"https:\/\/szalaparti-eger.edu.hu\/teszt\/?page_id=740"},"modified":"2025-04-10T11:35:28","modified_gmt":"2025-04-10T09:35:28","slug":"mazsorett-szakkor","status":"publish","type":"page","link":"https:\/\/szalaparti-eger.hu\/en\/mazsorett-szakkor\/","title":{"rendered":"Mazsorett szakk\u00f6r"},"content":{"rendered":"<div data-elementor-type=\"wp-page\" data-elementor-id=\"740\" class=\"elementor elementor-740\" data-elementor-post-type=\"page\">\n\t\t\t\t<div class=\"elementor-element elementor-element-11036c36 e-flex e-con-boxed e-con e-parent\" data-id=\"11036c36\" data-element_type=\"container\" data-e-type=\"container\">\n\t\t\t\t\t<div class=\"e-con-inner\">\n\t\t\t\t<div class=\"elementor-element elementor-element-341e8f40 elementor-widget elementor-widget-text-editor\" data-id=\"341e8f40\" data-element_type=\"widget\" data-e-type=\"widget\" data-widget_type=\"text-editor.default\">\n\t\t\t\t<div class=\"elementor-widget-container\">\n\t\t\t\t\t\t\t\t\t<h2 style=\"text-align: center;\">Mazsorett szakk\u00f6r<\/h2><p>A mazsorett szakk\u00f6r 2018. szeptembere \u00f3ta m\u0171k\u00f6dik. Heti 1 alkalommal pr\u00f3b\u00e1lunk az \u00e9ppen aktu\u00e1lis \u00fcnnepk\u00f6r sz\u00ednes\u00edt\u00e9s\u00e9re.<\/p><p>Az elt\u00e9r\u0151 koroszt\u00e1lyok j\u00f3l tudnak egy\u00fcttm\u0171k\u00f6dni. \u00d6r\u00f6mmel, vid\u00e1man j\u00e1rnak a foglalkoz\u00e1sra, j\u00f3 hangulatban telik a k\u00e9sz\u00fcl\u0151d\u00e9s.<\/p><p>Megm\u00e9rettet\u00e9seken sz\u00e9p eredm\u00e9nyeket \u00e9rt\u00fcnk el. Sz\u00edvesen tesz\u00fcnk eleget k\u00fcls\u0151 felk\u00e9r\u00e9seknek, ahol bemutatkozhatunk.<\/p><p>A szakk\u00f6r c\u00e9lja:<\/p><ul><li>Iskolai rendezv\u00e9nyeken m\u00e9lt\u00f3n k\u00e9pviselni int\u00e9zm\u00e9ny\u00fcnket, sz\u00ednvonalas m\u0171sorokkal iskol\u00e1nk j\u00f3 h\u00edrnev\u00e9t \u00f6regb\u00edteni.<\/li><li>A tanul\u00f3k k\u00e9pess\u00e9geinek kibontakoztat\u00e1sa, logikus gondolkod\u00e1suk, \u00f6nbizalmuk fejleszt\u00e9se.<\/li><li>A t\u00fcrelem, a figyelemkoncentr\u00e1ci\u00f3 n\u00f6vel\u00e9se, fokoz\u00e1sa.<\/li><li>A nagymozg\u00e1sok finom\u00edt\u00e1sa, mely \u00e1ltal finommotorik\u00e1juk \u00e9s gondolkod\u00e1suk fejl\u0151dik.<\/li><li>Emp\u00e1tia, meg\u00e9rt\u00e9s, szociabilit\u00e1s fokoz\u00e1sa, harmonikus szem\u00e9lyis\u00e9g kialak\u00edt\u00e1sa.<\/li><li>A kognit\u00edv k\u00e9pess\u00e9gek fejleszt\u00e9se a koreogr\u00e1fia elsaj\u00e1t\u00edt\u00e1sa \u00e9s r\u00f6gz\u00edt\u00e9se \u00e1ltal.<\/li><li>A t\u00e9ri \u00e9s id\u0151i orient\u00e1ci\u00f3 fejl\u0151d\u00e9s\u00e9nek el\u0151seg\u00edt\u00e9se a koreogr\u00e1fia \u00e1ltal.<\/li><li>Bels\u0151 hall\u00e1s kialak\u00edt\u00e1sa, \u00f6sszehangol\u00e1sa a mozg\u00e1selemekkel.<\/li><\/ul><p style=\"text-align: right;\">Szab\u00f3 \u00c9va<\/p><p style=\"text-align: right;\">szakk\u00f6rvezet\u0151<\/p><p>\u00a0<\/p>\t\t\t\t\t\t\t\t<\/div>\n\t\t\t\t<\/div>\n\t\t\t\t\t<\/div>\n\t\t\t\t<\/div>\n\t\t<div class=\"elementor-element elementor-element-520ff76 e-flex e-con-boxed e-con e-parent\" data-id=\"520ff76\" data-element_type=\"container\" data-e-type=\"container\">\n\t\t\t\t\t<div class=\"e-con-inner\">\n\t\t\t\t<div class=\"elementor-element elementor-element-22e23c0 elementor-widget elementor-widget-video\" data-id=\"22e23c0\" data-element_type=\"widget\" data-e-type=\"widget\" data-settings=\"{&quot;youtube_url&quot;:&quot;https:\\\/\\\/youtu.be\\\/z3Ss5z9IdKU&quot;,&quot;video_type&quot;:&quot;youtube&quot;,&quot;controls&quot;:&quot;yes&quot;}\" data-widget_type=\"video.default\">\n\t\t\t\t<div class=\"elementor-widget-container\">\n\t\t\t\t\t\t\t<div class=\"elementor-wrapper elementor-open-inline\">\n\t\t\t<div class=\"elementor-video\"><\/div>\t\t<\/div>\n\t\t\t\t\t\t<\/div>\n\t\t\t\t<\/div>\n\t\t\t\t\t<\/div>\n\t\t\t\t<\/div>\n\t\t<div class=\"elementor-element elementor-element-5491381 e-flex e-con-boxed e-con e-parent\" data-id=\"5491381\" data-element_type=\"container\" data-e-type=\"container\">\n\t\t\t\t\t<div class=\"e-con-inner\">\n\t\t\t\t<div class=\"elementor-element elementor-element-c1834b3 elementor-widget elementor-widget-video\" data-id=\"c1834b3\" data-element_type=\"widget\" data-e-type=\"widget\" data-settings=\"{&quot;youtube_url&quot;:&quot;https:\\\/\\\/youtu.be\\\/AJStFXA3hD0&quot;,&quot;video_type&quot;:&quot;youtube&quot;,&quot;controls&quot;:&quot;yes&quot;}\" data-widget_type=\"video.default\">\n\t\t\t\t<div class=\"elementor-widget-container\">\n\t\t\t\t\t\t\t<div class=\"elementor-wrapper elementor-open-inline\">\n\t\t\t<div class=\"elementor-video\"><\/div>\t\t<\/div>\n\t\t\t\t\t\t<\/div>\n\t\t\t\t<\/div>\n\t\t\t\t\t<\/div>\n\t\t\t\t<\/div>\n\t\t\t\t<\/div>","protected":false},"excerpt":{"rendered":"<p>Mazsorett szakk\u00f6r A mazsorett szakk\u00f6r 2018. szeptembere \u00f3ta m\u0171k\u00f6dik. Heti 1 alkalommal pr\u00f3b\u00e1lunk az \u00e9ppen aktu\u00e1lis \u00fcnnepk\u00f6r sz\u00ednes\u00edt\u00e9s\u00e9re. Az elt\u00e9r\u0151 koroszt\u00e1lyok j\u00f3l tudnak egy\u00fcttm\u0171k\u00f6dni. \u00d6r\u00f6mmel, vid\u00e1man j\u00e1rnak a foglalkoz\u00e1sra, j\u00f3 hangulatban telik a k\u00e9sz\u00fcl\u0151d\u00e9s. Megm\u00e9rettet\u00e9seken sz\u00e9p eredm\u00e9nyeket \u00e9rt\u00fcnk el. Sz\u00edvesen tesz\u00fcnk eleget k\u00fcls\u0151 felk\u00e9r\u00e9seknek, ahol bemutatkozhatunk. A szakk\u00f6r c\u00e9lja: Iskolai rendezv\u00e9nyeken m\u00e9lt\u00f3n k\u00e9pviselni int\u00e9zm\u00e9ny\u00fcnket, sz\u00ednvonalas [&hellip;]<\/p>\n","protected":false},"author":2,"featured_media":0,"parent":0,"menu_order":0,"comment_status":"closed","ping_status":"closed","template":"elementor_header_footer","meta":{"ngg_post_thumbnail":0,"footnotes":""},"class_list":["post-740","page","type-page","status-publish","hentry"],"_links":{"self":[{"href":"https:\/\/szalaparti-eger.hu\/en\/wp-json\/wp\/v2\/pages\/740","targetHints":{"allow":["GET"]}}],"collection":[{"href":"https:\/\/szalaparti-eger.hu\/en\/wp-json\/wp\/v2\/pages"}],"about":[{"href":"https:\/\/szalaparti-eger.hu\/en\/wp-json\/wp\/v2\/types\/page"}],"author":[{"embeddable":true,"href":"https:\/\/szalaparti-eger.hu\/en\/wp-json\/wp\/v2\/users\/2"}],"replies":[{"embeddable":true,"href":"https:\/\/szalaparti-eger.hu\/en\/wp-json\/wp\/v2\/comments?post=740"}],"version-history":[{"count":13,"href":"https:\/\/szalaparti-eger.hu\/en\/wp-json\/wp\/v2\/pages\/740\/revisions"}],"predecessor-version":[{"id":4621,"href":"https:\/\/szalaparti-eger.hu\/en\/wp-json\/wp\/v2\/pages\/740\/revisions\/4621"}],"wp:attachment":[{"href":"https:\/\/szalaparti-eger.hu\/en\/wp-json\/wp\/v2\/media?parent=740"}],"curies":[{"name":"wp","href":"https:\/\/api.w.org\/{rel}","templated":true}]}}