{"id":746,"date":"2023-06-06T10:55:10","date_gmt":"2023-06-06T08:55:10","guid":{"rendered":"https:\/\/szalaparti-eger.edu.hu\/teszt\/?page_id=746"},"modified":"2024-01-30T13:21:21","modified_gmt":"2024-01-30T12:21:21","slug":"sportkor-sportszakkor","status":"publish","type":"page","link":"https:\/\/szalaparti-eger.hu\/en\/sportkor-sportszakkor\/","title":{"rendered":"Sportk\u00f6r, sportszakk\u00f6r"},"content":{"rendered":"<h2 style=\"text-align: center;\">Sportk\u00f6r, sportszakk\u00f6r<\/h2>\n<p>&nbsp;<\/p>\n<p>Iskol\u00e1nkban \u00e9vek \u00f3ta m\u0171k\u00f6dik sportk\u00f6r illetve sportszakk\u00f6r. Csoportonk\u00e9nt heti egy alkalommal m\u00e1sf\u00e9l \u00f3r\u00e1ban k\u00e9sz\u00edt\u00fcnk fel tehets\u00e9ges tanul\u00f3kat k\u00fcl\u00f6nb\u00f6z\u0151 megyei szint\u0171 \u00e9s orsz\u00e1gos versenyekre. Labdar\u00fag\u00e1s, atl\u00e9tika, terematl\u00e9tika, sor-\u00e9s v\u00e1lt\u00f3verseny, floorball, torna, kos\u00e1rlabda kateg\u00f3ri\u00e1kban ind\u00edtjuk a kiv\u00e1lasztott gyermekeket. Minden versenyr\u0151l sz\u00e1mos \u00e9remmel \u00e9s helyez\u00e9ssel t\u00e9r\u00fcnk haza.<\/p>","protected":false},"excerpt":{"rendered":"<p>Sportk\u00f6r, sportszakk\u00f6r &nbsp; Iskol\u00e1nkban \u00e9vek \u00f3ta m\u0171k\u00f6dik sportk\u00f6r illetve sportszakk\u00f6r. Csoportonk\u00e9nt heti egy alkalommal m\u00e1sf\u00e9l \u00f3r\u00e1ban k\u00e9sz\u00edt\u00fcnk fel tehets\u00e9ges tanul\u00f3kat k\u00fcl\u00f6nb\u00f6z\u0151 megyei szint\u0171 \u00e9s orsz\u00e1gos versenyekre. Labdar\u00fag\u00e1s, atl\u00e9tika, terematl\u00e9tika, sor-\u00e9s v\u00e1lt\u00f3verseny, floorball, torna, kos\u00e1rlabda kateg\u00f3ri\u00e1kban ind\u00edtjuk a kiv\u00e1lasztott gyermekeket. Minden versenyr\u0151l sz\u00e1mos \u00e9remmel \u00e9s helyez\u00e9ssel t\u00e9r\u00fcnk haza.<\/p>","protected":false},"author":2,"featured_media":0,"parent":0,"menu_order":0,"comment_status":"closed","ping_status":"closed","template":"elementor_header_footer","meta":{"ngg_post_thumbnail":0,"footnotes":""},"class_list":["post-746","page","type-page","status-publish","hentry"],"_links":{"self":[{"href":"https:\/\/szalaparti-eger.hu\/en\/wp-json\/wp\/v2\/pages\/746","targetHints":{"allow":["GET"]}}],"collection":[{"href":"https:\/\/szalaparti-eger.hu\/en\/wp-json\/wp\/v2\/pages"}],"about":[{"href":"https:\/\/szalaparti-eger.hu\/en\/wp-json\/wp\/v2\/types\/page"}],"author":[{"embeddable":true,"href":"https:\/\/szalaparti-eger.hu\/en\/wp-json\/wp\/v2\/users\/2"}],"replies":[{"embeddable":true,"href":"https:\/\/szalaparti-eger.hu\/en\/wp-json\/wp\/v2\/comments?post=746"}],"version-history":[{"count":1,"href":"https:\/\/szalaparti-eger.hu\/en\/wp-json\/wp\/v2\/pages\/746\/revisions"}],"predecessor-version":[{"id":3236,"href":"https:\/\/szalaparti-eger.hu\/en\/wp-json\/wp\/v2\/pages\/746\/revisions\/3236"}],"wp:attachment":[{"href":"https:\/\/szalaparti-eger.hu\/en\/wp-json\/wp\/v2\/media?parent=746"}],"curies":[{"name":"wp","href":"https:\/\/api.w.org\/{rel}","templated":true}]}}