{"id":748,"date":"2023-06-06T10:59:40","date_gmt":"2023-06-06T08:59:40","guid":{"rendered":"https:\/\/szalaparti-eger.edu.hu\/teszt\/?page_id=748"},"modified":"2025-04-08T08:42:52","modified_gmt":"2025-04-08T06:42:52","slug":"diakonkormanyzat","status":"publish","type":"page","link":"https:\/\/szalaparti-eger.hu\/en\/diakonkormanyzat\/","title":{"rendered":"Di\u00e1k\u00f6nkorm\u00e1nyzat"},"content":{"rendered":"<h2 style=\"text-align: center;\">Di\u00e1k\u00f6nkorm\u00e1nyzat<\/h2>\n<h3 style=\"text-align: center;\">Az iskolai di\u00e1k\u00f6nkorm\u00e1nyzat kiemelt feladatai \u00e9s \u00e9ves programterve:<\/h3>\n<p>&nbsp;<\/p>\n<p>&nbsp;<\/p>\n<p>Int\u00e9zm\u00e9ny\u00fcnkben \u00e9vek \u00f3ta m\u0171k\u00f6dik di\u00e1k\u00f6nkorm\u00e1nyzat, ahol fontos feladatunknak tartjuk a k\u00f6vetkez\u0151ket:<\/p>\n<ul>\n<li>A tagok sz\u00e1m\u00e1ra lehet\u0151s\u00e9g biztos\u00edt\u00e1sa a k\u00f6z\u00e9leti tev\u00e9kenys\u00e9g elsaj\u00e1t\u00edt\u00e1s\u00e1ra, gyakorl\u00e1s\u00e1ra.<\/li>\n<li>A di\u00e1kok \u00e9rdek\u00e9nek k\u00e9pviselete.<\/li>\n<li>A hagyom\u00e1nyok \u0151rz\u00e9se, \u00e9rt\u00e9kk\u00f6zvet\u00edt\u00e9s.<\/li>\n<li>A tartalmas, sz\u00ednes di\u00e1k\u00e9let felt\u00e9teleinek megteremt\u00e9se.<\/li>\n<li>Min\u00e9l t\u00f6bb kultur\u00e1lis programon val\u00f3 r\u00e9szv\u00e9tel, illetve programok szervez\u00e9se, a szervez\u00e9sben val\u00f3 seg\u00edts\u00e9g ny\u00fajt\u00e1sa.<\/li>\n<li>Az int\u00e9zm\u00e9nyen bel\u00fcli jog\u00e9rv\u00e9nyes\u00edt\u00e9s, illetve k\u00f6teless\u00e9gteljes\u00edt\u00e9s.<\/li>\n<li>K\u00f6z\u00f6ss\u00e9g\u00e9p\u00edt\u00e9s, csoportform\u00e1l\u00e1s. Az als\u00f3sok, \u00faj tanul\u00f3k beilleszked\u00e9s\u00e9nek seg\u00edt\u00e9se, vel\u00fck val\u00f3 egy\u00fcttm\u0171k\u00f6d\u00e9s.<\/li>\n<li>D\u00d6K-i hirdet\u0151 folyamatos meg\u00faj\u00edt\u00e1sa friss h\u00edrekkel.<\/li>\n<li>A kiemelked\u0151 teljes\u00edtm\u00e9nyek jutalmaz\u00e1sa.<\/li>\n<li>\u00daj hagyom\u00e1nyok teremt\u00e9se<\/li>\n<li>Projekt l\u00e9trehoz\u00e1sa, lebonyol\u00edt\u00e1sa<\/li>\n<\/ul>\n<p>&nbsp;<\/p>\n<p>&nbsp;<\/p>\n<p>Id\u00e9n is nagyon sok sz\u00ednes programot tervez\u00fcnk, szeretn\u00e9nk ezeket bemutatni:<\/p>\n<p>&nbsp;<\/p>\n<p><strong>Szeptember<\/strong><\/p>\n<ul>\n<li>Felel\u0151s\u00f6k, k\u00fcld\u00f6ttek megv\u00e1laszt\u00e1sa, \u00e9ves programterv \u00f6ssze\u00e1ll\u00edt\u00e1sa, D\u00d6K hirdet\u0151 beind\u00edt\u00e1sa, Halloween-i projekt bemutat\u00e1sa, seg\u00edts\u00e9g k\u00e9r\u00e9se<\/li>\n<\/ul>\n<p>&nbsp;<\/p>\n<p><strong>Okt\u00f3ber<\/strong><\/p>\n<ul>\n<li>Okt\u00f3ber 6-i megeml\u00e9kez\u00e9s, s\u00fctem\u00e9ny v\u00e1s\u00e1r, halloween-i projekth\u00e9t szervez\u00e9se, lebonyol\u00edt\u00e1sa, okt\u00f3ber 23-i dekor\u00e1ci\u00f3s verseny hirdet\u00e9se \u00e9s a k\u00e9sz dekor\u00e1ci\u00f3s falak \u00e9rt\u00e9kel\u00e9se<\/li>\n<\/ul>\n<p>&nbsp;<\/p>\n<p><strong>November<\/strong><\/p>\n<ul>\n<li>Mikul\u00e1s napi el\u0151k\u00e9sz\u00fcletek, adventi el\u0151k\u00e9sz\u00fcletek<\/li>\n<\/ul>\n<p>&nbsp;<\/p>\n<p><strong>December<\/strong><\/p>\n<ul>\n<li>Mikul\u00e1s nap szervez\u00e9se, seg\u00edts\u00e9g a program lebonyol\u00edt\u00e1sban, Mikul\u00e1s napi diszk\u00f3 szervez\u00e9se, Adventi fali\u00fajs\u00e1g verseny<\/li>\n<\/ul>\n<p>&nbsp;<\/p>\n<p><strong>Janu\u00e1r<\/strong><\/p>\n<ul>\n<li>T\u00e9l k\u00f6sz\u00f6nt\u00e9se, t\u00e9li sportok gyakorl\u00e1sa, f\u00e9l\u00e9vi tanulm\u00e1nyi verseny szervez\u00e9se, lebonyol\u00edt\u00e1sa<\/li>\n<\/ul>\n<p>&nbsp;<\/p>\n<p><strong>Febru\u00e1r<\/strong><\/p>\n<ul>\n<li>Valentin napi sz\u00edv posta szervez\u00e9se, farsangi n\u00e9pszok\u00e1sok, \u00e1larck\u00e9sz\u00edt\u0151 verseny hirdet\u00e9se, \u00e9rt\u00e9kel\u00e9se<\/li>\n<\/ul>\n<p>&nbsp;<\/p>\n<p><strong>M\u00e1rcius<\/strong><\/p>\n<ul>\n<li>1848 m\u00e9teres fut\u00e1s, m\u00e1rcius 15-ei dekor\u00e1ci\u00f3s verseny hirdet\u00e9se, a dekor\u00e1ci\u00f3s falak \u00e9rt\u00e9kel\u00e9se<\/li>\n<\/ul>\n<p>&nbsp;<\/p>\n<p><strong>\u00c1prilis<\/strong><\/p>\n<ul>\n<li>H\u00fasv\u00e9ti n\u00e9pszok\u00e1sok, dekor\u00e1ci\u00f3s verseny<\/li>\n<\/ul>\n<p>&nbsp;<\/p>\n<p><strong>M\u00e1jus<\/strong><\/p>\n<ul>\n<li>J\u00e1t\u00e9kos sorverseny szervez\u00e9se, gyermeknapi programok szervez\u00e9s\u00e9nek seg\u00edt\u00e9se<\/li>\n<\/ul>\n<p>&nbsp;<\/p>\n<p><strong>J\u00fanius<\/strong><\/p>\n<ul>\n<li>Aszfaltrajzverseny, ballag\u00e1s szervez\u00e9s\u00e9nek, lebonyol\u00edt\u00e1s\u00e1nak t\u00e1mogat\u00e1sa<\/li>\n<\/ul>\n<p>&nbsp;<\/p>\n<p>&nbsp;<\/p>\n<p>&nbsp;<\/p>\n<p>&nbsp;<\/p>\n<p style=\"text-align: right;\">Orosz L\u00e1szl\u00f3<\/p>\n<p style=\"text-align: right;\">D\u00d6K patron\u00e1l\u00f3 tan\u00e1r<\/p>\n<p>&nbsp;<\/p>\n<p>A mi vid\u00e1m kis csapatunk:<\/p>","protected":false},"excerpt":{"rendered":"<p>Di\u00e1k\u00f6nkorm\u00e1nyzat Az iskolai di\u00e1k\u00f6nkorm\u00e1nyzat kiemelt feladatai \u00e9s \u00e9ves programterve: &nbsp; &nbsp; Int\u00e9zm\u00e9ny\u00fcnkben \u00e9vek \u00f3ta m\u0171k\u00f6dik di\u00e1k\u00f6nkorm\u00e1nyzat, ahol fontos feladatunknak tartjuk a k\u00f6vetkez\u0151ket: A tagok sz\u00e1m\u00e1ra lehet\u0151s\u00e9g biztos\u00edt\u00e1sa a k\u00f6z\u00e9leti tev\u00e9kenys\u00e9g elsaj\u00e1t\u00edt\u00e1s\u00e1ra, gyakorl\u00e1s\u00e1ra. A di\u00e1kok \u00e9rdek\u00e9nek k\u00e9pviselete. A hagyom\u00e1nyok \u0151rz\u00e9se, \u00e9rt\u00e9kk\u00f6zvet\u00edt\u00e9s. A tartalmas, sz\u00ednes di\u00e1k\u00e9let felt\u00e9teleinek megteremt\u00e9se. Min\u00e9l t\u00f6bb kultur\u00e1lis programon val\u00f3 r\u00e9szv\u00e9tel, illetve programok szervez\u00e9se, [&hellip;]<\/p>\n","protected":false},"author":2,"featured_media":0,"parent":0,"menu_order":0,"comment_status":"closed","ping_status":"closed","template":"elementor_header_footer","meta":{"ngg_post_thumbnail":0,"footnotes":""},"class_list":["post-748","page","type-page","status-publish","hentry"],"_links":{"self":[{"href":"https:\/\/szalaparti-eger.hu\/en\/wp-json\/wp\/v2\/pages\/748","targetHints":{"allow":["GET"]}}],"collection":[{"href":"https:\/\/szalaparti-eger.hu\/en\/wp-json\/wp\/v2\/pages"}],"about":[{"href":"https:\/\/szalaparti-eger.hu\/en\/wp-json\/wp\/v2\/types\/page"}],"author":[{"embeddable":true,"href":"https:\/\/szalaparti-eger.hu\/en\/wp-json\/wp\/v2\/users\/2"}],"replies":[{"embeddable":true,"href":"https:\/\/szalaparti-eger.hu\/en\/wp-json\/wp\/v2\/comments?post=748"}],"version-history":[{"count":2,"href":"https:\/\/szalaparti-eger.hu\/en\/wp-json\/wp\/v2\/pages\/748\/revisions"}],"predecessor-version":[{"id":4427,"href":"https:\/\/szalaparti-eger.hu\/en\/wp-json\/wp\/v2\/pages\/748\/revisions\/4427"}],"wp:attachment":[{"href":"https:\/\/szalaparti-eger.hu\/en\/wp-json\/wp\/v2\/media?parent=748"}],"curies":[{"name":"wp","href":"https:\/\/api.w.org\/{rel}","templated":true}]}}